{"id":5112,"date":"2025-11-19T14:34:12","date_gmt":"2025-11-19T18:34:12","guid":{"rendered":"https:\/\/curacao-sea-aquarium.com\/?page_id=5112"},"modified":"2025-11-19T14:35:27","modified_gmt":"2025-11-19T18:35:27","slug":"promocoes-descontos","status":"publish","type":"page","link":"https:\/\/curacao-sea-aquarium.com\/pt-br\/promocoes-descontos\/","title":{"rendered":"Promo\u00e7\u00f5es &#038; Descontos"},"content":{"rendered":"<section class=\"wpb-content-wrapper\"><p>[vc_row el_class=&#8221;book-btn-row&#8221;][vc_column][vc_btn title=&#8221;Reserve agora&#8221; align=&#8221;center&#8221; link=&#8221;url:https%3A%2F%2Fbook.peek.com%2Fs%2F8c37114c-9c60-4163-9690-d637ba5bf3f8%2FeLpgP|||&#8221; el_class=&#8221;subheader_book-btn&#8221;][\/vc_column][\/vc_row][vc_section el_class=&#8221;top-experiences-section&#8221;][vc_row][vc_column width=&#8221;1\/2&#8243;][vc_empty_space height=&#8221;5px&#8221; el_class=&#8221;mobile_space&#8221;][vc_custom_heading text=&#8221;Promo\u00e7\u00f5es &amp; Descontos&#8221; font_container=&#8221;tag:h2|font_size:41px|text_align:left|color:%23202020&#8243; use_theme_fonts=&#8221;yes&#8221;][vc_column_text]Durante todo o ano, oferecemos promo\u00e7\u00f5es especiais e \u00f3timos descontos nas nossas experi\u00eancias. Visite-nos regularmente para n\u00e3o perder nada! Sempre que houver uma promo\u00e7\u00e3o ativa, ela estar\u00e1 listada no menu em\u00a0<b>\u201cPromo\u00e7\u00f5es\u201d<\/b>.[\/vc_column_text][vc_empty_space height=&#8221;30px&#8221; el_class=&#8221;mobile_space&#8221;][\/vc_column][vc_column width=&#8221;1\/2&#8243;][vc_single_image image=&#8221;1324&#8243; img_size=&#8221;full&#8221;][vc_row_inner disable_element=&#8221;yes&#8221;][vc_column_inner width=&#8221;1\/6&#8243;][\/vc_column_inner][vc_column_inner width=&#8221;2\/3&#8243; css=&#8221;.vc_custom_1583384462870{margin-top: -100px !important;}&#8221;][vc_column_inner width=&#8221;1\/6&#8243;][\/vc_column_inner][\/vc_column_inner][\/vc_row_inner][\/vc_column][\/vc_row][\/vc_section][vc_section full_width=&#8221;stretch_row&#8221; el_class=&#8221;experience_section&#8221; css=&#8221;.vc_custom_1575358638589{padding-top: 50px !important;background-color: #f4f3f3 !important;}&#8221;][vc_row el_class=&#8221;experience_row&#8221;][vc_column][vc_custom_heading text=&#8221;mais experi\u00eancias&#8221; font_container=&#8221;tag:h2|text_align:left|color:%23202020&#8243; use_theme_fonts=&#8221;yes&#8221;][vc_row_inner css=&#8221;.vc_custom_1579669171062{margin-bottom: 0px !important;padding-top: 30px !important;}&#8221; el_class=&#8221;tab_sm_grid&#8221;][vc_column_inner width=&#8221;5\/6&#8243;][vc_column_text]<div class='white' style='background:rgb(243, 243, 243); border:solid 0px rgb(240, 240, 240); border-radius:5px; padding:0px 0px 0px 0px;'>\n<div id='sample_slider' class='owl-carousel sa_owl_theme autohide-arrows' data-slider-id='sample_slider' style='visibility:hidden;'>\n<div id='sample_slider_slide01' class='sa_hover_container' style='padding:15% 10%; margin:0px 3%; background-image:url(&quot;https:\/\/curacao-sea-aquarium.com\/wp-content\/uploads\/2022\/02\/aquarium2-3.png&quot;); background-position:left top; background-size:cover; background-repeat:no-repeat; background-color:rgb(255, 255, 255); '><div class=\"exp_box\">\r\n<div class=\"exp_content\">\r\n<h2><a href=\"\/curacao-sea-aquarium\/\">Cura\u00e7ao Sea Aquarium<\/a><\/h2>\r\n<p><a href=\"\/curacao-sea-aquarium\/\">Besides the various aquaria, you can help us feed sharks, flamingos and lobsters or enjoy exciting Dolphin Demonstrations.<\/a><\/p>\r\n<a class=\"button\" href=\"https:\/\/www.peek.com\/s\/8c37114c-9c60-4163-9690-d637ba5bf3f8\/VaDzo\" data-button-text=\"Book Now\">Book Now<\/a><\/div>\r\n<\/div><\/div>\n<div id='sample_slider_slide02' class='sa_hover_container' style='padding:15% 10%; margin:0px 3%; background-image:url(&quot;https:\/\/curacao-sea-aquarium.com\/wp-content\/uploads\/2022\/02\/ocean-lens2-1.png&quot;); background-position:left top; background-size:cover; background-repeat:no-repeat; background-color:rgb(255, 255, 255); '><div class=\"exp_box\">\r\n<div class=\"exp_content\">\r\n<h2><a href=\"\/ocean-lens\/\">Ocean Lens<\/a><\/h2>\r\n<p><a href=\"\/ocean-lens\/\">Witness all the wonders and colors of Cura\u00e7ao\u2019s sea life in our Ocean Lens experience without ever getting wet.<\/a><\/p>\r\n<a class=\"button\" href=\"https:\/\/www.peek.com\/s\/8c37114c-9c60-4163-9690-d637ba5bf3f8\/wXxZe\" data-button-text=\"Book Now\">Book Now <\/a><\/div>\r\n<\/div><\/div>\n<\/div>\n<\/div>\n<script type='text\/javascript'>\n\tdocument.addEventListener('DOMContentLoaded', function() {\n\t\tjQuery('#sample_slider').owlCarousel({\n\t\t\tresponsive:{\n\t\t\t\t0:{ items:1 },\n\t\t\t\t480:{ items:2 },\n\t\t\t\t768:{ items:2 },\n\t\t\t\t980:{ items:2 },\n\t\t\t\t1200:{ items:2 },\n\t\t\t\t1500:{ items:2 }\n\t\t\t},\n\t\t\tautoplay : false,\n\t\t\tautoplayHoverPause : false,\n\t\t\tsmartSpeed : 0,\n\t\t\tfluidSpeed : 0,\n\t\t\tautoplaySpeed : 0,\n\t\t\tnavSpeed : 0,\n\t\t\tdotsSpeed : 0,\n\t\t\tloop : true,\n\t\t\tnav : true,\n\t\t\tnavText : ['Previous','Next'],\n\t\t\tdots : false,\n\t\t\tresponsiveRefreshRate : 200,\n\t\t\tslideBy : 1,\n\t\t\tmergeFit : true,\n\t\t\tautoHeight : true,\n\t\t\tmouseDrag : true,\n\t\t\ttouchDrag : true\n\t\t});\n\t\tjQuery('#sample_slider').css('visibility', 'visible');\n\t\tsa_resize_sample_slider();\n\t\twindow.addEventListener('resize', sa_resize_sample_slider);\n\t\tfunction sa_resize_sample_slider() {\n\t\t\tvar min_height = '50';\n\t\t\tvar win_width = jQuery(window).width();\n\t\t\tvar slider_width = jQuery('#sample_slider').width();\n\t\t\tif (win_width < 480) {\n\t\t\t\tvar slide_width = slider_width \/ 1;\n\t\t\t} else if (win_width < 768) {\n\t\t\t\tvar slide_width = slider_width \/ 2;\n\t\t\t} else if (win_width < 980) {\n\t\t\t\tvar slide_width = slider_width \/ 2;\n\t\t\t} else if (win_width < 1200) {\n\t\t\t\tvar slide_width = slider_width \/ 2;\n\t\t\t} else if (win_width < 1500) {\n\t\t\t\tvar slide_width = slider_width \/ 2;\n\t\t\t} else {\n\t\t\t\tvar slide_width = slider_width \/ 2;\n\t\t\t}\n\t\t\tslide_width = Math.round(slide_width);\n\t\t\tvar slide_height = '0';\n\t\t\tif (min_height == 'aspect43') {\n\t\t\t\tslide_height = (slide_width \/ 4) * 3;\t\t\t\tslide_height = Math.round(slide_height);\n\t\t\t} else if (min_height == 'aspect169') {\n\t\t\t\tslide_height = (slide_width \/ 16) * 9;\t\t\t\tslide_height = Math.round(slide_height);\n\t\t\t} else {\n\t\t\t\tslide_height = (slide_width \/ 100) * min_height;\t\t\t\tslide_height = Math.round(slide_height);\n\t\t\t}\n\t\t\tjQuery('#sample_slider .owl-item .sa_hover_container').css('min-height', slide_height+'px');\n\t\t}\n\t\tvar owl_goto = jQuery('#sample_slider');\n\t\tjQuery('.sample_slider_goto1').click(function(event){\n\t\t\towl_goto.trigger('to.owl.carousel', 0);\n\t\t});\n\t\tjQuery('.sample_slider_goto2').click(function(event){\n\t\t\towl_goto.trigger('to.owl.carousel', 1);\n\t\t});\n\t\tvar resize_1086 = jQuery('.owl-carousel');\n\t\tresize_1086.on('initialized.owl.carousel', function(e) {\n\t\t\tif (typeof(Event) === 'function') {\n\t\t\t\twindow.dispatchEvent(new Event('resize'));\n\t\t\t} else {\n\t\t\t\tvar evt = window.document.createEvent('UIEvents');\n\t\t\t\tevt.initUIEvent('resize', true, false, window, 0);\n\t\t\t\twindow.dispatchEvent(evt);\n\t\t\t}\n\t\t});\n\t});\n<\/script>\n[\/vc_column_text][\/vc_column_inner][vc_column_inner width=&#8221;1\/6&#8243;][\/vc_column_inner][\/vc_row_inner][\/vc_column][\/vc_row][\/vc_section][vc_row full_width=&#8221;stretch_row_content_no_spaces&#8221; el_class=&#8221;mobile_wave&#8221;][vc_column][vc_single_image image=&#8221;501&#8243; img_size=&#8221;full&#8221; css=&#8221;.vc_custom_1576224058866{margin-bottom: -35px !important;}&#8221;][\/vc_column][\/vc_row]<\/p>\n<\/section>","protected":false},"excerpt":{"rendered":"<p>[vc_row el_class=&#8221;book-btn-row&#8221;][vc_column][vc_btn title=&#8221;Reserve agora&#8221; align=&#8221;center&#8221; link=&#8221;url:https%3A%2F%2Fbook.peek.com%2Fs%2F8c37114c-9c60-4163-9690-d637ba5bf3f8%2FeLpgP|||&#8221; el_class=&#8221;subheader_book-btn&#8221;][\/vc_column][\/vc_row][vc_section el_class=&#8221;top-experiences-section&#8221;][vc_row][vc_column width=&#8221;1\/2&#8243;][vc_empty_space height=&#8221;5px&#8221; el_class=&#8221;mobile_space&#8221;][vc_custom_heading text=&#8221;Promo\u00e7\u00f5es &amp; Descontos&#8221; font_container=&#8221;tag:h2|font_size:41px|text_align:left|color:%23202020&#8243; use_theme_fonts=&#8221;yes&#8221;][vc_column_text]Durante todo o ano, oferecemos promo\u00e7\u00f5es especiais e \u00f3timos descontos nas<span class=\"excerpt-hellip\"> [\u2026]<\/span><\/p>\n","protected":false},"author":39,"featured_media":0,"parent":0,"menu_order":0,"comment_status":"closed","ping_status":"closed","template":"","meta":{"footnotes":"","_wp_rev_ctl_limit":""},"class_list":["post-5112","page","type-page","status-publish","hentry"],"yoast_head":"<!-- This site is optimized with the Yoast SEO plugin v27.5 - https:\/\/yoast.com\/product\/yoast-seo-wordpress\/ -->\n<title>Promo\u00e7\u00f5es &#038; Descontos - Curacao Sea Aquarium<\/title>\n<meta name=\"robots\" content=\"index, follow, max-snippet:-1, max-image-preview:large, max-video-preview:-1\" \/>\n<link rel=\"canonical\" href=\"https:\/\/curacao-sea-aquarium.com\/pt-br\/promocoes-descontos\/\" \/>\n<meta property=\"og:locale\" content=\"pt_BR\" \/>\n<meta property=\"og:type\" content=\"article\" \/>\n<meta property=\"og:title\" content=\"Promo\u00e7\u00f5es &#038; Descontos - Curacao Sea Aquarium\" \/>\n<meta property=\"og:description\" content=\"[vc_row el_class=&#8221;book-btn-row&#8221;][vc_column][vc_btn title=&#8221;Reserve agora&#8221; align=&#8221;center&#8221; link=&#8221;url:https%3A%2F%2Fbook.peek.com%2Fs%2F8c37114c-9c60-4163-9690-d637ba5bf3f8%2FeLpgP|||&#8221; el_class=&#8221;subheader_book-btn&#8221;][\/vc_column][\/vc_row][vc_section el_class=&#8221;top-experiences-section&#8221;][vc_row][vc_column width=&#8221;1\/2&#8243;][vc_empty_space height=&#8221;5px&#8221; el_class=&#8221;mobile_space&#8221;][vc_custom_heading text=&#8221;Promo\u00e7\u00f5es &amp; Descontos&#8221; font_container=&#8221;tag:h2|font_size:41px|text_align:left|color:%23202020&#8243; use_theme_fonts=&#8221;yes&#8221;][vc_column_text]Durante todo o ano, oferecemos promo\u00e7\u00f5es especiais e \u00f3timos descontos nas [\u2026]\" \/>\n<meta property=\"og:url\" content=\"https:\/\/curacao-sea-aquarium.com\/pt-br\/promocoes-descontos\/\" \/>\n<meta property=\"og:site_name\" content=\"Curacao Sea Aquarium\" \/>\n<meta property=\"article:modified_time\" content=\"2025-11-19T18:35:27+00:00\" \/>\n<meta name=\"twitter:card\" content=\"summary_large_image\" \/>\n<meta name=\"twitter:label1\" content=\"Est. tempo de leitura\" \/>\n\t<meta name=\"twitter:data1\" content=\"1 minuto\" \/>\n<script type=\"application\/ld+json\" class=\"yoast-schema-graph\">{\"@context\":\"https:\\\/\\\/schema.org\",\"@graph\":[{\"@type\":\"WebPage\",\"@id\":\"https:\\\/\\\/curacao-sea-aquarium.com\\\/pt-br\\\/promocoes-descontos\\\/\",\"url\":\"https:\\\/\\\/curacao-sea-aquarium.com\\\/pt-br\\\/promocoes-descontos\\\/\",\"name\":\"Promo\u00e7\u00f5es &#038; Descontos - Curacao Sea Aquarium\",\"isPartOf\":{\"@id\":\"https:\\\/\\\/curacao-sea-aquarium.com\\\/pt-br\\\/#website\"},\"datePublished\":\"2025-11-19T18:34:12+00:00\",\"dateModified\":\"2025-11-19T18:35:27+00:00\",\"breadcrumb\":{\"@id\":\"https:\\\/\\\/curacao-sea-aquarium.com\\\/pt-br\\\/promocoes-descontos\\\/#breadcrumb\"},\"inLanguage\":\"pt-BR\",\"potentialAction\":[{\"@type\":\"ReadAction\",\"target\":[\"https:\\\/\\\/curacao-sea-aquarium.com\\\/pt-br\\\/promocoes-descontos\\\/\"]}]},{\"@type\":\"BreadcrumbList\",\"@id\":\"https:\\\/\\\/curacao-sea-aquarium.com\\\/pt-br\\\/promocoes-descontos\\\/#breadcrumb\",\"itemListElement\":[{\"@type\":\"ListItem\",\"position\":1,\"name\":\"Home\",\"item\":\"https:\\\/\\\/curacao-sea-aquarium.com\\\/pt-br\\\/\"},{\"@type\":\"ListItem\",\"position\":2,\"name\":\"Promo\u00e7\u00f5es &#038; Descontos\"}]},{\"@type\":\"WebSite\",\"@id\":\"https:\\\/\\\/curacao-sea-aquarium.com\\\/pt-br\\\/#website\",\"url\":\"https:\\\/\\\/curacao-sea-aquarium.com\\\/pt-br\\\/\",\"name\":\"Curacao Sea Aquarium\",\"description\":\"Curacao Sea Aquarium\",\"potentialAction\":[{\"@type\":\"SearchAction\",\"target\":{\"@type\":\"EntryPoint\",\"urlTemplate\":\"https:\\\/\\\/curacao-sea-aquarium.com\\\/pt-br\\\/?s={search_term_string}\"},\"query-input\":{\"@type\":\"PropertyValueSpecification\",\"valueRequired\":true,\"valueName\":\"search_term_string\"}}],\"inLanguage\":\"pt-BR\"}]}<\/script>\n<!-- \/ Yoast SEO plugin. -->","yoast_head_json":{"title":"Promo\u00e7\u00f5es &#038; Descontos - Curacao Sea Aquarium","robots":{"index":"index","follow":"follow","max-snippet":"max-snippet:-1","max-image-preview":"max-image-preview:large","max-video-preview":"max-video-preview:-1"},"canonical":"https:\/\/curacao-sea-aquarium.com\/pt-br\/promocoes-descontos\/","og_locale":"pt_BR","og_type":"article","og_title":"Promo\u00e7\u00f5es &#038; Descontos - Curacao Sea Aquarium","og_description":"[vc_row el_class=&#8221;book-btn-row&#8221;][vc_column][vc_btn title=&#8221;Reserve agora&#8221; align=&#8221;center&#8221; link=&#8221;url:https%3A%2F%2Fbook.peek.com%2Fs%2F8c37114c-9c60-4163-9690-d637ba5bf3f8%2FeLpgP|||&#8221; el_class=&#8221;subheader_book-btn&#8221;][\/vc_column][\/vc_row][vc_section el_class=&#8221;top-experiences-section&#8221;][vc_row][vc_column width=&#8221;1\/2&#8243;][vc_empty_space height=&#8221;5px&#8221; el_class=&#8221;mobile_space&#8221;][vc_custom_heading text=&#8221;Promo\u00e7\u00f5es &amp; Descontos&#8221; font_container=&#8221;tag:h2|font_size:41px|text_align:left|color:%23202020&#8243; use_theme_fonts=&#8221;yes&#8221;][vc_column_text]Durante todo o ano, oferecemos promo\u00e7\u00f5es especiais e \u00f3timos descontos nas [\u2026]","og_url":"https:\/\/curacao-sea-aquarium.com\/pt-br\/promocoes-descontos\/","og_site_name":"Curacao Sea Aquarium","article_modified_time":"2025-11-19T18:35:27+00:00","twitter_card":"summary_large_image","twitter_misc":{"Est. tempo de leitura":"1 minuto"},"schema":{"@context":"https:\/\/schema.org","@graph":[{"@type":"WebPage","@id":"https:\/\/curacao-sea-aquarium.com\/pt-br\/promocoes-descontos\/","url":"https:\/\/curacao-sea-aquarium.com\/pt-br\/promocoes-descontos\/","name":"Promo\u00e7\u00f5es &#038; Descontos - Curacao Sea Aquarium","isPartOf":{"@id":"https:\/\/curacao-sea-aquarium.com\/pt-br\/#website"},"datePublished":"2025-11-19T18:34:12+00:00","dateModified":"2025-11-19T18:35:27+00:00","breadcrumb":{"@id":"https:\/\/curacao-sea-aquarium.com\/pt-br\/promocoes-descontos\/#breadcrumb"},"inLanguage":"pt-BR","potentialAction":[{"@type":"ReadAction","target":["https:\/\/curacao-sea-aquarium.com\/pt-br\/promocoes-descontos\/"]}]},{"@type":"BreadcrumbList","@id":"https:\/\/curacao-sea-aquarium.com\/pt-br\/promocoes-descontos\/#breadcrumb","itemListElement":[{"@type":"ListItem","position":1,"name":"Home","item":"https:\/\/curacao-sea-aquarium.com\/pt-br\/"},{"@type":"ListItem","position":2,"name":"Promo\u00e7\u00f5es &#038; Descontos"}]},{"@type":"WebSite","@id":"https:\/\/curacao-sea-aquarium.com\/pt-br\/#website","url":"https:\/\/curacao-sea-aquarium.com\/pt-br\/","name":"Curacao Sea Aquarium","description":"Curacao Sea Aquarium","potentialAction":[{"@type":"SearchAction","target":{"@type":"EntryPoint","urlTemplate":"https:\/\/curacao-sea-aquarium.com\/pt-br\/?s={search_term_string}"},"query-input":{"@type":"PropertyValueSpecification","valueRequired":true,"valueName":"search_term_string"}}],"inLanguage":"pt-BR"}]}},"jetpack_sharing_enabled":true,"_links":{"self":[{"href":"https:\/\/curacao-sea-aquarium.com\/pt-br\/wp-json\/wp\/v2\/pages\/5112","targetHints":{"allow":["GET"]}}],"collection":[{"href":"https:\/\/curacao-sea-aquarium.com\/pt-br\/wp-json\/wp\/v2\/pages"}],"about":[{"href":"https:\/\/curacao-sea-aquarium.com\/pt-br\/wp-json\/wp\/v2\/types\/page"}],"author":[{"embeddable":true,"href":"https:\/\/curacao-sea-aquarium.com\/pt-br\/wp-json\/wp\/v2\/users\/39"}],"replies":[{"embeddable":true,"href":"https:\/\/curacao-sea-aquarium.com\/pt-br\/wp-json\/wp\/v2\/comments?post=5112"}],"version-history":[{"count":3,"href":"https:\/\/curacao-sea-aquarium.com\/pt-br\/wp-json\/wp\/v2\/pages\/5112\/revisions"}],"predecessor-version":[{"id":5114,"href":"https:\/\/curacao-sea-aquarium.com\/pt-br\/wp-json\/wp\/v2\/pages\/5112\/revisions\/5114"}],"wp:attachment":[{"href":"https:\/\/curacao-sea-aquarium.com\/pt-br\/wp-json\/wp\/v2\/media?parent=5112"}],"curies":[{"name":"wp","href":"https:\/\/api.w.org\/{rel}","templated":true}]}}