{"id":4586,"date":"2020-01-22T09:33:55","date_gmt":"2020-01-22T09:33:55","guid":{"rendered":"https:\/\/curacao-sea-aquarium.com\/research\/"},"modified":"2025-02-21T15:57:08","modified_gmt":"2025-02-21T19:57:08","slug":"pesquisa","status":"publish","type":"page","link":"https:\/\/curacao-sea-aquarium.com\/pt-br\/pesquisa\/","title":{"rendered":"Pesquisa"},"content":{"rendered":"<section class=\"wpb-content-wrapper\"><p>[vc_section el_class=&#8221;top-experiences-section&#8221;][vc_row][vc_column width=&#8221;5\/6&#8243;][vc_empty_space height=&#8221;10px&#8221;][vc_custom_heading text=&#8221;Instala\u00e7\u00e3o de Pesquisa&#8221; font_container=&#8221;tag:h2|text_align:left|color:%23202020&#8243; use_theme_fonts=&#8221;yes&#8221;][vc_column_text]<\/p>\n<div class=\"page_content\">\n<p>O Aqu\u00e1rio Marinho de Cura\u00e7ao continua a abrir suas portas para pesquisa e estudo de toda a biodiversidade marinha. Durante a \u00faltima d\u00e9cada, investimos na expans\u00e3o de nossas instala\u00e7\u00f5es e \u00e1reas de laborat\u00f3rio para permitir que diversas universidades, institui\u00e7\u00f5es e funda\u00e7\u00f5es realizem projetos de pesquisa variados em nossa localiza\u00e7\u00e3o. Isso atraiu institui\u00e7\u00f5es renomadas como o Smithsonian Institution, Naturalis, IMARES e SECORE, entre outras.<\/p>\n<p>Em outro n\u00edvel de pesquisa, v\u00e1rios estudantes universit\u00e1rios desenvolvem projetos de pesquisa em pequena escala durante seus per\u00edodos de est\u00e1gio nas instala\u00e7\u00f5es. Esses projetos permitem que nossos jovens profissionais vivenciem o planejamento, o design e a execu\u00e7\u00e3o de diferentes t\u00e9cnicas de pesquisa.<\/p>\n<\/div>\n<p>[\/vc_column_text][\/vc_column][vc_column width=&#8221;1\/6&#8243;][\/vc_column][\/vc_row][vc_row full_width=&#8221;stretch_row_content_no_spaces&#8221; el_class=&#8221;desktop_wave&#8221; css=&#8221;.vc_custom_1582085524793{margin-bottom: -35px !important;}&#8221;][vc_column][vc_single_image image=&#8221;1151&#8243; img_size=&#8221;full&#8221; css=&#8221;.vc_custom_1582085424026{margin-bottom: 0px !important;padding-bottom: 0px !important;}&#8221;][\/vc_column][\/vc_row][vc_row full_width=&#8221;stretch_row&#8221; css=&#8221;.vc_custom_1582085211451{background-color: #f4f2f2 !important;}&#8221;][vc_column width=&#8221;1\/12&#8243;][\/vc_column][vc_column width=&#8221;5\/6&#8243;][vc_empty_space height=&#8221;10px&#8221; el_class=&#8221;mobile_space&#8221;][vc_row_inner][vc_column_inner el_class=&#8221;research_box_container f-img-gap&#8221; width=&#8221;5\/12&#8243; css=&#8221;.vc_custom_1588975844164{background-image: url(https:\/\/curacao-sea-aquarium.com\/wp-content\/uploads\/2020\/01\/SUB_6653.jpg?id=812) !important;background-position: center !important;background-repeat: no-repeat !important;background-size: cover !important;border-radius: 10px !important;}&#8221;][vc_column_text]<\/p>\n<div class=\"research_box\">\n<div class=\"research_box_content\">\n<h2>Pesquisa Marinha<\/h2>\n<p><a class=\"vc_general vc_btn3 vc_btn3-size-md vc_btn3-shape-rounded vc_btn3-style-modern vc_btn3-color-grey\" href=\"https:\/\/curacao-sea-aquarium.com\/pt-br\/pesquisa\/pesquisa-marinha\/\">Saiba Mais<br \/>\n<\/a><\/p>\n<\/div>\n<\/div>\n<p>[\/vc_column_text][\/vc_column_inner][vc_column_inner width=&#8221;1\/6&#8243;][\/vc_column_inner][vc_column_inner el_class=&#8221;research_box_container&#8221; width=&#8221;5\/12&#8243; css=&#8221;.vc_custom_1580273799717{background-image: url(https:\/\/curacao-sea-aquarium.com\/wp-content\/uploads\/2020\/01\/research.jpg?id=1045) !important;background-position: center !important;background-repeat: no-repeat !important;background-size: cover !important;border-radius: 10px !important;}&#8221;][vc_column_text]<\/p>\n<div class=\"research_box\">\n<div class=\"research_box_content\">\n<h2>Instala\u00e7\u00e3o de Pesquisa<\/h2>\n<p><a class=\"vc_general vc_btn3 vc_btn3-size-md vc_btn3-shape-rounded vc_btn3-style-modern vc_btn3-color-grey\" href=\"https:\/\/curacao-sea-aquarium.com\/pt-br\/pesquisa\/instalacao-de-pesquisa\/\">Saiba Mais<\/a><\/p>\n<\/div>\n<\/div>\n<p>[\/vc_column_text][\/vc_column_inner][\/vc_row_inner][vc_empty_space height=&#8221;10px&#8221; el_class=&#8221;mobile_space&#8221;][\/vc_column][vc_column width=&#8221;1\/12&#8243;][\/vc_column][\/vc_row][\/vc_section][vc_section disable_element=&#8221;yes&#8221; el_class=&#8221;price_section price-mob-view&#8221;][vc_row][vc_column width=&#8221;1\/2&#8243; el_class=&#8221;list_items&#8221;][vc_custom_heading text=&#8221;Good to know&#8221; font_container=&#8221;tag:h2|text_align:left|color:%23202020&#8243; use_theme_fonts=&#8221;yes&#8221;][vc_empty_space height=&#8221;&#8221;][vc_column_text]<\/p>\n<ul>\n<li>Lorem ipsum dolor sit amet consectetur adipiscing elitNullam condimentum<\/li>\n<li>Ut tincidunt nibh. Maecenas quam leo, auctor sed faucibus at, aliquam eu nisl. Praesent non fringilla ligula. Integer nibh urna.<\/li>\n<li>Eutrum vitae pharetra vitae, gravida et velit. Praesent eget neque vitae dolor iaculis hendrerit id eget est.<\/li>\n<li>Phasellus at vestibulum turpis. Morbi a felis aliquet, euismod turpis at, hendrerit nisl.<\/li>\n<li>Vivamus sollicitudin sed justo ac imperdiet.<\/li>\n<li>Mauris sollicitudin leo nec felis mattis, quis ultricies tellus sagittis.<\/li>\n<li>Donec vitae ligula non turpis tincidunt pulvinar. Vestibulum nec nunc est.<\/li>\n<\/ul>\n<p>[\/vc_column_text][vc_empty_space height=&#8221;10px&#8221;][\/vc_column][vc_column width=&#8221;1\/2&#8243;][vc_row_inner][vc_column_inner width=&#8221;1\/2&#8243;][vc_column_text]<\/p>\n<div class=\"price_circle circle_1\">\n<div class=\"price_content\">\n<div class=\"top_heading\">Ages 1 &#8211; 4<\/div>\n<div class=\"price\"><small class=\"c-sign\">$<\/small>50<small class=\"c-sign\">,00<\/small><\/div>\n<p><a href=\"#\">Book Now<\/a><\/p>\n<\/div>\n<\/div>\n<p>[\/vc_column_text][\/vc_column_inner][vc_column_inner width=&#8221;1\/2&#8243;][vc_column_text]<\/p>\n<div class=\"price_circle circle_2\">\n<div class=\"price_content\">\n<div class=\"top_heading\">5 year +<\/div>\n<div class=\"price\"><small class=\"c-sign\">$<\/small>99<small class=\"c-sign\">,00<\/small><\/div>\n<p><a href=\"#\">Book Now<\/a><\/p>\n<\/div>\n<\/div>\n<p>[\/vc_column_text][\/vc_column_inner][\/vc_row_inner][\/vc_column][\/vc_row][\/vc_section]<\/p>\n<\/section>","protected":false},"excerpt":{"rendered":"<p>[vc_section el_class=&#8221;top-experiences-section&#8221;][vc_row][vc_column width=&#8221;5\/6&#8243;][vc_empty_space height=&#8221;10px&#8221;][vc_custom_heading text=&#8221;Instala\u00e7\u00e3o de Pesquisa&#8221; font_container=&#8221;tag:h2|text_align:left|color:%23202020&#8243; use_theme_fonts=&#8221;yes&#8221;][vc_column_text] O Aqu\u00e1rio Marinho de Cura\u00e7ao continua a abrir suas portas para pesquisa e estudo de toda a<span class=\"excerpt-hellip\"> [\u2026]<\/span><\/p>\n","protected":false},"author":25,"featured_media":0,"parent":0,"menu_order":0,"comment_status":"closed","ping_status":"open","template":"","meta":{"footnotes":"","_wp_rev_ctl_limit":""},"class_list":["post-4586","page","type-page","status-publish","hentry"],"yoast_head":"<!-- This site is optimized with the Yoast SEO plugin v27.5 - https:\/\/yoast.com\/product\/yoast-seo-wordpress\/ -->\n<title>Research | Cura\u00e7ao Sea Aquarium<\/title>\n<meta name=\"description\" content=\"We provide our facility and laboratory to universities, institutions and foundations to perform diverse research projects.\" \/>\n<meta name=\"robots\" content=\"index, follow, max-snippet:-1, max-image-preview:large, max-video-preview:-1\" \/>\n<link rel=\"canonical\" href=\"https:\/\/curacao-sea-aquarium.com\/pt-br\/pesquisa\/\" \/>\n<meta property=\"og:locale\" content=\"pt_BR\" \/>\n<meta property=\"og:type\" content=\"article\" \/>\n<meta property=\"og:title\" content=\"Research | Cura\u00e7ao Sea Aquarium\" \/>\n<meta property=\"og:description\" content=\"We provide our facility and laboratory to universities, institutions and foundations to perform diverse research projects.\" \/>\n<meta property=\"og:url\" content=\"https:\/\/curacao-sea-aquarium.com\/pt-br\/pesquisa\/\" \/>\n<meta property=\"og:site_name\" content=\"Curacao Sea Aquarium\" \/>\n<meta property=\"article:modified_time\" content=\"2025-02-21T19:57:08+00:00\" \/>\n<meta name=\"twitter:card\" content=\"summary_large_image\" \/>\n<meta name=\"twitter:label1\" content=\"Est. tempo de leitura\" \/>\n\t<meta name=\"twitter:data1\" content=\"2 minutos\" \/>\n<script type=\"application\/ld+json\" class=\"yoast-schema-graph\">{\"@context\":\"https:\\\/\\\/schema.org\",\"@graph\":[{\"@type\":\"WebPage\",\"@id\":\"https:\\\/\\\/curacao-sea-aquarium.com\\\/pt-br\\\/pesquisa\\\/\",\"url\":\"https:\\\/\\\/curacao-sea-aquarium.com\\\/pt-br\\\/pesquisa\\\/\",\"name\":\"Research | Cura\u00e7ao Sea Aquarium\",\"isPartOf\":{\"@id\":\"https:\\\/\\\/curacao-sea-aquarium.com\\\/pt-br\\\/#website\"},\"datePublished\":\"2020-01-22T09:33:55+00:00\",\"dateModified\":\"2025-02-21T19:57:08+00:00\",\"description\":\"We provide our facility and laboratory to universities, institutions and foundations to perform diverse research projects.\",\"breadcrumb\":{\"@id\":\"https:\\\/\\\/curacao-sea-aquarium.com\\\/pt-br\\\/pesquisa\\\/#breadcrumb\"},\"inLanguage\":\"pt-BR\",\"potentialAction\":[{\"@type\":\"ReadAction\",\"target\":[\"https:\\\/\\\/curacao-sea-aquarium.com\\\/pt-br\\\/pesquisa\\\/\"]}]},{\"@type\":\"BreadcrumbList\",\"@id\":\"https:\\\/\\\/curacao-sea-aquarium.com\\\/pt-br\\\/pesquisa\\\/#breadcrumb\",\"itemListElement\":[{\"@type\":\"ListItem\",\"position\":1,\"name\":\"Home\",\"item\":\"https:\\\/\\\/curacao-sea-aquarium.com\\\/pt-br\\\/\"},{\"@type\":\"ListItem\",\"position\":2,\"name\":\"Pesquisa\"}]},{\"@type\":\"WebSite\",\"@id\":\"https:\\\/\\\/curacao-sea-aquarium.com\\\/pt-br\\\/#website\",\"url\":\"https:\\\/\\\/curacao-sea-aquarium.com\\\/pt-br\\\/\",\"name\":\"Curacao Sea Aquarium\",\"description\":\"Curacao Sea Aquarium\",\"potentialAction\":[{\"@type\":\"SearchAction\",\"target\":{\"@type\":\"EntryPoint\",\"urlTemplate\":\"https:\\\/\\\/curacao-sea-aquarium.com\\\/pt-br\\\/?s={search_term_string}\"},\"query-input\":{\"@type\":\"PropertyValueSpecification\",\"valueRequired\":true,\"valueName\":\"search_term_string\"}}],\"inLanguage\":\"pt-BR\"}]}<\/script>\n<!-- \/ Yoast SEO plugin. -->","yoast_head_json":{"title":"Research | Cura\u00e7ao Sea Aquarium","description":"We provide our facility and laboratory to universities, institutions and foundations to perform diverse research projects.","robots":{"index":"index","follow":"follow","max-snippet":"max-snippet:-1","max-image-preview":"max-image-preview:large","max-video-preview":"max-video-preview:-1"},"canonical":"https:\/\/curacao-sea-aquarium.com\/pt-br\/pesquisa\/","og_locale":"pt_BR","og_type":"article","og_title":"Research | Cura\u00e7ao Sea Aquarium","og_description":"We provide our facility and laboratory to universities, institutions and foundations to perform diverse research projects.","og_url":"https:\/\/curacao-sea-aquarium.com\/pt-br\/pesquisa\/","og_site_name":"Curacao Sea Aquarium","article_modified_time":"2025-02-21T19:57:08+00:00","twitter_card":"summary_large_image","twitter_misc":{"Est. tempo de leitura":"2 minutos"},"schema":{"@context":"https:\/\/schema.org","@graph":[{"@type":"WebPage","@id":"https:\/\/curacao-sea-aquarium.com\/pt-br\/pesquisa\/","url":"https:\/\/curacao-sea-aquarium.com\/pt-br\/pesquisa\/","name":"Research | Cura\u00e7ao Sea Aquarium","isPartOf":{"@id":"https:\/\/curacao-sea-aquarium.com\/pt-br\/#website"},"datePublished":"2020-01-22T09:33:55+00:00","dateModified":"2025-02-21T19:57:08+00:00","description":"We provide our facility and laboratory to universities, institutions and foundations to perform diverse research projects.","breadcrumb":{"@id":"https:\/\/curacao-sea-aquarium.com\/pt-br\/pesquisa\/#breadcrumb"},"inLanguage":"pt-BR","potentialAction":[{"@type":"ReadAction","target":["https:\/\/curacao-sea-aquarium.com\/pt-br\/pesquisa\/"]}]},{"@type":"BreadcrumbList","@id":"https:\/\/curacao-sea-aquarium.com\/pt-br\/pesquisa\/#breadcrumb","itemListElement":[{"@type":"ListItem","position":1,"name":"Home","item":"https:\/\/curacao-sea-aquarium.com\/pt-br\/"},{"@type":"ListItem","position":2,"name":"Pesquisa"}]},{"@type":"WebSite","@id":"https:\/\/curacao-sea-aquarium.com\/pt-br\/#website","url":"https:\/\/curacao-sea-aquarium.com\/pt-br\/","name":"Curacao Sea Aquarium","description":"Curacao Sea Aquarium","potentialAction":[{"@type":"SearchAction","target":{"@type":"EntryPoint","urlTemplate":"https:\/\/curacao-sea-aquarium.com\/pt-br\/?s={search_term_string}"},"query-input":{"@type":"PropertyValueSpecification","valueRequired":true,"valueName":"search_term_string"}}],"inLanguage":"pt-BR"}]}},"jetpack_sharing_enabled":true,"_links":{"self":[{"href":"https:\/\/curacao-sea-aquarium.com\/pt-br\/wp-json\/wp\/v2\/pages\/4586","targetHints":{"allow":["GET"]}}],"collection":[{"href":"https:\/\/curacao-sea-aquarium.com\/pt-br\/wp-json\/wp\/v2\/pages"}],"about":[{"href":"https:\/\/curacao-sea-aquarium.com\/pt-br\/wp-json\/wp\/v2\/types\/page"}],"author":[{"embeddable":true,"href":"https:\/\/curacao-sea-aquarium.com\/pt-br\/wp-json\/wp\/v2\/users\/25"}],"replies":[{"embeddable":true,"href":"https:\/\/curacao-sea-aquarium.com\/pt-br\/wp-json\/wp\/v2\/comments?post=4586"}],"version-history":[{"count":4,"href":"https:\/\/curacao-sea-aquarium.com\/pt-br\/wp-json\/wp\/v2\/pages\/4586\/revisions"}],"predecessor-version":[{"id":4835,"href":"https:\/\/curacao-sea-aquarium.com\/pt-br\/wp-json\/wp\/v2\/pages\/4586\/revisions\/4835"}],"wp:attachment":[{"href":"https:\/\/curacao-sea-aquarium.com\/pt-br\/wp-json\/wp\/v2\/media?parent=4586"}],"curies":[{"name":"wp","href":"https:\/\/api.w.org\/{rel}","templated":true}]}}