{"id":4561,"date":"2019-12-05T11:05:05","date_gmt":"2019-12-05T11:05:05","guid":{"rendered":"https:\/\/curacao-sea-aquarium.com\/experiences\/curacao-sea-aquarium\/"},"modified":"2025-10-08T11:51:54","modified_gmt":"2025-10-08T15:51:54","slug":"aquario-marinho-de-curacao","status":"publish","type":"page","link":"https:\/\/curacao-sea-aquarium.com\/pt-br\/experiencias\/aquario-marinho-de-curacao\/","title":{"rendered":"Aqu\u00e1rio Marinho de Cura\u00e7ao"},"content":{"rendered":"<section class=\"wpb-content-wrapper\"><p>[vc_row el_class=&#8221;book-btn-row&#8221;][vc_column][vc_btn title=&#8221;Reserve Agora&#8221; align=&#8221;center&#8221; link=&#8221;url:https%3A%2F%2Fbook.peek.com%2Fs%2F8c37114c-9c60-4163-9690-d637ba5bf3f8%2FrxPJy|||&#8221; el_class=&#8221;subheader_book-btn&#8221;][\/vc_column][\/vc_row][vc_section el_class=&#8221;top-experiences-section&#8221;][vc_row][vc_column width=&#8221;1\/2&#8243;][vc_custom_heading text=&#8221;Experimente as maravilhas do mar!&#8221; font_container=&#8221;tag:h2|text_align:left|color:%23202020&#8243; use_theme_fonts=&#8221;yes&#8221;][vc_column_text]<\/p>\n<div class=\"text_content text_cnt_bold\">\n<p>O Aqu\u00e1rio Marinho de Cura\u00e7ao \u00e9 o principal local de Cura\u00e7ao para a explora\u00e7\u00e3o da vida marinha! Utilizamos um Sistema de \u00c1gua Aberta em nossa instala\u00e7\u00e3o, o que significa que a \u00e1gua do mar fresca \u00e9 continuamente bombeada para os aqu\u00e1rios e devolvida ao mar atrav\u00e9s de transbordamentos, criando ambientes naturais para todas as criaturas marinhas sem o uso de produtos qu\u00edmicos ou filtros. Isso faz do Aqu\u00e1rio Marinho de Cura\u00e7ao um dos aqu\u00e1rios marinhos mais \u00fanicos do mundo.<\/p>\n<p>No Aqu\u00e1rio Marinho de Cura\u00e7ao, voc\u00ea pode desfrutar das maravilhas do mar sem se molhar. Venha vivenciar isso voc\u00ea mesmo e n\u00e3o se esque\u00e7a de trazer sua c\u00e2mera!<\/p>\n<\/div>\n<p>[\/vc_column_text][vc_empty_space height=&#8221;30px&#8221; el_class=&#8221;mobile_space&#8221;][\/vc_column][vc_column width=&#8221;1\/2&#8243; el_class=&#8221;no_shadow&#8221;][vc_single_image image=&#8221;4763&#8243; img_size=&#8221;full&#8221;][\/vc_column][\/vc_row][\/vc_section][vc_section full_width=&#8221;stretch_row&#8221; css=&#8221;.vc_custom_1588941112397{background-image: url(https:\/\/curacao-sea-aquarium.com\/wp-content\/uploads\/2019\/12\/water-bg2.jpg?id=442) !important;background-position: center !important;background-repeat: no-repeat !important;background-size: cover !important;}&#8221; el_class=&#8221;blue_bg&#8221;][vc_row css=&#8221;.vc_custom_1576131799421{padding-top: 20px !important;}&#8221;][vc_column][vc_custom_heading text=&#8221;Sobre sua Experi\u00eancia&#8221; font_container=&#8221;tag:h2|text_align:center|color:%23ffffff&#8221; use_theme_fonts=&#8221;yes&#8221;][vc_empty_space][vc_row_inner el_class=&#8221;tab_sm_grid&#8221;][vc_column_inner width=&#8221;1\/3&#8243;]<div class=\"icon_box icon_position_top no_border\"><div class=\"image_wrapper\"><img loading=\"lazy\" decoding=\"async\" class=\"scale-with-grid\" src=\"https:\/\/curacao-sea-aquarium.com\/wp-content\/uploads\/2020\/01\/hourglass-2.png\" alt=\"hourglass\" width=\"54\" height=\"85\"\/><\/div><div class=\"desc_wrapper\"><h4 class=\"title\">Hor\u00e1rio de funcionamento:<\/h4><div class=\"desc\">8:00 &#8211; 17:00<\/div><\/div><\/div>\n[\/vc_column_inner][vc_column_inner width=&#8221;1\/3&#8243;]<div class=\"icon_box icon_position_top no_border\"><div class=\"image_wrapper\"><img loading=\"lazy\" decoding=\"async\" class=\"scale-with-grid\" src=\"https:\/\/curacao-sea-aquarium.com\/wp-content\/uploads\/2025\/03\/TER-SAB.png\" alt=\"TER SAB\" width=\"111\" height=\"100\"\/><\/div><div class=\"desc_wrapper\"><h4 class=\"title\">Aberto o ano todo,<\/h4><div class=\"desc\">de ter\u00e7a a s\u00e1bado<\/div><\/div><\/div>\n[\/vc_column_inner][vc_column_inner width=&#8221;1\/3&#8243;]<div class=\"icon_box icon_position_top no_border\"><div class=\"image_wrapper\"><img loading=\"lazy\" decoding=\"async\" class=\"scale-with-grid\" src=\"https:\/\/curacao-sea-aquarium.com\/wp-content\/uploads\/2020\/01\/business-and-finance-1.png\" alt=\"business-and-finance\" width=\"85\" height=\"85\"\/><\/div><div class=\"desc_wrapper\"><h4 class=\"title\">Comodidades:<\/h4><div class=\"desc\">Terra\u00e7o de alimentos e bebidas e loja de presentes dispon\u00edveis<br \/>\n<\/div><\/div><\/div>\n[\/vc_column_inner][\/vc_row_inner][\/vc_column][\/vc_row][vc_row full_width=&#8221;stretch_row_content_no_spaces&#8221; css=&#8221;.vc_custom_1576223246331{margin-top: 0px !important;margin-bottom: -35px !important;}&#8221; el_class=&#8221;desktop_wave&#8221;][vc_column][vc_single_image image=&#8221;480&#8243; img_size=&#8221;full&#8221; alignment=&#8221;center&#8221; css=&#8221;.vc_custom_1576135486252{margin-bottom: 0px !important;}&#8221;][\/vc_column][\/vc_row][vc_row full_width=&#8221;stretch_row_content_no_spaces&#8221; disable_element=&#8221;yes&#8221; css=&#8221;.vc_custom_1588881191869{margin-top: 0px !important;margin-bottom: -35px !important;}&#8221; el_class=&#8221;mobile_wave&#8221;][vc_column][vc_single_image image=&#8221;492&#8243; img_size=&#8221;full&#8221; alignment=&#8221;center&#8221; css=&#8221;.vc_custom_1576223230709{margin-bottom: 0px !important;}&#8221;][\/vc_column][\/vc_row][\/vc_section][vc_section el_class=&#8221;price_section price-desk-view&#8221;][vc_row][vc_column width=&#8221;1\/2&#8243; el_class=&#8221;list_items&#8221;][vc_custom_heading text=&#8221;Atividades&#8221; font_container=&#8221;tag:h2|text_align:left|color:%23202020&#8243; use_theme_fonts=&#8221;yes&#8221;][vc_empty_space height=&#8221;&#8221;][vc_column_text]<\/p>\n<ul>\n<li>Esta experi\u00eancia inclui uma variedade de aqu\u00e1rios com muitas esp\u00e9cies de vida marinha!<\/li>\n<li>Alimenta\u00e7\u00e3o das lagostas<\/li>\n<li>Alimenta\u00e7\u00e3o dos tubar\u00f5es<\/li>\n<li>Alimenta\u00e7\u00e3o dos flamingos<\/li>\n<li>Assista \u00e0 Demonstra\u00e7\u00e3o de Treinamento de Golfinhos<\/li>\n<\/ul>\n<p>[\/vc_column_text][vc_custom_heading text=&#8221;Compartilhe sua experi\u00eancia no Facebook!&#8221; font_container=&#8221;tag:h2|font_size:25px|text_align:left|color:%23202020|line_height:30px&#8221; use_theme_fonts=&#8221;yes&#8221;][vc_column_text]<div class=\"addtoany_shortcode\"><div class=\"a2a_kit a2a_kit_size_40 addtoany_list\" data-a2a-url=\"https:\/\/curacao-sea-aquarium.com\/pt-br\/experiencias\/aquario-marinho-de-curacao\/\" data-a2a-title=\"Aqu\u00e1rio Marinho de Cura\u00e7ao\"><a class=\"a2a_button_facebook\" href=\"https:\/\/www.addtoany.com\/add_to\/facebook?linkurl=https%3A%2F%2Fcuracao-sea-aquarium.com%2Fpt-br%2Fexperiencias%2Faquario-marinho-de-curacao%2F&amp;linkname=Aqu%C3%A1rio%20Marinho%20de%20Cura%C3%A7ao\" title=\"Facebook\" rel=\"nofollow noopener\" target=\"_blank\"><\/a><\/div><\/div>[\/vc_column_text][\/vc_column][vc_column width=&#8221;1\/2&#8243;][vc_row_inner css=&#8221;.vc_custom_1581396710208{margin-top: -50px !important;}&#8221;][vc_column_inner el_class=&#8221;circ_1&#8243; width=&#8221;1\/2&#8243;][vc_column_text]<\/p>\n<div class=\"price_circle circle_1\">\n<div class=\"price_content\">\n<div class=\"top_heading\">Idades 12+<\/div>\n<div class=\"price\"><small class=\"c-sign\">$20<\/small><\/div>\n<p><a href=\"https:\/\/www.peek.com\/s\/8c37114c-9c60-4163-9690-d637ba5bf3f8\/VaDzo\">Reserve Agora<\/a><\/p>\n<\/div>\n<\/div>\n<p>[\/vc_column_text][\/vc_column_inner][vc_column_inner el_class=&#8221;circ_2&#8243; width=&#8221;1\/2&#8243;][vc_column_text]<\/p>\n<div class=\"price_circle circle_2\">\n<div class=\"price_content\">\n<div class=\"top_heading\">Idades 5-12<\/div>\n<div class=\"price\"><small class=\"c-sign\">$10<\/small><\/div>\n<p><a href=\"https:\/\/www.peek.com\/s\/8c37114c-9c60-4163-9690-d637ba5bf3f8\/VaDzo\">Reserve Agora<\/a><\/p>\n<\/div>\n<\/div>\n<p>[\/vc_column_text][\/vc_column_inner][\/vc_row_inner][vc_row_inner][vc_column_inner el_class=&#8221;circ_3&#8243;][vc_column_text]<\/p>\n<div class=\"price_circle circle_2\">\n<div class=\"price_content\">\n<div class=\"top_heading\">Taxa de<\/div>\n<div class=\"price\"><small class=\"c-sign\">Residente<\/small><\/div>\n<p><a href=\"https:\/\/book.peek.com\/s\/8c37114c-9c60-4163-9690-d637ba5bf3f8\/NWpdW\">Reserve Agora<\/a><\/p>\n<\/div>\n<\/div>\n<p>[\/vc_column_text][\/vc_column_inner][\/vc_row_inner][\/vc_column][\/vc_row][\/vc_section][vc_section el_class=&#8221;price_section price-mob-view&#8221;][vc_row][vc_column width=&#8221;1\/2&#8243; el_class=&#8221;list_items&#8221;][vc_custom_heading text=&#8221;Atividades&#8221; font_container=&#8221;tag:h2|text_align:left|color:%23202020&#8243; use_theme_fonts=&#8221;yes&#8221;][vc_empty_space height=&#8221;&#8221;][vc_column_text]<\/p>\n<ul>\n<li>This experience includes interacting with many species of fish!<\/li>\n<li>Along with feeding the lobsters.<\/li>\n<li>And feeding the flamingos.<\/li>\n<li>And dolphin demonstrations!<\/li>\n<li>And throughout it all you get to learn about marine life on the island.<\/li>\n<\/ul>\n<p>[\/vc_column_text][vc_custom_heading text=&#8221;Compartilhe sua experi\u00eancia no Facebook!&#8221; font_container=&#8221;tag:h2|font_size:25px|text_align:left|color:%23202020|line_height:30px&#8221; use_theme_fonts=&#8221;yes&#8221;][vc_column_text]<div class=\"addtoany_shortcode\"><div class=\"a2a_kit a2a_kit_size_40 addtoany_list\" data-a2a-url=\"https:\/\/curacao-sea-aquarium.com\/pt-br\/experiencias\/aquario-marinho-de-curacao\/\" data-a2a-title=\"Aqu\u00e1rio Marinho de Cura\u00e7ao\"><a class=\"a2a_button_facebook\" href=\"https:\/\/www.addtoany.com\/add_to\/facebook?linkurl=https%3A%2F%2Fcuracao-sea-aquarium.com%2Fpt-br%2Fexperiencias%2Faquario-marinho-de-curacao%2F&amp;linkname=Aqu%C3%A1rio%20Marinho%20de%20Cura%C3%A7ao\" title=\"Facebook\" rel=\"nofollow noopener\" target=\"_blank\"><\/a><\/div><\/div>[\/vc_column_text][\/vc_column][vc_column width=&#8221;1\/2&#8243;][vc_row_inner][vc_column_inner width=&#8221;1\/2&#8243;][vc_column_text]<\/p>\n<div class=\"price_circle circle_1\">\n<div class=\"price_content\">\n<div class=\"top_heading\">Idades 12+<\/div>\n<div class=\"price\"><small class=\"c-sign\">$20<\/small><\/div>\n<p><a href=\"https:\/\/www.peek.com\/s\/8c37114c-9c60-4163-9690-d637ba5bf3f8\/VaDzo\">Reserve Agora<\/a><\/p>\n<\/div>\n<\/div>\n<p>[\/vc_column_text][\/vc_column_inner][vc_column_inner width=&#8221;1\/2&#8243;][vc_column_text]<\/p>\n<div class=\"price_circle circle_1\">\n<div class=\"price_content\">\n<div class=\"top_heading\">Idades 5-12<\/div>\n<div class=\"price\"><small class=\"c-sign\">$10<\/small><\/div>\n<p><a href=\"https:\/\/www.peek.com\/s\/8c37114c-9c60-4163-9690-d637ba5bf3f8\/VaDzo\">Reserve Agora<\/a><\/p>\n<\/div>\n<\/div>\n<p>[\/vc_column_text][\/vc_column_inner][\/vc_row_inner][vc_row_inner][vc_column_inner css=&#8221;.vc_custom_1581310081917{margin-top: -35px !important;}&#8221;][vc_column_text]<\/p>\n<div class=\"price_circle circle_1 circle_3\">\n<div class=\"price_content resident_rate\">\n<div class=\"top_heading\">Taxa residente<\/div>\n<p><a href=\"https:\/\/book.peek.com\/s\/8c37114c-9c60-4163-9690-d637ba5bf3f8\/NWpdW\">Reserve Agora<\/a><\/p>\n<\/div>\n<\/div>\n<p>[\/vc_column_text][\/vc_column_inner][\/vc_row_inner][\/vc_column][\/vc_row][\/vc_section][vc_section full_width=&#8221;stretch_row&#8221; el_class=&#8221;experience_section&#8221; css=&#8221;.vc_custom_1575352906412{padding-top: 50px !important;background-color: #f4f3f3 !important;}&#8221;][vc_row][vc_column][youtube video=&#8221;https:\/\/youtu.be\/bI5jgZYXp7M&#8221; autoplay=&#8221;true&#8221; mute=&#8221;true&#8221; allowfullscreen=&#8221;true&#8221; loop=&#8221;true&#8221; iv_load_policy=&#8221;true&#8221; autohide=&#8221;Default&#8221; controls=&#8221;Always&#8221; modestbranding=&#8221;true&#8221; showinfo=&#8221;true&#8221; button_subscriber_count=&#8221;Hidden&#8221;][vc_empty_space height=&#8221;50px&#8221;][\/vc_column][\/vc_row][vc_row el_class=&#8221;experience_row&#8221;][vc_column][vc_custom_heading text=&#8221;Nossas experiencias&#8221; font_container=&#8221;tag:h2|text_align:left|color:%23202020&#8243; use_theme_fonts=&#8221;yes&#8221;][vc_row_inner css=&#8221;.vc_custom_1579668964251{margin-bottom: 0px !important;padding-top: 30px !important;}&#8221; el_class=&#8221;tab_sm_grid&#8221;][vc_column_inner width=&#8221;5\/6&#8243;][vc_column_text]<div class='white' style='background:rgb(255, 255, 255); border:solid 0px rgb(255, 255, 255); border-radius:5px; padding:0px 0px 0px 0px;'>\n<div id='sample_slider' class='owl-carousel sa_owl_theme autohide-arrows' data-slider-id='sample_slider' style='visibility:hidden;'>\n<div id='sample_slider_slide01' class='sa_hover_container' style='padding:15% 10%; margin:0px 3%; background-image:url(&quot;https:\/\/curacao-sea-aquarium.com\/wp-content\/uploads\/2022\/02\/ocean-lens2-1.png&quot;); background-position:left top; background-size:cover; background-repeat:no-repeat; background-color:rgb(255, 255, 255); '><div class=\"exp_box\">\r\n<div class=\"exp_content\">\r\n<h2><a href=\"\/ocean-lens\/\">Lente do Oceano<\/a><\/h2>\r\n<p><a href=\"\/ocean-lens\/\">Testemunhe todas as maravilhas e cores da vida marinha de Cura\u00e7ao em nossa experi\u00eancia Ocean Lens sem nunca se molhar.<\/a><\/p>\r\n<a class=\"button\" href=\"https:\/\/www.peek.com\/s\/8c37114c-9c60-4163-9690-d637ba5bf3f8\/wXxZe\" data-button-text=\"Reserve Agora\">Reserve Agora <\/a><\/div>\r\n<\/div><\/div>\n<div id='sample_slider_slide02' class='sa_hover_container' style='padding:15% 10%; margin:0px 3%; background-image:url(&quot;https:\/\/curacao-sea-aquarium.com\/wp-content\/uploads\/2025\/02\/AnimalEncounters-1.jpg&quot;); background-position:left top; background-size:cover; background-repeat:no-repeat; background-color:rgb(255, 255, 255); '><div class=\"exp_box\">\r\n<div class=\"exp_content\">\r\n<h2><a href=\"\/animal-encounters\/\">Encontros com animais<\/a><\/h2>\r\n<p><a href=\"\/animal-encounters\/\">Viva a emo\u00e7\u00e3o de conhecer de perto uma variedade de vida marinha em nossa experi\u00eancia Encontros com Animais.<\/a><\/p>\r\n<a class=\"button\" href=\"https:\/\/www.peek.com\/s\/8c37114c-9c60-4163-9690-d637ba5bf3f8\/YwKoJ\" data-button-text=\"Reserve Agora\">Reserve Agora<\/a><\/div>\r\n<\/div><\/div>\n<\/div>\n<\/div>\n<script type='text\/javascript'>\n\tdocument.addEventListener('DOMContentLoaded', function() {\n\t\tjQuery('#sample_slider').owlCarousel({\n\t\t\tresponsive:{\n\t\t\t\t0:{ items:1 },\n\t\t\t\t480:{ items:2 },\n\t\t\t\t768:{ items:2 },\n\t\t\t\t980:{ items:2 },\n\t\t\t\t1200:{ items:2 },\n\t\t\t\t1500:{ items:2 }\n\t\t\t},\n\t\t\tautoplay : false,\n\t\t\tautoplayHoverPause : false,\n\t\t\tsmartSpeed : 0,\n\t\t\tfluidSpeed : 0,\n\t\t\tautoplaySpeed : 0,\n\t\t\tnavSpeed : 0,\n\t\t\tdotsSpeed : 0,\n\t\t\tloop : true,\n\t\t\tnav : true,\n\t\t\tnavText : ['Previous','Next'],\n\t\t\tdots : false,\n\t\t\tresponsiveRefreshRate : 200,\n\t\t\tslideBy : 1,\n\t\t\tmergeFit : true,\n\t\t\tautoHeight : false,\n\t\t\tmouseDrag : true,\n\t\t\ttouchDrag : true\n\t\t});\n\t\tjQuery('#sample_slider').css('visibility', 'visible');\n\t\tsa_resize_sample_slider();\n\t\twindow.addEventListener('resize', sa_resize_sample_slider);\n\t\tfunction sa_resize_sample_slider() {\n\t\t\tvar min_height = '50';\n\t\t\tvar win_width = jQuery(window).width();\n\t\t\tvar slider_width = jQuery('#sample_slider').width();\n\t\t\tif (win_width < 480) {\n\t\t\t\tvar slide_width = slider_width \/ 1;\n\t\t\t} else if (win_width < 768) {\n\t\t\t\tvar slide_width = slider_width \/ 2;\n\t\t\t} else if (win_width < 980) {\n\t\t\t\tvar slide_width = slider_width \/ 2;\n\t\t\t} else if (win_width < 1200) {\n\t\t\t\tvar slide_width = slider_width \/ 2;\n\t\t\t} else if (win_width < 1500) {\n\t\t\t\tvar slide_width = slider_width \/ 2;\n\t\t\t} else {\n\t\t\t\tvar slide_width = slider_width \/ 2;\n\t\t\t}\n\t\t\tslide_width = Math.round(slide_width);\n\t\t\tvar slide_height = '0';\n\t\t\tif (min_height == 'aspect43') {\n\t\t\t\tslide_height = (slide_width \/ 4) * 3;\t\t\t\tslide_height = Math.round(slide_height);\n\t\t\t} else if (min_height == 'aspect169') {\n\t\t\t\tslide_height = (slide_width \/ 16) * 9;\t\t\t\tslide_height = Math.round(slide_height);\n\t\t\t} else {\n\t\t\t\tslide_height = (slide_width \/ 100) * min_height;\t\t\t\tslide_height = Math.round(slide_height);\n\t\t\t}\n\t\t\tjQuery('#sample_slider .owl-item .sa_hover_container').css('min-height', slide_height+'px');\n\t\t}\n\t\tvar owl_goto = jQuery('#sample_slider');\n\t\tjQuery('.sample_slider_goto1').click(function(event){\n\t\t\towl_goto.trigger('to.owl.carousel', 0);\n\t\t});\n\t\tjQuery('.sample_slider_goto2').click(function(event){\n\t\t\towl_goto.trigger('to.owl.carousel', 1);\n\t\t});\n\t\tvar resize_4695 = jQuery('.owl-carousel');\n\t\tresize_4695.on('initialized.owl.carousel', function(e) {\n\t\t\tif (typeof(Event) === 'function') {\n\t\t\t\twindow.dispatchEvent(new Event('resize'));\n\t\t\t} else {\n\t\t\t\tvar evt = window.document.createEvent('UIEvents');\n\t\t\t\tevt.initUIEvent('resize', true, false, window, 0);\n\t\t\t\twindow.dispatchEvent(evt);\n\t\t\t}\n\t\t});\n\t});\n<\/script>\n[\/vc_column_text][\/vc_column_inner][vc_column_inner width=&#8221;1\/6&#8243;][\/vc_column_inner][\/vc_row_inner][\/vc_column][\/vc_row][\/vc_section][vc_row full_width=&#8221;stretch_row_content_no_spaces&#8221; el_class=&#8221;mobile_wave&#8221;][vc_column][vc_single_image image=&#8221;501&#8243; img_size=&#8221;full&#8221; css=&#8221;.vc_custom_1576223582568{margin-bottom: -35px !important;}&#8221;][\/vc_column][\/vc_row]<\/p>\n<\/section>","protected":false},"excerpt":{"rendered":"<p>[vc_row el_class=&#8221;book-btn-row&#8221;][vc_column][vc_btn title=&#8221;Reserve Agora&#8221; align=&#8221;center&#8221; link=&#8221;url:https%3A%2F%2Fbook.peek.com%2Fs%2F8c37114c-9c60-4163-9690-d637ba5bf3f8%2FrxPJy|||&#8221; el_class=&#8221;subheader_book-btn&#8221;][\/vc_column][\/vc_row][vc_section el_class=&#8221;top-experiences-section&#8221;][vc_row][vc_column width=&#8221;1\/2&#8243;][vc_custom_heading text=&#8221;Experimente as maravilhas do mar!&#8221; font_container=&#8221;tag:h2|text_align:left|color:%23202020&#8243; use_theme_fonts=&#8221;yes&#8221;][vc_column_text] O Aqu\u00e1rio Marinho de Cura\u00e7ao \u00e9 o principal local de<span class=\"excerpt-hellip\"> [\u2026]<\/span><\/p>\n","protected":false},"author":25,"featured_media":0,"parent":4548,"menu_order":0,"comment_status":"closed","ping_status":"closed","template":"","meta":{"footnotes":"","_wp_rev_ctl_limit":""},"class_list":["post-4561","page","type-page","status-publish","hentry"],"yoast_head":"<!-- This site is optimized with the Yoast SEO plugin v27.5 - https:\/\/yoast.com\/product\/yoast-seo-wordpress\/ -->\n<title>Premiere Location for Marine Life Exploration | Cura\u00e7ao Sea Aquarium<\/title>\n<meta name=\"description\" content=\"We are one of the world\u2019s most unique sea aquariums and are a premier location for marine life exploration in Cura\u00e7ao.\" \/>\n<meta name=\"robots\" content=\"index, follow, max-snippet:-1, max-image-preview:large, max-video-preview:-1\" \/>\n<link rel=\"canonical\" href=\"https:\/\/curacao-sea-aquarium.com\/pt-br\/experiencias\/aquario-marinho-de-curacao\/\" \/>\n<meta property=\"og:locale\" content=\"pt_BR\" \/>\n<meta property=\"og:type\" content=\"article\" \/>\n<meta property=\"og:title\" content=\"Premiere Location for Marine Life Exploration | Cura\u00e7ao Sea Aquarium\" \/>\n<meta property=\"og:description\" content=\"We are one of the world\u2019s most unique sea aquariums and are a premier location for marine life exploration in Cura\u00e7ao.\" \/>\n<meta property=\"og:url\" content=\"https:\/\/curacao-sea-aquarium.com\/pt-br\/experiencias\/aquario-marinho-de-curacao\/\" \/>\n<meta property=\"og:site_name\" content=\"Curacao Sea Aquarium\" \/>\n<meta property=\"article:modified_time\" content=\"2025-10-08T15:51:54+00:00\" \/>\n<meta name=\"twitter:card\" content=\"summary_large_image\" \/>\n<meta name=\"twitter:label1\" content=\"Est. tempo de leitura\" \/>\n\t<meta name=\"twitter:data1\" content=\"2 minutos\" \/>\n<script type=\"application\/ld+json\" class=\"yoast-schema-graph\">{\"@context\":\"https:\\\/\\\/schema.org\",\"@graph\":[{\"@type\":\"WebPage\",\"@id\":\"https:\\\/\\\/curacao-sea-aquarium.com\\\/pt-br\\\/experiencias\\\/aquario-marinho-de-curacao\\\/\",\"url\":\"https:\\\/\\\/curacao-sea-aquarium.com\\\/pt-br\\\/experiencias\\\/aquario-marinho-de-curacao\\\/\",\"name\":\"Premiere Location for Marine Life Exploration | Cura\u00e7ao Sea Aquarium\",\"isPartOf\":{\"@id\":\"https:\\\/\\\/curacao-sea-aquarium.com\\\/pt-br\\\/#website\"},\"datePublished\":\"2019-12-05T11:05:05+00:00\",\"dateModified\":\"2025-10-08T15:51:54+00:00\",\"description\":\"We are one of the world\u2019s most unique sea aquariums and are a premier location for marine life exploration in Cura\u00e7ao.\",\"breadcrumb\":{\"@id\":\"https:\\\/\\\/curacao-sea-aquarium.com\\\/pt-br\\\/experiencias\\\/aquario-marinho-de-curacao\\\/#breadcrumb\"},\"inLanguage\":\"pt-BR\",\"potentialAction\":[{\"@type\":\"ReadAction\",\"target\":[\"https:\\\/\\\/curacao-sea-aquarium.com\\\/pt-br\\\/experiencias\\\/aquario-marinho-de-curacao\\\/\"]}]},{\"@type\":\"BreadcrumbList\",\"@id\":\"https:\\\/\\\/curacao-sea-aquarium.com\\\/pt-br\\\/experiencias\\\/aquario-marinho-de-curacao\\\/#breadcrumb\",\"itemListElement\":[{\"@type\":\"ListItem\",\"position\":1,\"name\":\"Home\",\"item\":\"https:\\\/\\\/curacao-sea-aquarium.com\\\/pt-br\\\/\"},{\"@type\":\"ListItem\",\"position\":2,\"name\":\"Experi\u00eancias\",\"item\":\"https:\\\/\\\/curacao-sea-aquarium.com\\\/pt-br\\\/experiencias\\\/\"},{\"@type\":\"ListItem\",\"position\":3,\"name\":\"Aqu\u00e1rio Marinho de Cura\u00e7ao\"}]},{\"@type\":\"WebSite\",\"@id\":\"https:\\\/\\\/curacao-sea-aquarium.com\\\/pt-br\\\/#website\",\"url\":\"https:\\\/\\\/curacao-sea-aquarium.com\\\/pt-br\\\/\",\"name\":\"Curacao Sea Aquarium\",\"description\":\"Curacao Sea Aquarium\",\"potentialAction\":[{\"@type\":\"SearchAction\",\"target\":{\"@type\":\"EntryPoint\",\"urlTemplate\":\"https:\\\/\\\/curacao-sea-aquarium.com\\\/pt-br\\\/?s={search_term_string}\"},\"query-input\":{\"@type\":\"PropertyValueSpecification\",\"valueRequired\":true,\"valueName\":\"search_term_string\"}}],\"inLanguage\":\"pt-BR\"}]}<\/script>\n<!-- \/ Yoast SEO plugin. -->","yoast_head_json":{"title":"Premiere Location for Marine Life Exploration | Cura\u00e7ao Sea Aquarium","description":"We are one of the world\u2019s most unique sea aquariums and are a premier location for marine life exploration in Cura\u00e7ao.","robots":{"index":"index","follow":"follow","max-snippet":"max-snippet:-1","max-image-preview":"max-image-preview:large","max-video-preview":"max-video-preview:-1"},"canonical":"https:\/\/curacao-sea-aquarium.com\/pt-br\/experiencias\/aquario-marinho-de-curacao\/","og_locale":"pt_BR","og_type":"article","og_title":"Premiere Location for Marine Life Exploration | Cura\u00e7ao Sea Aquarium","og_description":"We are one of the world\u2019s most unique sea aquariums and are a premier location for marine life exploration in Cura\u00e7ao.","og_url":"https:\/\/curacao-sea-aquarium.com\/pt-br\/experiencias\/aquario-marinho-de-curacao\/","og_site_name":"Curacao Sea Aquarium","article_modified_time":"2025-10-08T15:51:54+00:00","twitter_card":"summary_large_image","twitter_misc":{"Est. tempo de leitura":"2 minutos"},"schema":{"@context":"https:\/\/schema.org","@graph":[{"@type":"WebPage","@id":"https:\/\/curacao-sea-aquarium.com\/pt-br\/experiencias\/aquario-marinho-de-curacao\/","url":"https:\/\/curacao-sea-aquarium.com\/pt-br\/experiencias\/aquario-marinho-de-curacao\/","name":"Premiere Location for Marine Life Exploration | Cura\u00e7ao Sea Aquarium","isPartOf":{"@id":"https:\/\/curacao-sea-aquarium.com\/pt-br\/#website"},"datePublished":"2019-12-05T11:05:05+00:00","dateModified":"2025-10-08T15:51:54+00:00","description":"We are one of the world\u2019s most unique sea aquariums and are a premier location for marine life exploration in Cura\u00e7ao.","breadcrumb":{"@id":"https:\/\/curacao-sea-aquarium.com\/pt-br\/experiencias\/aquario-marinho-de-curacao\/#breadcrumb"},"inLanguage":"pt-BR","potentialAction":[{"@type":"ReadAction","target":["https:\/\/curacao-sea-aquarium.com\/pt-br\/experiencias\/aquario-marinho-de-curacao\/"]}]},{"@type":"BreadcrumbList","@id":"https:\/\/curacao-sea-aquarium.com\/pt-br\/experiencias\/aquario-marinho-de-curacao\/#breadcrumb","itemListElement":[{"@type":"ListItem","position":1,"name":"Home","item":"https:\/\/curacao-sea-aquarium.com\/pt-br\/"},{"@type":"ListItem","position":2,"name":"Experi\u00eancias","item":"https:\/\/curacao-sea-aquarium.com\/pt-br\/experiencias\/"},{"@type":"ListItem","position":3,"name":"Aqu\u00e1rio Marinho de Cura\u00e7ao"}]},{"@type":"WebSite","@id":"https:\/\/curacao-sea-aquarium.com\/pt-br\/#website","url":"https:\/\/curacao-sea-aquarium.com\/pt-br\/","name":"Curacao Sea Aquarium","description":"Curacao Sea Aquarium","potentialAction":[{"@type":"SearchAction","target":{"@type":"EntryPoint","urlTemplate":"https:\/\/curacao-sea-aquarium.com\/pt-br\/?s={search_term_string}"},"query-input":{"@type":"PropertyValueSpecification","valueRequired":true,"valueName":"search_term_string"}}],"inLanguage":"pt-BR"}]}},"jetpack_sharing_enabled":true,"_links":{"self":[{"href":"https:\/\/curacao-sea-aquarium.com\/pt-br\/wp-json\/wp\/v2\/pages\/4561","targetHints":{"allow":["GET"]}}],"collection":[{"href":"https:\/\/curacao-sea-aquarium.com\/pt-br\/wp-json\/wp\/v2\/pages"}],"about":[{"href":"https:\/\/curacao-sea-aquarium.com\/pt-br\/wp-json\/wp\/v2\/types\/page"}],"author":[{"embeddable":true,"href":"https:\/\/curacao-sea-aquarium.com\/pt-br\/wp-json\/wp\/v2\/users\/25"}],"replies":[{"embeddable":true,"href":"https:\/\/curacao-sea-aquarium.com\/pt-br\/wp-json\/wp\/v2\/comments?post=4561"}],"version-history":[{"count":33,"href":"https:\/\/curacao-sea-aquarium.com\/pt-br\/wp-json\/wp\/v2\/pages\/4561\/revisions"}],"predecessor-version":[{"id":5080,"href":"https:\/\/curacao-sea-aquarium.com\/pt-br\/wp-json\/wp\/v2\/pages\/4561\/revisions\/5080"}],"up":[{"embeddable":true,"href":"https:\/\/curacao-sea-aquarium.com\/pt-br\/wp-json\/wp\/v2\/pages\/4548"}],"wp:attachment":[{"href":"https:\/\/curacao-sea-aquarium.com\/pt-br\/wp-json\/wp\/v2\/media?parent=4561"}],"curies":[{"name":"wp","href":"https:\/\/api.w.org\/{rel}","templated":true}]}}