{"id":4548,"date":"2019-12-02T07:35:38","date_gmt":"2019-12-02T07:35:38","guid":{"rendered":"https:\/\/curacao-sea-aquarium.com\/experiences\/"},"modified":"2025-02-21T14:48:11","modified_gmt":"2025-02-21T18:48:11","slug":"experiencias","status":"publish","type":"page","link":"https:\/\/curacao-sea-aquarium.com\/pt-br\/experiencias\/","title":{"rendered":"Experi\u00eancias"},"content":{"rendered":"<section class=\"wpb-content-wrapper\"><p>[vc_section full_width=&#8221;stretch_row&#8221; el_class=&#8221;top-experiences-section&#8221; css=&#8221;.vc_custom_1579858192129{margin-right: 0px !important;padding-top: 50px !important;padding-right: 0px !important;}&#8221;][vc_row full_width=&#8221;stretch_row&#8221; css=&#8221;.vc_custom_1579770299777{margin-right: 0px !important;padding-right: 0px !important;}&#8221;][vc_column width=&#8221;5\/12&#8243;][vc_custom_heading text=&#8221;Um dia para lembrar&#8221; font_container=&#8221;tag:h2|text_align:left|color:%23202020&#8243; use_theme_fonts=&#8221;yes&#8221;][vc_column_text]<\/p>\n<div class=\"page_content\">No Aqu\u00e1rio Marinho de Cura\u00e7ao, temos uma s\u00e9rie de divertidas atividades aqu\u00e1ticas para toda a fam\u00edlia! Elas variam de experi\u00eancias interativas e envolventes a demonstra\u00e7\u00f5es emocionantes. N\u00e3o perca a oportunidade de explorar de perto o mundo subaqu\u00e1tico de Cura\u00e7ao. Clique nas experi\u00eancias abaixo para saber mais!<\/div>\n<p>[\/vc_column_text][\/vc_column][vc_column width=&#8221;7\/12&#8243; css=&#8221;.vc_custom_1579770907121{margin-right: 0px !important;padding-right: 0px !important;}&#8221;][vc_single_image image=&#8221;4761&#8243; img_size=&#8221;full&#8221; alignment=&#8221;center&#8221; el_class=&#8221;desktop_show&#8221; css=&#8221;.vc_custom_1645110687138{margin-right: 0px !important;margin-left: 10% !important;padding-right: 0px !important;}&#8221;][\/vc_column][\/vc_row][\/vc_section][vc_row full_width=&#8221;stretch_row_content_no_spaces&#8221; css=&#8221;.vc_custom_1578638700791{margin-top: 0px !important;margin-bottom: -35px !important;}&#8221; el_class=&#8221;mobile_wave&#8221;][vc_column el_class=&#8221;exp_img_gray mobile_wave&#8221;][vc_single_image image=&#8221;768&#8243; img_size=&#8221;full&#8221; alignment=&#8221;center&#8221; style=&#8221;vc_box_shadow_circle_2&#8243; css=&#8221;.vc_custom_1578638682049{margin-top: 0px !important;margin-bottom: 0px !important;padding-top: 0px !important;padding-bottom: 0px !important;}&#8221;][\/vc_column][vc_column css=&#8221;.vc_custom_1576063096551{margin-bottom: 0px !important;}&#8221;][vc_single_image image=&#8221;497&#8243; img_size=&#8221;full&#8221; css=&#8221;.vc_custom_1576211235469{margin-bottom: 0px !important;}&#8221;][\/vc_column][\/vc_row][vc_section full_width=&#8221;stretch_row&#8221; el_class=&#8221;experience_section exp_pattern&#8221; css=&#8221;.vc_custom_1576063240242{margin-top: 0px !important;padding-top: 0px !important;background-color: #f4f3f3 !important;}&#8221;][vc_row full_width=&#8221;stretch_row_content_no_spaces&#8221; css=&#8221;.vc_custom_1576211937252{margin-bottom: 0px !important;}&#8221; el_class=&#8221;desktop_wave&#8221;][vc_column css=&#8221;.vc_custom_1576212030678{margin-bottom: 0px !important;}&#8221;][vc_single_image image=&#8221;434&#8243; img_size=&#8221;full&#8221; alignment=&#8221;center&#8221; css=&#8221;.vc_custom_1576220123066{margin-bottom: 0px !important;}&#8221;][\/vc_column][\/vc_row][vc_row el_class=&#8221;experience_row custom_space&#8221;][vc_column][vc_custom_heading text=&#8221;Nossas Experi\u00eancias&#8221; font_container=&#8221;tag:h2|text_align:left|color:%23202020&#8243; use_theme_fonts=&#8221;yes&#8221;][vc_empty_space height=&#8221;5px&#8221; css=&#8221;.vc_custom_1589053340425{margin-bottom: 20px !important;}&#8221;][vc_column_text]<div class='white' style='background:rgb(243, 243, 243); border:solid 0px rgb(238, 238, 238); border-radius:5px; padding:0px 0px 0px 0px;'>\n<div id='sample_slider' class='owl-carousel sa_owl_theme autohide-arrows' data-slider-id='sample_slider' style='visibility:hidden;'>\n<div id='sample_slider_slide01' class='sa_hover_container' style='padding:10% 1%; margin:0px 3%; background-image:url(&quot;https:\/\/curacao-sea-aquarium.com\/wp-content\/uploads\/2025\/02\/aquarium2-3.png&quot;); background-position:left top; background-size:cover; background-repeat:no-repeat; background-color:rgb(255, 255, 255); '><div class=\"exp_box\">\r\n<div class=\"exp_content\">\r\n<h2><a href=\"https:\/\/curacao-sea-aquarium.com\/experiences\/curacao-sea-aquarium\/\">Aqu\u00e1rio Marinho de Cura\u00e7ao<\/a><\/h2>\r\n<p><a href=\"https:\/\/curacao-sea-aquarium.com\/experiences\/curacao-sea-aquarium\/\">Al\u00e9m dos v\u00e1rios aqu\u00e1rios, voc\u00ea pode nos ajudar a alimentar tubar\u00f5es, flamingos e lagostas ou aproveitar emocionantes demonstra\u00e7\u00f5es de golfinhos.<\/a><\/p>\r\n<a class=\"button\" href=\"https:\/\/www.peek.com\/s\/8c37114c-9c60-4163-9690-d637ba5bf3f8\/VaDzo\" data-button-text=\"Reserve Agora\">Reserve Agora<\/a><\/div>\r\n<\/div><\/div>\n<div id='sample_slider_slide02' class='sa_hover_container' style='padding:10% 1%; margin:0px 3%; background-image:url(&quot;https:\/\/curacao-sea-aquarium.com\/wp-content\/uploads\/2025\/02\/ocean-lens2-1.png&quot;); background-position:left top; background-size:cover; background-repeat:no-repeat; background-color:rgb(255, 255, 255); '><div class=\"exp_box\">\r\n<div class=\"exp_content\">\r\n<h2><a href=\"\/ocean-lens\/\">Lente do Oceano<\/a><\/h2>\r\n<p><a href=\"\/ocean-lens\/\">Testemunhe todas as maravilhas e cores da vida marinha de Cura\u00e7ao em nossa experi\u00eancia Ocean Lens sem nunca se molhar.<\/a><\/p>\r\n<a class=\"button\" href=\"https:\/\/www.peek.com\/s\/8c37114c-9c60-4163-9690-d637ba5bf3f8\/wXxZe\" data-button-text=\"Reserve Agora\">Reserve Agora <\/a><\/div>\r\n<\/div><\/div>\n<div id='sample_slider_slide03' class='sa_hover_container' style='padding:10% 1%; margin:0px 3%; background-image:url(&quot;https:\/\/curacao-sea-aquarium.com\/wp-content\/uploads\/2025\/02\/AnimalEncounters-1.jpg&quot;); background-position:left top; background-size:cover; background-repeat:no-repeat; background-color:rgb(255, 255, 255); '><div class=\"exp_box\">\r\n<div class=\"exp_content\">\r\n<h2><a href=\"\/animal-encounters\/\">Encontros com animais<\/a><\/h2>\r\n<p><a href=\"\/animal-encounters\/\">Viva a emo\u00e7\u00e3o de conhecer de perto uma variedade de vida marinha em nossa experi\u00eancia Encontros com Animais.<\/a><\/p>\r\n<a class=\"button\" href=\"https:\/\/www.peek.com\/s\/8c37114c-9c60-4163-9690-d637ba5bf3f8\/YwKoJ\" data-button-text=\"Reserve Agora\">Reserve Agora<\/a><\/div>\r\n<\/div><\/div>\n<\/div>\n<\/div>\n<script type='text\/javascript'>\n\tdocument.addEventListener('DOMContentLoaded', function() {\n\t\tjQuery('#sample_slider').owlCarousel({\n\t\t\tresponsive:{\n\t\t\t\t0:{ items:1 },\n\t\t\t\t480:{ items:2 },\n\t\t\t\t768:{ items:2 },\n\t\t\t\t980:{ items:3 },\n\t\t\t\t1200:{ items:3 },\n\t\t\t\t1500:{ items:3 }\n\t\t\t},\n\t\t\tautoplay : false,\n\t\t\tautoplayHoverPause : false,\n\t\t\tsmartSpeed : 300,\n\t\t\tfluidSpeed : 300,\n\t\t\tautoplaySpeed : 300,\n\t\t\tnavSpeed : 300,\n\t\t\tdotsSpeed : 300,\n\t\t\tloop : true,\n\t\t\tnav : true,\n\t\t\tnavText : ['Previous','Next'],\n\t\t\tdots : false,\n\t\t\tresponsiveRefreshRate : 200,\n\t\t\tslideBy : 1,\n\t\t\tmergeFit : true,\n\t\t\tautoHeight : false,\n\t\t\tmouseDrag : true,\n\t\t\ttouchDrag : true\n\t\t});\n\t\tjQuery('#sample_slider').css('visibility', 'visible');\n\t\tsa_resize_sample_slider();\n\t\twindow.addEventListener('resize', sa_resize_sample_slider);\n\t\tfunction sa_resize_sample_slider() {\n\t\t\tvar min_height = '50';\n\t\t\tvar win_width = jQuery(window).width();\n\t\t\tvar slider_width = jQuery('#sample_slider').width();\n\t\t\tif (win_width < 480) {\n\t\t\t\tvar slide_width = slider_width \/ 1;\n\t\t\t} else if (win_width < 768) {\n\t\t\t\tvar slide_width = slider_width \/ 2;\n\t\t\t} else if (win_width < 980) {\n\t\t\t\tvar slide_width = slider_width \/ 2;\n\t\t\t} else if (win_width < 1200) {\n\t\t\t\tvar slide_width = slider_width \/ 3;\n\t\t\t} else if (win_width < 1500) {\n\t\t\t\tvar slide_width = slider_width \/ 3;\n\t\t\t} else {\n\t\t\t\tvar slide_width = slider_width \/ 3;\n\t\t\t}\n\t\t\tslide_width = Math.round(slide_width);\n\t\t\tvar slide_height = '0';\n\t\t\tif (min_height == 'aspect43') {\n\t\t\t\tslide_height = (slide_width \/ 4) * 3;\t\t\t\tslide_height = Math.round(slide_height);\n\t\t\t} else if (min_height == 'aspect169') {\n\t\t\t\tslide_height = (slide_width \/ 16) * 9;\t\t\t\tslide_height = Math.round(slide_height);\n\t\t\t} else {\n\t\t\t\tslide_height = (slide_width \/ 100) * min_height;\t\t\t\tslide_height = Math.round(slide_height);\n\t\t\t}\n\t\t\tjQuery('#sample_slider .owl-item .sa_hover_container').css('min-height', slide_height+'px');\n\t\t}\n\t\tvar owl_goto = jQuery('#sample_slider');\n\t\tjQuery('.sample_slider_goto1').click(function(event){\n\t\t\towl_goto.trigger('to.owl.carousel', 0);\n\t\t});\n\t\tjQuery('.sample_slider_goto2').click(function(event){\n\t\t\towl_goto.trigger('to.owl.carousel', 1);\n\t\t});\n\t\tjQuery('.sample_slider_goto3').click(function(event){\n\t\t\towl_goto.trigger('to.owl.carousel', 2);\n\t\t});\n\t\tvar resize_4823 = jQuery('.owl-carousel');\n\t\tresize_4823.on('initialized.owl.carousel', function(e) {\n\t\t\tif (typeof(Event) === 'function') {\n\t\t\t\twindow.dispatchEvent(new Event('resize'));\n\t\t\t} else {\n\t\t\t\tvar evt = window.document.createEvent('UIEvents');\n\t\t\t\tevt.initUIEvent('resize', true, false, window, 0);\n\t\t\t\twindow.dispatchEvent(evt);\n\t\t\t}\n\t\t});\n\t});\n<\/script>\n[\/vc_column_text][\/vc_column][\/vc_row][\/vc_section][vc_section full_width=&#8221;stretch_row&#8221; css=&#8221;.vc_custom_1576063355901{padding-top: 0px !important;}&#8221; el_class=&#8221;hotspot_section&#8221;][vc_row full_width=&#8221;stretch_row_content_no_spaces&#8221;][vc_column]<div style=\"width:;\" class=\"cqtooltip-wrapper \" data-opacity=\"1\" data-tooltipanimation=\"grow\" data-tooltipstyle=\"shadow\" data-trigger=\"\" data-maxwidth=\"450\" data-marginoffset=\"\" data-isdisplayall=\"off\" data-displayednum=\"1\"><img decoding=\"async\" src=\"https:\/\/curacao-sea-aquarium.com\/wp-content\/uploads\/2020\/09\/location-e1577184723751.jpg\" alt=\"\" \/><div class=\"cq-hotspots\"><div class=\"hotspot-item pulse-white \" style=\"top:56%;left:15%;\" data-top=\"56%\" data-left=\"15%\"><a href=\"#\" class=\"cq-tooltip\" style=\"background:#f58121;\" data-tooltip=\"\n&lt;div class=&quot;vc_col-sm-4&quot;&gt;&lt;img src=&quot;\/wp-content\/uploads\/2020\/01\/OceanLens_Logo-min.png&quot; \/&gt;&lt;\/div&gt;\n&lt;div class=&quot;vc_col-sm-8 msg&quot;&gt;D\u00ea uma espiada nas profundezas! Des\u00e7a as escadas e entre em uma c\u00e2mara de 17 p\u00e9s de profundidade com uma grande janela, chamada de lente. Cerque-se de uma abund\u00e2ncia de cores, peixes e \u00e1rvores de conserva\u00e7\u00e3o de corais.&lt;br \/&gt;\n&lt;a href=&quot;https:\/\/curacao-sea-aquarium.com\/pt-br\/experiencias\/ocean-lens\/&quot; rel=&quot;noopener noreferrer&quot;&gt;Saiba mais&amp;#8230;&lt;\/a&gt;&lt;\/div&gt;\n&lt;p&gt;&lt;\/p&gt;\n&lt;p&gt;\" data-arrowposition=\"\"><span style=\"background:#ffffff;\"><\/span><\/a><\/div><div class=\"hotspot-item pulse-white \" style=\"top:52%;left:21%;\" data-top=\"52%\" data-left=\"21%\"><a href=\"#\" class=\"cq-tooltip\" style=\"background:#f58121;\" data-tooltip=\"\n&lt;div class=&quot;vc_col-sm-4&quot;&gt;&lt;img src=&quot;\/wp-content\/uploads\/2020\/01\/Substation_Logo-min.png&quot; \/&gt;&lt;\/div&gt;\n&lt;div class=&quot;vc_col-sm-8 msg&quot;&gt;J\u00e1 se perguntou o que tem l\u00e1 embaixo? Na Substation, qualquer um pode explorar os recifes profundos a uma profundidade de 1.000 p\u00e9s (305 metros). V\u00e1 al\u00e9m dos limites do mergulho recreativo e d\u00ea uma espiada no abismo.&lt;br \/&gt;\n&lt;a href=&quot;https:\/\/www.substation-curacao.com&quot; target=&quot;_blank&quot; rel=&quot;noopener noreferrer&quot;&gt;www.substation-curacao.com&lt;\/a&gt;&lt;\/div&gt;\n&lt;p&gt;&lt;\/p&gt;\n&lt;p&gt;\" data-arrowposition=\"top\"><span style=\"background:#ffffff;\"><\/span><\/a><\/div><div class=\"hotspot-item pulse-white \" style=\"top:40%;left:70%;\" data-top=\"40%\" data-left=\"70%\"><a href=\"#\" class=\"cq-tooltip\" style=\"background:#f58121;\" data-tooltip=\"\n&lt;div class=&quot;vc_col-sm-4&quot;&gt;&lt;img src=&quot;\/wp-content\/uploads\/2020\/01\/AnimalEncouters_logo-min.png&quot; \/&gt;&lt;\/div&gt;\n&lt;div class=&quot;vc_col-sm-8 msg&quot;&gt;Visite o melhor local de mergulho com snorkel de Cura\u00e7ao no Sea Aquarium Park. Mergulhe com snorkel em uma lagoa natural e alimente manualmente as arraias, tarp\u00f5es, carapaus e tubar\u00f5es ao seu redor.&lt;br \/&gt;\n&lt;a href=&quot;https:\/\/curacao-sea-aquarium.com\/pt-br\/experiencias\/encontros-com-animais\/&quot; target=&quot;_blank&quot; rel=&quot;noopener noreferrer&quot;&gt;Saiba mais&amp;#8230;&lt;\/a&gt;&lt;\/div&gt;\n&lt;p&gt;&lt;\/p&gt;\n&lt;p&gt;\" data-arrowposition=\"top\"><span style=\"background:#ffffff;\"><\/span><\/a><\/div><div class=\"hotspot-item pulse-white \" style=\"top:49%;left:71%;\" data-top=\"49%\" data-left=\"71%\"><a href=\"#\" class=\"cq-tooltip\" style=\"background:#f58121;\" data-tooltip=\"\n&lt;div class=&quot;vc_col-sm-4&quot;&gt;&lt;img src=&quot;\/wp-content\/uploads\/2020\/01\/CuracaoSeaAquarium_logo-min.png&quot; \/&gt;&lt;\/div&gt;\n&lt;div class=&quot;vc_col-sm-8 msg&quot;&gt;O Cura\u00e7ao Sea Aquarium \u00e9 um dos aqu\u00e1rios mais exclusivos do mundo por causa do seu sistema de \u00e1guas abertas, o que significa que a \u00e1gua do mar \u00e9 bombeada continuamente para dentro dos aqu\u00e1rios. Uma \u00f3tima experi\u00eancia para toda a fam\u00edlia.&lt;br \/&gt;\n&lt;a href=&quot;https:\/\/curacao-sea-aquarium.com\/pt-br\/experiencias\/aquario-marinho-de-curacao\/&quot; target=&quot;_blank&quot; rel=&quot;noopener noreferrer&quot;&gt;Saiba mais&amp;#8230;&lt;\/a&gt;&lt;\/div&gt;\n&lt;p&gt;&lt;\/p&gt;\n&lt;p&gt;\" data-arrowposition=\"top\"><span style=\"background:#ffffff;\"><\/span><\/a><\/div><div class=\"hotspot-item pulse-white \" style=\"top:60%;left:70%;\" data-top=\"60%\" data-left=\"70%\"><a href=\"#\" class=\"cq-tooltip\" style=\"background:#f58121;\" data-tooltip=\"\n&lt;div class=&quot;vc_col-sm-4&quot;&gt;&lt;img src=&quot;\/wp-content\/uploads\/2020\/01\/DolphinAcademy_logo-min.png&quot; \/&gt;&lt;\/div&gt;\n&lt;div class=&quot;vc_col-sm-8 msg&quot;&gt;Mergulhe no mundo dos golfinhos e observe seu comportamento em uma de suas lagoas naturais. Escolha uma das muitas Dolphin Experiences que mais combina com voc\u00ea: em sua lagoa natural ou mesmo em \u00e1guas abertas!&lt;br \/&gt;\n&lt;a href=&quot;https:\/\/dolphin-academy.com\/pt-br&quot; target=&quot;_blank&quot; rel=&quot;noopener noreferrer&quot;&gt;www.dolphin-academy.com&lt;\/a&gt;&lt;\/div&gt;\n&lt;p&gt;\" data-arrowposition=\"top\"><span style=\"background:#ffffff;\"><\/span><\/a><\/div><\/div><\/div>[\/vc_column][\/vc_row][\/vc_section][vc_row full_width=&#8221;stretch_row_content_no_spaces&#8221; el_class=&#8221;mobile_footer_pattern&#8221;][vc_column][vc_single_image image=&#8221;408&#8243; img_size=&#8221;full&#8221; alignment=&#8221;center&#8221;][\/vc_column][\/vc_row]<\/p>\n<\/section>","protected":false},"excerpt":{"rendered":"<p>[vc_section full_width=&#8221;stretch_row&#8221; el_class=&#8221;top-experiences-section&#8221; css=&#8221;.vc_custom_1579858192129{margin-right: 0px !important;padding-top: 50px !important;padding-right: 0px !important;}&#8221;][vc_row full_width=&#8221;stretch_row&#8221; css=&#8221;.vc_custom_1579770299777{margin-right: 0px !important;padding-right: 0px !important;}&#8221;][vc_column width=&#8221;5\/12&#8243;][vc_custom_heading text=&#8221;Um dia para lembrar&#8221; font_container=&#8221;tag:h2|text_align:left|color:%23202020&#8243; use_theme_fonts=&#8221;yes&#8221;][vc_column_text] No Aqu\u00e1rio Marinho<span class=\"excerpt-hellip\"> [\u2026]<\/span><\/p>\n","protected":false},"author":25,"featured_media":0,"parent":0,"menu_order":0,"comment_status":"closed","ping_status":"open","template":"","meta":{"footnotes":"","_wp_rev_ctl_limit":""},"class_list":["post-4548","page","type-page","status-publish","hentry"],"yoast_head":"<!-- This site is optimized with the Yoast SEO plugin v27.5 - https:\/\/yoast.com\/product\/yoast-seo-wordpress\/ -->\n<title>The Different Aquatic Activities | Cura\u00e7ao Sea Aquarium<\/title>\n<meta name=\"description\" content=\"Experience the fun aquatic activities at Cura\u00e7ao Sea Aquarium! From interactive experiences to exciting demonstrations.\" \/>\n<meta name=\"robots\" content=\"index, follow, max-snippet:-1, max-image-preview:large, max-video-preview:-1\" \/>\n<link rel=\"canonical\" href=\"https:\/\/curacao-sea-aquarium.com\/pt-br\/experiencias\/\" \/>\n<meta property=\"og:locale\" content=\"pt_BR\" \/>\n<meta property=\"og:type\" content=\"article\" \/>\n<meta property=\"og:title\" content=\"The Different Aquatic Activities | Cura\u00e7ao Sea Aquarium\" \/>\n<meta property=\"og:description\" content=\"Experience the fun aquatic activities at Cura\u00e7ao Sea Aquarium! From interactive experiences to exciting demonstrations.\" \/>\n<meta property=\"og:url\" content=\"https:\/\/curacao-sea-aquarium.com\/pt-br\/experiencias\/\" \/>\n<meta property=\"og:site_name\" content=\"Curacao Sea Aquarium\" \/>\n<meta property=\"article:modified_time\" content=\"2025-02-21T18:48:11+00:00\" \/>\n<meta name=\"twitter:card\" content=\"summary_large_image\" \/>\n<meta name=\"twitter:label1\" content=\"Est. tempo de leitura\" \/>\n\t<meta name=\"twitter:data1\" content=\"3 minutos\" \/>\n<script type=\"application\/ld+json\" class=\"yoast-schema-graph\">{\"@context\":\"https:\\\/\\\/schema.org\",\"@graph\":[{\"@type\":\"WebPage\",\"@id\":\"https:\\\/\\\/curacao-sea-aquarium.com\\\/pt-br\\\/experiencias\\\/\",\"url\":\"https:\\\/\\\/curacao-sea-aquarium.com\\\/pt-br\\\/experiencias\\\/\",\"name\":\"The Different Aquatic Activities | Cura\u00e7ao Sea Aquarium\",\"isPartOf\":{\"@id\":\"https:\\\/\\\/curacao-sea-aquarium.com\\\/pt-br\\\/#website\"},\"datePublished\":\"2019-12-02T07:35:38+00:00\",\"dateModified\":\"2025-02-21T18:48:11+00:00\",\"description\":\"Experience the fun aquatic activities at Cura\u00e7ao Sea Aquarium! From interactive experiences to exciting demonstrations.\",\"breadcrumb\":{\"@id\":\"https:\\\/\\\/curacao-sea-aquarium.com\\\/pt-br\\\/experiencias\\\/#breadcrumb\"},\"inLanguage\":\"pt-BR\",\"potentialAction\":[{\"@type\":\"ReadAction\",\"target\":[\"https:\\\/\\\/curacao-sea-aquarium.com\\\/pt-br\\\/experiencias\\\/\"]}]},{\"@type\":\"BreadcrumbList\",\"@id\":\"https:\\\/\\\/curacao-sea-aquarium.com\\\/pt-br\\\/experiencias\\\/#breadcrumb\",\"itemListElement\":[{\"@type\":\"ListItem\",\"position\":1,\"name\":\"Home\",\"item\":\"https:\\\/\\\/curacao-sea-aquarium.com\\\/pt-br\\\/\"},{\"@type\":\"ListItem\",\"position\":2,\"name\":\"Experi\u00eancias\"}]},{\"@type\":\"WebSite\",\"@id\":\"https:\\\/\\\/curacao-sea-aquarium.com\\\/pt-br\\\/#website\",\"url\":\"https:\\\/\\\/curacao-sea-aquarium.com\\\/pt-br\\\/\",\"name\":\"Curacao Sea Aquarium\",\"description\":\"Curacao Sea Aquarium\",\"potentialAction\":[{\"@type\":\"SearchAction\",\"target\":{\"@type\":\"EntryPoint\",\"urlTemplate\":\"https:\\\/\\\/curacao-sea-aquarium.com\\\/pt-br\\\/?s={search_term_string}\"},\"query-input\":{\"@type\":\"PropertyValueSpecification\",\"valueRequired\":true,\"valueName\":\"search_term_string\"}}],\"inLanguage\":\"pt-BR\"}]}<\/script>\n<!-- \/ Yoast SEO plugin. -->","yoast_head_json":{"title":"The Different Aquatic Activities | Cura\u00e7ao Sea Aquarium","description":"Experience the fun aquatic activities at Cura\u00e7ao Sea Aquarium! From interactive experiences to exciting demonstrations.","robots":{"index":"index","follow":"follow","max-snippet":"max-snippet:-1","max-image-preview":"max-image-preview:large","max-video-preview":"max-video-preview:-1"},"canonical":"https:\/\/curacao-sea-aquarium.com\/pt-br\/experiencias\/","og_locale":"pt_BR","og_type":"article","og_title":"The Different Aquatic Activities | Cura\u00e7ao Sea Aquarium","og_description":"Experience the fun aquatic activities at Cura\u00e7ao Sea Aquarium! From interactive experiences to exciting demonstrations.","og_url":"https:\/\/curacao-sea-aquarium.com\/pt-br\/experiencias\/","og_site_name":"Curacao Sea Aquarium","article_modified_time":"2025-02-21T18:48:11+00:00","twitter_card":"summary_large_image","twitter_misc":{"Est. tempo de leitura":"3 minutos"},"schema":{"@context":"https:\/\/schema.org","@graph":[{"@type":"WebPage","@id":"https:\/\/curacao-sea-aquarium.com\/pt-br\/experiencias\/","url":"https:\/\/curacao-sea-aquarium.com\/pt-br\/experiencias\/","name":"The Different Aquatic Activities | Cura\u00e7ao Sea Aquarium","isPartOf":{"@id":"https:\/\/curacao-sea-aquarium.com\/pt-br\/#website"},"datePublished":"2019-12-02T07:35:38+00:00","dateModified":"2025-02-21T18:48:11+00:00","description":"Experience the fun aquatic activities at Cura\u00e7ao Sea Aquarium! From interactive experiences to exciting demonstrations.","breadcrumb":{"@id":"https:\/\/curacao-sea-aquarium.com\/pt-br\/experiencias\/#breadcrumb"},"inLanguage":"pt-BR","potentialAction":[{"@type":"ReadAction","target":["https:\/\/curacao-sea-aquarium.com\/pt-br\/experiencias\/"]}]},{"@type":"BreadcrumbList","@id":"https:\/\/curacao-sea-aquarium.com\/pt-br\/experiencias\/#breadcrumb","itemListElement":[{"@type":"ListItem","position":1,"name":"Home","item":"https:\/\/curacao-sea-aquarium.com\/pt-br\/"},{"@type":"ListItem","position":2,"name":"Experi\u00eancias"}]},{"@type":"WebSite","@id":"https:\/\/curacao-sea-aquarium.com\/pt-br\/#website","url":"https:\/\/curacao-sea-aquarium.com\/pt-br\/","name":"Curacao Sea Aquarium","description":"Curacao Sea Aquarium","potentialAction":[{"@type":"SearchAction","target":{"@type":"EntryPoint","urlTemplate":"https:\/\/curacao-sea-aquarium.com\/pt-br\/?s={search_term_string}"},"query-input":{"@type":"PropertyValueSpecification","valueRequired":true,"valueName":"search_term_string"}}],"inLanguage":"pt-BR"}]}},"jetpack_sharing_enabled":true,"_links":{"self":[{"href":"https:\/\/curacao-sea-aquarium.com\/pt-br\/wp-json\/wp\/v2\/pages\/4548","targetHints":{"allow":["GET"]}}],"collection":[{"href":"https:\/\/curacao-sea-aquarium.com\/pt-br\/wp-json\/wp\/v2\/pages"}],"about":[{"href":"https:\/\/curacao-sea-aquarium.com\/pt-br\/wp-json\/wp\/v2\/types\/page"}],"author":[{"embeddable":true,"href":"https:\/\/curacao-sea-aquarium.com\/pt-br\/wp-json\/wp\/v2\/users\/25"}],"replies":[{"embeddable":true,"href":"https:\/\/curacao-sea-aquarium.com\/pt-br\/wp-json\/wp\/v2\/comments?post=4548"}],"version-history":[{"count":7,"href":"https:\/\/curacao-sea-aquarium.com\/pt-br\/wp-json\/wp\/v2\/pages\/4548\/revisions"}],"predecessor-version":[{"id":4824,"href":"https:\/\/curacao-sea-aquarium.com\/pt-br\/wp-json\/wp\/v2\/pages\/4548\/revisions\/4824"}],"wp:attachment":[{"href":"https:\/\/curacao-sea-aquarium.com\/pt-br\/wp-json\/wp\/v2\/media?parent=4548"}],"curies":[{"name":"wp","href":"https:\/\/api.w.org\/{rel}","templated":true}]}}