{"id":4533,"date":"2019-12-19T06:06:13","date_gmt":"2019-12-19T06:06:13","guid":{"rendered":"https:\/\/curacao-sea-aquarium.com\/education\/school-social-projects\/"},"modified":"2025-02-21T15:39:02","modified_gmt":"2025-02-21T19:39:02","slug":"projetos-escolares-sociais","status":"publish","type":"page","link":"https:\/\/curacao-sea-aquarium.com\/pt-br\/educacao\/projetos-escolares-sociais\/","title":{"rendered":"Projetos Escolares &#038; Sociais"},"content":{"rendered":"<section class=\"wpb-content-wrapper\"><p>[vc_section el_class=&#8221;top-experiences-section&#8221;][vc_row][vc_column][vc_empty_space height=&#8221;15px&#8221;][vc_custom_heading text=&#8221;Projetos Escolares &amp; Sociais&#8221; font_container=&#8221;tag:h2|text_align:left|color:%23202020&#8243; use_theme_fonts=&#8221;yes&#8221;][vc_empty_space height=&#8221;0&#8243;][\/vc_column][\/vc_row][vc_row][vc_column width=&#8221;1\/2&#8243;][vc_column_text]<\/p>\n<div class=\"page_content\">Procurando despertar o interesse da sua turma pela vida marinha de Cura\u00e7ao? Ent\u00e3o, n\u00e3o procure mais, o Aqu\u00e1rio Marinho de Cura\u00e7ao \u00e9 o lugar certo! Nosso departamento de educa\u00e7\u00e3o oferece com entusiasmo educa\u00e7\u00e3o marinha para escolas e grupos, com o objetivo de estimular o interesse entre a juventude local pelo mundo subaqu\u00e1tico de Cura\u00e7ao e pelo bem-estar de todos os membros da vida marinha da ilha. Por esse motivo, o departamento oferece a esses grupos programas e aulas interativas e divertidas no Aqu\u00e1rio Marinho de Cura\u00e7ao. Al\u00e9m de educacional, tamb\u00e9m \u00e9 garantido ser um momento muito agrad\u00e1vel para toda a turma!<\/div>\n<p>[\/vc_column_text][vc_column_text]<\/p>\n<div class=\"page_content\">O departamento oferece programas educacionais sobre a vida marinha para pr\u00e9-escolas, jardins de inf\u00e2ncia, escolas prim\u00e1rias, escolas secund\u00e1rias, escolas especiais e escolas privadas. Tamb\u00e9m oferece esse servi\u00e7o em formatos individuais, pacotes ou como projetos sociais para funda\u00e7\u00f5es, orfanatos, grupos de planos de f\u00e9rias, grupos comunit\u00e1rios de igrejas, grupos de idosos (60+), clubes e outros, de acordo com suas necessidades espec\u00edficas.<\/div>\n<p>[\/vc_column_text][vc_empty_space height=&#8221;10px&#8221;][\/vc_column][vc_column width=&#8221;1\/2&#8243;][vc_single_image image=&#8221;4536&#8243; img_size=&#8221;full&#8221; alignment=&#8221;center&#8221; css=&#8221;.vc_custom_1581913499149{margin-bottom: 0px !important;}&#8221;][\/vc_column][\/vc_row][\/vc_section][vc_section full_width=&#8221;stretch_row&#8221; css=&#8221;.vc_custom_1576130945865{background-image: url(https:\/\/curacao-sea-aquarium.com\/wp-content\/uploads\/2019\/12\/water-bg2.jpg?id=442) !important;background-position: center !important;background-repeat: no-repeat !important;background-size: cover !important;}&#8221;][vc_row css=&#8221;.vc_custom_1576131799421{padding-top: 20px !important;}&#8221;][vc_column][vc_custom_heading text=&#8221;Sobre sua Experi\u00eancia&#8221; font_container=&#8221;tag:h2|text_align:center|color:%23ffffff&#8221; use_theme_fonts=&#8221;yes&#8221;][vc_empty_space][vc_row_inner el_class=&#8221;tab_sm_grid&#8221; css=&#8221;.vc_custom_1576736758761{padding-right: 10% !important;padding-left: 10% !important;}&#8221;][vc_column_inner width=&#8221;1\/3&#8243;]<div class=\"icon_box icon_position_top no_border\"><div class=\"image_wrapper\"><img loading=\"lazy\" decoding=\"async\" class=\"scale-with-grid\" src=\"https:\/\/curacao-sea-aquarium.com\/wp-content\/uploads\/2020\/01\/month.png\" alt=\"month\" width=\"85\" height=\"85\"\/><\/div><div class=\"desc_wrapper\"><h4 class=\"title\">Disponibilidade:<\/h4><div class=\"desc\">Seg &#8211; Sex | In\u00edcio \u00e0s 8h30 ou 9h00<\/div><\/div><\/div>\n[\/vc_column_inner][vc_column_inner width=&#8221;1\/3&#8243;]<div class=\"icon_box icon_position_top no_border\"><div class=\"image_wrapper\"><img loading=\"lazy\" decoding=\"async\" class=\"scale-with-grid\" src=\"https:\/\/curacao-sea-aquarium.com\/wp-content\/uploads\/2020\/01\/children.png\" alt=\"children\" width=\"85\" height=\"85\"\/><\/div><div class=\"desc_wrapper\"><h4 class=\"title\">Idade m\u00ednima:<\/h4><div class=\"desc\"> 6 anos<\/div><\/div><\/div>\n[\/vc_column_inner][vc_column_inner width=&#8221;1\/3&#8243;]<div class=\"icon_box icon_position_top no_border\"><div class=\"image_wrapper\"><img loading=\"lazy\" decoding=\"async\" class=\"scale-with-grid\" src=\"https:\/\/curacao-sea-aquarium.com\/wp-content\/uploads\/2020\/01\/hourglass-2.png\" alt=\"hourglass\" width=\"54\" height=\"85\"\/><\/div><div class=\"desc_wrapper\"><h4 class=\"title\">Dura\u00e7\u00e3o:<\/h4><div class=\"desc\">M\u00e1ximo de 3 horas por programa, com intervalo para lanche<\/div><\/div><\/div>\n[\/vc_column_inner][\/vc_row_inner][\/vc_column][\/vc_row][vc_row full_width=&#8221;stretch_row_content_no_spaces&#8221; css=&#8221;.vc_custom_1576223246331{margin-top: 0px !important;margin-bottom: -35px !important;}&#8221; el_class=&#8221;desktop_wave&#8221;][vc_column][vc_single_image image=&#8221;480&#8243; img_size=&#8221;full&#8221; alignment=&#8221;center&#8221; css=&#8221;.vc_custom_1576135486252{margin-bottom: 0px !important;}&#8221;][\/vc_column][\/vc_row][vc_row full_width=&#8221;stretch_row_content_no_spaces&#8221; css=&#8221;.vc_custom_1576223257261{margin-top: 0px !important;margin-bottom: -35px !important;}&#8221; el_class=&#8221;mobile_wave&#8221;][vc_column][vc_single_image image=&#8221;492&#8243; img_size=&#8221;full&#8221; alignment=&#8221;center&#8221; css=&#8221;.vc_custom_1576223230709{margin-bottom: 0px !important;}&#8221;][\/vc_column][\/vc_row][\/vc_section][vc_section el_class=&#8221;price_section&#8221;][vc_row][vc_column width=&#8221;1\/2&#8243; css=&#8221;.vc_custom_1579850256362{padding-top: 20px !important;}&#8221; el_class=&#8221;list_items&#8221;][vc_custom_heading text=&#8221;O que est\u00e1 inclu\u00eddo&#8221; font_container=&#8221;tag:h2|text_align:left|color:%23202020&#8243; use_theme_fonts=&#8221;yes&#8221;][vc_empty_space height=&#8221;5px&#8221; el_class=&#8221;mobile_space&#8221;][vc_column_text]<\/p>\n<ul>\n<li>Programa geral: tour privado pelo Sea Aquarium Park, em pontos designados espec\u00edficos.<\/li>\n<li>Pacote tem\u00e1tico: um dia de estudo no Aqu\u00e1rio Marinho de Cura\u00e7ao com uma aula te\u00f3rica sobre o tema escolhido, tarefa(s) e um tour pr\u00e1tico em n\u00edveis, em pontos espec\u00edficos do Aqu\u00e1rio Marinho de Cura\u00e7ao.<\/li>\n<li>Um intervalo para lanche em uma \u00e1rea reservada do parque, com ofertas especiais de baixo custo para grupos e escolas, que podem ser adquiridas no quiosque do local.<\/li>\n<\/ul>\n<p>[\/vc_column_text][vc_empty_space height=&#8221;15px&#8221; el_class=&#8221;mobile_space&#8221;][\/vc_column][vc_column width=&#8221;1\/2&#8243; el_class=&#8221;list_items&#8221; css=&#8221;.vc_custom_1579850248121{padding-top: 20px !important;}&#8221;][vc_custom_heading text=&#8221;Importante saber&#8221; font_container=&#8221;tag:h2|text_align:left|color:%23202020&#8243; use_theme_fonts=&#8221;yes&#8221;][vc_empty_space height=&#8221;5px&#8221; el_class=&#8221;mobile_space&#8221;][vc_column_text]<\/p>\n<ul>\n<li>Nossos programas s\u00e3o acess\u00edveis para todas as s\u00e9ries! N\u00e3o \u00e9 necess\u00e1rio ter conhecimento pr\u00e9vio.<\/li>\n<li>V\u00e1rios programas educativos tem\u00e1ticos est\u00e3o dispon\u00edveis. Desde o n\u00edvel iniciante at\u00e9 moderado e avan\u00e7ado.<\/li>\n<li>Pacotes dispon\u00edveis a partir de 6 anos: grupo escolar 3 ou 1\u00aa s\u00e9rie.<\/li>\n<\/ul>\n<p>[\/vc_column_text][vc_empty_space height=&#8221;15px&#8221; el_class=&#8221;mobile_space&#8221;][\/vc_column][\/vc_row][\/vc_section][vc_section disable_element=&#8221;yes&#8221; el_class=&#8221;price_section price-mob-view&#8221;][vc_row][vc_column width=&#8221;1\/2&#8243; el_class=&#8221;list_items&#8221;][vc_custom_heading text=&#8221;Good to know&#8221; font_container=&#8221;tag:h2|text_align:left|color:%23202020&#8243; use_theme_fonts=&#8221;yes&#8221;][vc_empty_space height=&#8221;&#8221;][vc_column_text]<\/p>\n<ul>\n<li>Lorem ipsum dolor sit amet consectetur adipiscing elitNullam condimentum<\/li>\n<li>Ut tincidunt nibh. Maecenas quam leo, auctor sed faucibus at, aliquam eu nisl. Praesent non fringilla ligula. Integer nibh urna.<\/li>\n<li>Eutrum vitae pharetra vitae, gravida et velit. Praesent eget neque vitae dolor iaculis hendrerit id eget est.<\/li>\n<li>Phasellus at vestibulum turpis. Morbi a felis aliquet, euismod turpis at, hendrerit nisl.<\/li>\n<li>Vivamus sollicitudin sed justo ac imperdiet.<\/li>\n<li>Mauris sollicitudin leo nec felis mattis, quis ultricies tellus sagittis.<\/li>\n<li>Donec vitae ligula non turpis tincidunt pulvinar. Vestibulum nec nunc est.<\/li>\n<\/ul>\n<p>[\/vc_column_text][vc_empty_space height=&#8221;10px&#8221;][\/vc_column][vc_column width=&#8221;1\/2&#8243;][vc_row_inner][vc_column_inner width=&#8221;1\/2&#8243;][vc_column_text]<\/p>\n<div class=\"price_circle circle_1\">\n<div class=\"price_content\">\n<div class=\"top_heading\">Ages 1 &#8211; 4<\/div>\n<div class=\"price\"><small class=\"c-sign\">$<\/small>50<small class=\"c-sign\">,00<\/small><\/div>\n<p><a href=\"#\">Book Now<\/a><\/p>\n<\/div>\n<\/div>\n<p>[\/vc_column_text][\/vc_column_inner][vc_column_inner width=&#8221;1\/2&#8243;][vc_column_text]<\/p>\n<div class=\"price_circle circle_2\">\n<div class=\"price_content\">\n<div class=\"top_heading\">5 year +<\/div>\n<div class=\"price\"><small class=\"c-sign\">$<\/small>99<small class=\"c-sign\">,00<\/small><\/div>\n<p><a href=\"#\">Book Now<\/a><\/p>\n<\/div>\n<\/div>\n<p>[\/vc_column_text][\/vc_column_inner][\/vc_row_inner][\/vc_column][\/vc_row][\/vc_section][vc_section full_width=&#8221;stretch_row&#8221; css=&#8221;.vc_custom_1579851969501{background-color: #f3f3f3 !important;}&#8221;][vc_row][vc_column][vc_empty_space height=&#8221;5px&#8221; el_class=&#8221;mobile_space&#8221;][vc_custom_heading text=&#8221;Quer saber mais? Entre em contato conosco!&#8221; font_container=&#8221;tag:h2|text_align:center|color:%23202020&#8243; use_theme_fonts=&#8221;yes&#8221;][vc_empty_space height=&#8221;5px&#8221; el_class=&#8221;mobile_space&#8221;][\/vc_column][\/vc_row][vc_row][vc_column width=&#8221;1\/6&#8243;][\/vc_column][vc_column width=&#8221;2\/3&#8243;]\n<div class=\"wpcf7 no-js\" id=\"wpcf7-f4828-o1\" lang=\"pt-BR\" dir=\"ltr\" data-wpcf7-id=\"4828\">\n<div class=\"screen-reader-response\"><p role=\"status\" aria-live=\"polite\" aria-atomic=\"true\"><\/p> <ul><\/ul><\/div>\n<form action=\"\/pt-br\/wp-json\/wp\/v2\/pages\/4533#wpcf7-f4828-o1\" method=\"post\" class=\"wpcf7-form init\" aria-label=\"Formul\u00e1rios de contato\" novalidate=\"novalidate\" data-status=\"init\">\n<fieldset class=\"hidden-fields-container\"><input type=\"hidden\" name=\"_wpcf7\" value=\"4828\" \/><input type=\"hidden\" name=\"_wpcf7_version\" value=\"6.1.5\" \/><input type=\"hidden\" name=\"_wpcf7_locale\" value=\"pt_BR\" \/><input type=\"hidden\" name=\"_wpcf7_unit_tag\" value=\"wpcf7-f4828-o1\" \/><input type=\"hidden\" name=\"_wpcf7_container_post\" value=\"0\" \/><input type=\"hidden\" name=\"_wpcf7_posted_data_hash\" value=\"\" \/><input type=\"hidden\" name=\"_wpcf7_recaptcha_response\" value=\"\" \/>\n<\/fieldset>\n<div class=\"contact-form\">\n\t<div class=\"vc_col-sm-6 input_field\">\n\t\t<p><span class=\"wpcf7-form-control-wrap\" data-name=\"fname\"><input size=\"40\" maxlength=\"400\" class=\"wpcf7-form-control wpcf7-text wpcf7-validates-as-required\" aria-required=\"true\" aria-invalid=\"false\" placeholder=\"Nome\" value=\"\" type=\"text\" name=\"fname\" \/><\/span>\n\t\t<\/p>\n\t<\/div>\n\t<div class=\"vc_col-sm-6 input_field\">\n\t\t<p><span class=\"wpcf7-form-control-wrap\" data-name=\"organization\"><input size=\"40\" maxlength=\"400\" class=\"wpcf7-form-control wpcf7-text wpcf7-validates-as-required\" aria-required=\"true\" aria-invalid=\"false\" placeholder=\"Organiza\u00e7\u00e3o\" value=\"\" type=\"text\" name=\"organization\" \/><\/span>\n\t\t<\/p>\n\t<\/div>\n\t<div class=\"vc_col-sm-6 input_field\">\n\t\t<p><span class=\"wpcf7-form-control-wrap\" data-name=\"email\"><input size=\"40\" maxlength=\"400\" class=\"wpcf7-form-control wpcf7-email wpcf7-validates-as-required wpcf7-text wpcf7-validates-as-email\" aria-required=\"true\" aria-invalid=\"false\" placeholder=\"Endere\u00e7o de e-mail\" value=\"\" type=\"email\" name=\"email\" \/><\/span>\n\t\t<\/p>\n\t<\/div>\n\t<div class=\"vc_col-sm-6 input_field\">\n\t\t<p><span class=\"wpcf7-form-control-wrap\" data-name=\"telephone\"><input size=\"40\" maxlength=\"400\" class=\"wpcf7-form-control wpcf7-tel wpcf7-text wpcf7-validates-as-tel\" aria-invalid=\"false\" placeholder=\"Telefone\" value=\"\" type=\"tel\" name=\"telephone\" \/><\/span>\n\t\t<\/p>\n\t<\/div>\n\t<div class=\"vc_col-sm-12 input_field\">\n\t\t<p><span class=\"wpcf7-form-control-wrap\" data-name=\"message\"><textarea cols=\"40\" rows=\"10\" maxlength=\"2000\" class=\"wpcf7-form-control wpcf7-textarea wpcf7-validates-as-required\" aria-required=\"true\" aria-invalid=\"false\" placeholder=\"Sua mensagem\" name=\"message\"><\/textarea><\/span>\n\t\t<\/p>\n\t<\/div>\n<\/div>\n<p><input class=\"wpcf7-form-control wpcf7-submit has-spinner\" type=\"submit\" value=\"ENVIAR AGORA\" \/>\n<\/p><p style=\"display: none !important;\" class=\"akismet-fields-container\" data-prefix=\"_wpcf7_ak_\"><label>&#916;<textarea name=\"_wpcf7_ak_hp_textarea\" cols=\"45\" rows=\"8\" maxlength=\"100\"><\/textarea><\/label><input type=\"hidden\" id=\"ak_js_1\" name=\"_wpcf7_ak_js\" value=\"237\"\/><script type=\"text\/javascript\">\n\/* <![CDATA[ *\/\ndocument.getElementById( \"ak_js_1\" ).setAttribute( \"value\", ( new Date() ).getTime() );\n\/* ]]> *\/\n<\/script>\n<\/p><div class=\"wpcf7-response-output\" aria-hidden=\"true\"><\/div>\n<\/form>\n<\/div>\n[\/vc_column][vc_column width=&#8221;1\/6&#8243;][\/vc_column][\/vc_row][\/vc_section]<\/p>\n<\/section>","protected":false},"excerpt":{"rendered":"<p>[vc_section el_class=&#8221;top-experiences-section&#8221;][vc_row][vc_column][vc_empty_space height=&#8221;15px&#8221;][vc_custom_heading text=&#8221;Projetos Escolares &amp; Sociais&#8221; font_container=&#8221;tag:h2|text_align:left|color:%23202020&#8243; use_theme_fonts=&#8221;yes&#8221;][vc_empty_space height=&#8221;0&#8243;][\/vc_column][\/vc_row][vc_row][vc_column width=&#8221;1\/2&#8243;][vc_column_text] Procurando despertar o interesse da sua turma pela vida marinha de Cura\u00e7ao? Ent\u00e3o, n\u00e3o procure<span class=\"excerpt-hellip\"> [\u2026]<\/span><\/p>\n","protected":false},"author":25,"featured_media":0,"parent":4528,"menu_order":0,"comment_status":"closed","ping_status":"closed","template":"","meta":{"footnotes":"","_wp_rev_ctl_limit":""},"class_list":["post-4533","page","type-page","status-publish","hentry"],"yoast_head":"<!-- This site is optimized with the Yoast SEO plugin v27.5 - https:\/\/yoast.com\/product\/yoast-seo-wordpress\/ -->\n<title>School &amp; Social Projects | Cura\u00e7ao Sea Aquarium<\/title>\n<meta name=\"description\" content=\"We offer marine education to schools and groups to bolster interest for Cura\u00e7ao\u2019s underwater world among the local youth.\" \/>\n<meta name=\"robots\" content=\"index, follow, max-snippet:-1, max-image-preview:large, max-video-preview:-1\" \/>\n<link rel=\"canonical\" href=\"https:\/\/curacao-sea-aquarium.com\/pt-br\/educacao\/projetos-escolares-sociais\/\" \/>\n<meta property=\"og:locale\" content=\"pt_BR\" \/>\n<meta property=\"og:type\" content=\"article\" \/>\n<meta property=\"og:title\" content=\"School &amp; Social Projects | Cura\u00e7ao Sea Aquarium\" \/>\n<meta property=\"og:description\" content=\"We offer marine education to schools and groups to bolster interest for Cura\u00e7ao\u2019s underwater world among the local youth.\" \/>\n<meta property=\"og:url\" content=\"https:\/\/curacao-sea-aquarium.com\/pt-br\/educacao\/projetos-escolares-sociais\/\" \/>\n<meta property=\"og:site_name\" content=\"Curacao Sea Aquarium\" \/>\n<meta property=\"article:modified_time\" content=\"2025-02-21T19:39:02+00:00\" \/>\n<meta name=\"twitter:card\" content=\"summary_large_image\" \/>\n<meta name=\"twitter:label1\" content=\"Est. tempo de leitura\" \/>\n\t<meta name=\"twitter:data1\" content=\"3 minutos\" \/>\n<script type=\"application\/ld+json\" class=\"yoast-schema-graph\">{\"@context\":\"https:\\\/\\\/schema.org\",\"@graph\":[{\"@type\":\"WebPage\",\"@id\":\"https:\\\/\\\/curacao-sea-aquarium.com\\\/pt-br\\\/educacao\\\/projetos-escolares-sociais\\\/\",\"url\":\"https:\\\/\\\/curacao-sea-aquarium.com\\\/pt-br\\\/educacao\\\/projetos-escolares-sociais\\\/\",\"name\":\"School & Social Projects | Cura\u00e7ao Sea Aquarium\",\"isPartOf\":{\"@id\":\"https:\\\/\\\/curacao-sea-aquarium.com\\\/pt-br\\\/#website\"},\"datePublished\":\"2019-12-19T06:06:13+00:00\",\"dateModified\":\"2025-02-21T19:39:02+00:00\",\"description\":\"We offer marine education to schools and groups to bolster interest for Cura\u00e7ao\u2019s underwater world among the local youth.\",\"breadcrumb\":{\"@id\":\"https:\\\/\\\/curacao-sea-aquarium.com\\\/pt-br\\\/educacao\\\/projetos-escolares-sociais\\\/#breadcrumb\"},\"inLanguage\":\"pt-BR\",\"potentialAction\":[{\"@type\":\"ReadAction\",\"target\":[\"https:\\\/\\\/curacao-sea-aquarium.com\\\/pt-br\\\/educacao\\\/projetos-escolares-sociais\\\/\"]}]},{\"@type\":\"BreadcrumbList\",\"@id\":\"https:\\\/\\\/curacao-sea-aquarium.com\\\/pt-br\\\/educacao\\\/projetos-escolares-sociais\\\/#breadcrumb\",\"itemListElement\":[{\"@type\":\"ListItem\",\"position\":1,\"name\":\"Home\",\"item\":\"https:\\\/\\\/curacao-sea-aquarium.com\\\/pt-br\\\/\"},{\"@type\":\"ListItem\",\"position\":2,\"name\":\"Educa\u00e7\u00e3o\",\"item\":\"https:\\\/\\\/curacao-sea-aquarium.com\\\/pt-br\\\/educacao\\\/\"},{\"@type\":\"ListItem\",\"position\":3,\"name\":\"Projetos Escolares &#038; Sociais\"}]},{\"@type\":\"WebSite\",\"@id\":\"https:\\\/\\\/curacao-sea-aquarium.com\\\/pt-br\\\/#website\",\"url\":\"https:\\\/\\\/curacao-sea-aquarium.com\\\/pt-br\\\/\",\"name\":\"Curacao Sea Aquarium\",\"description\":\"Curacao Sea Aquarium\",\"potentialAction\":[{\"@type\":\"SearchAction\",\"target\":{\"@type\":\"EntryPoint\",\"urlTemplate\":\"https:\\\/\\\/curacao-sea-aquarium.com\\\/pt-br\\\/?s={search_term_string}\"},\"query-input\":{\"@type\":\"PropertyValueSpecification\",\"valueRequired\":true,\"valueName\":\"search_term_string\"}}],\"inLanguage\":\"pt-BR\"}]}<\/script>\n<!-- \/ Yoast SEO plugin. -->","yoast_head_json":{"title":"School & Social Projects | Cura\u00e7ao Sea Aquarium","description":"We offer marine education to schools and groups to bolster interest for Cura\u00e7ao\u2019s underwater world among the local youth.","robots":{"index":"index","follow":"follow","max-snippet":"max-snippet:-1","max-image-preview":"max-image-preview:large","max-video-preview":"max-video-preview:-1"},"canonical":"https:\/\/curacao-sea-aquarium.com\/pt-br\/educacao\/projetos-escolares-sociais\/","og_locale":"pt_BR","og_type":"article","og_title":"School & Social Projects | Cura\u00e7ao Sea Aquarium","og_description":"We offer marine education to schools and groups to bolster interest for Cura\u00e7ao\u2019s underwater world among the local youth.","og_url":"https:\/\/curacao-sea-aquarium.com\/pt-br\/educacao\/projetos-escolares-sociais\/","og_site_name":"Curacao Sea Aquarium","article_modified_time":"2025-02-21T19:39:02+00:00","twitter_card":"summary_large_image","twitter_misc":{"Est. tempo de leitura":"3 minutos"},"schema":{"@context":"https:\/\/schema.org","@graph":[{"@type":"WebPage","@id":"https:\/\/curacao-sea-aquarium.com\/pt-br\/educacao\/projetos-escolares-sociais\/","url":"https:\/\/curacao-sea-aquarium.com\/pt-br\/educacao\/projetos-escolares-sociais\/","name":"School & Social Projects | Cura\u00e7ao Sea Aquarium","isPartOf":{"@id":"https:\/\/curacao-sea-aquarium.com\/pt-br\/#website"},"datePublished":"2019-12-19T06:06:13+00:00","dateModified":"2025-02-21T19:39:02+00:00","description":"We offer marine education to schools and groups to bolster interest for Cura\u00e7ao\u2019s underwater world among the local youth.","breadcrumb":{"@id":"https:\/\/curacao-sea-aquarium.com\/pt-br\/educacao\/projetos-escolares-sociais\/#breadcrumb"},"inLanguage":"pt-BR","potentialAction":[{"@type":"ReadAction","target":["https:\/\/curacao-sea-aquarium.com\/pt-br\/educacao\/projetos-escolares-sociais\/"]}]},{"@type":"BreadcrumbList","@id":"https:\/\/curacao-sea-aquarium.com\/pt-br\/educacao\/projetos-escolares-sociais\/#breadcrumb","itemListElement":[{"@type":"ListItem","position":1,"name":"Home","item":"https:\/\/curacao-sea-aquarium.com\/pt-br\/"},{"@type":"ListItem","position":2,"name":"Educa\u00e7\u00e3o","item":"https:\/\/curacao-sea-aquarium.com\/pt-br\/educacao\/"},{"@type":"ListItem","position":3,"name":"Projetos Escolares &#038; Sociais"}]},{"@type":"WebSite","@id":"https:\/\/curacao-sea-aquarium.com\/pt-br\/#website","url":"https:\/\/curacao-sea-aquarium.com\/pt-br\/","name":"Curacao Sea Aquarium","description":"Curacao Sea Aquarium","potentialAction":[{"@type":"SearchAction","target":{"@type":"EntryPoint","urlTemplate":"https:\/\/curacao-sea-aquarium.com\/pt-br\/?s={search_term_string}"},"query-input":{"@type":"PropertyValueSpecification","valueRequired":true,"valueName":"search_term_string"}}],"inLanguage":"pt-BR"}]}},"jetpack_sharing_enabled":true,"_links":{"self":[{"href":"https:\/\/curacao-sea-aquarium.com\/pt-br\/wp-json\/wp\/v2\/pages\/4533","targetHints":{"allow":["GET"]}}],"collection":[{"href":"https:\/\/curacao-sea-aquarium.com\/pt-br\/wp-json\/wp\/v2\/pages"}],"about":[{"href":"https:\/\/curacao-sea-aquarium.com\/pt-br\/wp-json\/wp\/v2\/types\/page"}],"author":[{"embeddable":true,"href":"https:\/\/curacao-sea-aquarium.com\/pt-br\/wp-json\/wp\/v2\/users\/25"}],"replies":[{"embeddable":true,"href":"https:\/\/curacao-sea-aquarium.com\/pt-br\/wp-json\/wp\/v2\/comments?post=4533"}],"version-history":[{"count":6,"href":"https:\/\/curacao-sea-aquarium.com\/pt-br\/wp-json\/wp\/v2\/pages\/4533\/revisions"}],"predecessor-version":[{"id":4829,"href":"https:\/\/curacao-sea-aquarium.com\/pt-br\/wp-json\/wp\/v2\/pages\/4533\/revisions\/4829"}],"up":[{"embeddable":true,"href":"https:\/\/curacao-sea-aquarium.com\/pt-br\/wp-json\/wp\/v2\/pages\/4528"}],"wp:attachment":[{"href":"https:\/\/curacao-sea-aquarium.com\/pt-br\/wp-json\/wp\/v2\/media?parent=4533"}],"curies":[{"name":"wp","href":"https:\/\/api.w.org\/{rel}","templated":true}]}}