{"id":4528,"date":"2020-01-29T09:11:01","date_gmt":"2020-01-29T09:11:01","guid":{"rendered":"https:\/\/curacao-sea-aquarium.com\/education\/"},"modified":"2025-02-21T15:52:34","modified_gmt":"2025-02-21T19:52:34","slug":"educacao","status":"publish","type":"page","link":"https:\/\/curacao-sea-aquarium.com\/pt-br\/educacao\/","title":{"rendered":"Educa\u00e7\u00e3o"},"content":{"rendered":"<section class=\"wpb-content-wrapper\"><p>[vc_section full_width=&#8221;stretch_row&#8221; el_class=&#8221;top-experiences-section&#8221; css=&#8221;.vc_custom_1579858192129{margin-right: 0px !important;padding-top: 50px !important;padding-right: 0px !important;}&#8221;][vc_row full_width=&#8221;stretch_row&#8221; css=&#8221;.vc_custom_1579770299777{margin-right: 0px !important;padding-right: 0px !important;}&#8221;][vc_column width=&#8221;5\/12&#8243;][vc_custom_heading text=&#8221;Aproveite um dia divertido e educativo!&#8221; font_container=&#8221;tag:h2|text_align:left|color:%23202020&#8243; use_theme_fonts=&#8221;yes&#8221;][vc_column_text]<\/p>\n<div class=\"page_content\">Voc\u00ea est\u00e1 procurando por um dia tanto educativo quanto divertido? Nosso Departamento de Educa\u00e7\u00e3o oferece programas educacionais sobre a vida marinha para pr\u00e9-escolas, jardins de inf\u00e2ncia, escolas prim\u00e1rias, escolas secund\u00e1rias, escolas especiais e escolas privadas. Tamb\u00e9m oferece esse servi\u00e7o em formatos individuais, pacotes ou como projetos sociais para funda\u00e7\u00f5es, orfanatos, grupos de planos de f\u00e9rias, grupos comunit\u00e1rios de igrejas, grupos de idosos (60+), clubes e todos os outros, de acordo com suas necessidades espec\u00edficas.<\/div>\n<p>[\/vc_column_text][\/vc_column][vc_column width=&#8221;7\/12&#8243; css=&#8221;.vc_custom_1579770907121{margin-right: 0px !important;padding-right: 0px !important;}&#8221;][vc_single_image image=&#8221;4530&#8243; img_size=&#8221;full&#8221; alignment=&#8221;center&#8221; el_class=&#8221;desktop_show&#8221; css=&#8221;.vc_custom_1581921346687{margin-right: 0px !important;margin-left: 10% !important;padding-right: 0px !important;}&#8221;][\/vc_column][\/vc_row][\/vc_section][vc_section el_class=&#8221;top-experiences-section&#8221;][vc_row][vc_column][vc_empty_space height=&#8221;10px&#8221; el_class=&#8221;mobile_space&#8221;][\/vc_column][\/vc_row][vc_row full_width=&#8221;stretch_row_content_no_spaces&#8221; el_class=&#8221;desktop_wave&#8221; css=&#8221;.vc_custom_1588972048563{margin-bottom: -35px !important;}&#8221;][vc_column][vc_single_image image=&#8221;1151&#8243; img_size=&#8221;full&#8221; alignment=&#8221;center&#8221; css=&#8221;.vc_custom_1588971792186{margin-bottom: 0px !important;padding-bottom: 0px !important;}&#8221;][\/vc_column][\/vc_row][vc_row full_width=&#8221;stretch_row&#8221; css=&#8221;.vc_custom_1588971930829{background-color: #f4f2f2 !important;}&#8221;][vc_column width=&#8221;1\/12&#8243;][\/vc_column][vc_column width=&#8221;5\/6&#8243;][vc_empty_space height=&#8221;10px&#8221; el_class=&#8221;mobile_space&#8221;][vc_row_inner][vc_column_inner el_class=&#8221;research_box_container f-img-gap&#8221; width=&#8221;5\/12&#8243; css=&#8221;.vc_custom_1588972076977{background-image: url(https:\/\/curacao-sea-aquarium.com\/wp-content\/uploads\/2020\/03\/school-and-shocial-projects.jpg?id=1316) !important;background-position: center !important;background-repeat: no-repeat !important;background-size: cover !important;border-radius: 10px !important;}&#8221;][vc_column_text]<\/p>\n<div class=\"research_box\">\n<div class=\"research_box_content\">\n<h2>Projetos Escolares &amp; Sociais<\/h2>\n<p><a class=\"vc_general vc_btn3 vc_btn3-size-md vc_btn3-shape-rounded vc_btn3-style-modern vc_btn3-color-grey\" href=\"https:\/\/curacao-sea-aquarium.com\/pt-br\/educacao\/projetos-escolares-sociais\/\">Saiba Mais<br \/>\n<\/a><\/p>\n<\/div>\n<\/div>\n<p>[\/vc_column_text][\/vc_column_inner][vc_column_inner width=&#8221;1\/6&#8243;][\/vc_column_inner][vc_column_inner el_class=&#8221;research_box_container&#8221; width=&#8221;5\/12&#8243; css=&#8221;.vc_custom_1583414251679{background-image: url(https:\/\/curacao-sea-aquarium.com\/wp-content\/uploads\/2020\/03\/youth-activity.jpg?id=1321) !important;background-position: center !important;background-repeat: no-repeat !important;background-size: cover !important;border-radius: 10px !important;}&#8221;][vc_column_text]<\/p>\n<div class=\"research_box\">\n<div class=\"research_box_content\">\n<h2>Atividades Juvenis<\/h2>\n<p><a class=\"vc_general vc_btn3 vc_btn3-size-md vc_btn3-shape-rounded vc_btn3-style-modern vc_btn3-color-grey\" href=\"https:\/\/curacao-sea-aquarium.com\/pt-br\/educacao\/atividades-juvenis\/\">Saiba Mais<br \/>\n<\/a><\/p>\n<\/div>\n<\/div>\n<p>[\/vc_column_text][\/vc_column_inner][\/vc_row_inner][vc_empty_space height=&#8221;10px&#8221; el_class=&#8221;mobile_space&#8221;][\/vc_column][vc_column width=&#8221;1\/12&#8243;][\/vc_column][\/vc_row][\/vc_section]<\/p>\n<\/section>","protected":false},"excerpt":{"rendered":"<p>[vc_section full_width=&#8221;stretch_row&#8221; el_class=&#8221;top-experiences-section&#8221; css=&#8221;.vc_custom_1579858192129{margin-right: 0px !important;padding-top: 50px !important;padding-right: 0px !important;}&#8221;][vc_row full_width=&#8221;stretch_row&#8221; css=&#8221;.vc_custom_1579770299777{margin-right: 0px !important;padding-right: 0px !important;}&#8221;][vc_column width=&#8221;5\/12&#8243;][vc_custom_heading text=&#8221;Aproveite um dia divertido e educativo!&#8221; font_container=&#8221;tag:h2|text_align:left|color:%23202020&#8243; use_theme_fonts=&#8221;yes&#8221;][vc_column_text] Voc\u00ea<span class=\"excerpt-hellip\"> [\u2026]<\/span><\/p>\n","protected":false},"author":25,"featured_media":0,"parent":0,"menu_order":0,"comment_status":"closed","ping_status":"open","template":"","meta":{"footnotes":"","_wp_rev_ctl_limit":""},"class_list":["post-4528","page","type-page","status-publish","hentry"],"yoast_head":"<!-- This site is optimized with the Yoast SEO plugin v27.3 - https:\/\/yoast.com\/product\/yoast-seo-wordpress\/ -->\n<title>Educational Marine Life Programs | Cura\u00e7ao Sea Aquarium<\/title>\n<meta name=\"description\" content=\"Are you looking for a day that\u2019s both educational and fun? Our Education Department offers different educational marine life programs.\" \/>\n<meta name=\"robots\" content=\"index, follow, max-snippet:-1, max-image-preview:large, max-video-preview:-1\" \/>\n<link rel=\"canonical\" href=\"https:\/\/curacao-sea-aquarium.com\/pt-br\/educacao\/\" \/>\n<meta property=\"og:locale\" content=\"pt_BR\" \/>\n<meta property=\"og:type\" content=\"article\" \/>\n<meta property=\"og:title\" content=\"Educational Marine Life Programs | Cura\u00e7ao Sea Aquarium\" \/>\n<meta property=\"og:description\" content=\"Are you looking for a day that\u2019s both educational and fun? Our Education Department offers different educational marine life programs.\" \/>\n<meta property=\"og:url\" content=\"https:\/\/curacao-sea-aquarium.com\/pt-br\/educacao\/\" \/>\n<meta property=\"og:site_name\" content=\"Curacao Sea Aquarium\" \/>\n<meta property=\"article:modified_time\" content=\"2025-02-21T19:52:34+00:00\" \/>\n<meta name=\"twitter:card\" content=\"summary_large_image\" \/>\n<meta name=\"twitter:label1\" content=\"Est. tempo de leitura\" \/>\n\t<meta name=\"twitter:data1\" content=\"2 minutos\" \/>\n<script type=\"application\/ld+json\" class=\"yoast-schema-graph\">{\"@context\":\"https:\\\/\\\/schema.org\",\"@graph\":[{\"@type\":\"WebPage\",\"@id\":\"https:\\\/\\\/curacao-sea-aquarium.com\\\/pt-br\\\/educacao\\\/\",\"url\":\"https:\\\/\\\/curacao-sea-aquarium.com\\\/pt-br\\\/educacao\\\/\",\"name\":\"Educational Marine Life Programs | Cura\u00e7ao Sea Aquarium\",\"isPartOf\":{\"@id\":\"https:\\\/\\\/curacao-sea-aquarium.com\\\/pt-br\\\/#website\"},\"datePublished\":\"2020-01-29T09:11:01+00:00\",\"dateModified\":\"2025-02-21T19:52:34+00:00\",\"description\":\"Are you looking for a day that\u2019s both educational and fun? Our Education Department offers different educational marine life programs.\",\"breadcrumb\":{\"@id\":\"https:\\\/\\\/curacao-sea-aquarium.com\\\/pt-br\\\/educacao\\\/#breadcrumb\"},\"inLanguage\":\"pt-BR\",\"potentialAction\":[{\"@type\":\"ReadAction\",\"target\":[\"https:\\\/\\\/curacao-sea-aquarium.com\\\/pt-br\\\/educacao\\\/\"]}]},{\"@type\":\"BreadcrumbList\",\"@id\":\"https:\\\/\\\/curacao-sea-aquarium.com\\\/pt-br\\\/educacao\\\/#breadcrumb\",\"itemListElement\":[{\"@type\":\"ListItem\",\"position\":1,\"name\":\"Home\",\"item\":\"https:\\\/\\\/curacao-sea-aquarium.com\\\/pt-br\\\/\"},{\"@type\":\"ListItem\",\"position\":2,\"name\":\"Educa\u00e7\u00e3o\"}]},{\"@type\":\"WebSite\",\"@id\":\"https:\\\/\\\/curacao-sea-aquarium.com\\\/pt-br\\\/#website\",\"url\":\"https:\\\/\\\/curacao-sea-aquarium.com\\\/pt-br\\\/\",\"name\":\"Curacao Sea Aquarium\",\"description\":\"Curacao Sea Aquarium\",\"potentialAction\":[{\"@type\":\"SearchAction\",\"target\":{\"@type\":\"EntryPoint\",\"urlTemplate\":\"https:\\\/\\\/curacao-sea-aquarium.com\\\/pt-br\\\/?s={search_term_string}\"},\"query-input\":{\"@type\":\"PropertyValueSpecification\",\"valueRequired\":true,\"valueName\":\"search_term_string\"}}],\"inLanguage\":\"pt-BR\"}]}<\/script>\n<!-- \/ Yoast SEO plugin. -->","yoast_head_json":{"title":"Educational Marine Life Programs | Cura\u00e7ao Sea Aquarium","description":"Are you looking for a day that\u2019s both educational and fun? Our Education Department offers different educational marine life programs.","robots":{"index":"index","follow":"follow","max-snippet":"max-snippet:-1","max-image-preview":"max-image-preview:large","max-video-preview":"max-video-preview:-1"},"canonical":"https:\/\/curacao-sea-aquarium.com\/pt-br\/educacao\/","og_locale":"pt_BR","og_type":"article","og_title":"Educational Marine Life Programs | Cura\u00e7ao Sea Aquarium","og_description":"Are you looking for a day that\u2019s both educational and fun? Our Education Department offers different educational marine life programs.","og_url":"https:\/\/curacao-sea-aquarium.com\/pt-br\/educacao\/","og_site_name":"Curacao Sea Aquarium","article_modified_time":"2025-02-21T19:52:34+00:00","twitter_card":"summary_large_image","twitter_misc":{"Est. tempo de leitura":"2 minutos"},"schema":{"@context":"https:\/\/schema.org","@graph":[{"@type":"WebPage","@id":"https:\/\/curacao-sea-aquarium.com\/pt-br\/educacao\/","url":"https:\/\/curacao-sea-aquarium.com\/pt-br\/educacao\/","name":"Educational Marine Life Programs | Cura\u00e7ao Sea Aquarium","isPartOf":{"@id":"https:\/\/curacao-sea-aquarium.com\/pt-br\/#website"},"datePublished":"2020-01-29T09:11:01+00:00","dateModified":"2025-02-21T19:52:34+00:00","description":"Are you looking for a day that\u2019s both educational and fun? Our Education Department offers different educational marine life programs.","breadcrumb":{"@id":"https:\/\/curacao-sea-aquarium.com\/pt-br\/educacao\/#breadcrumb"},"inLanguage":"pt-BR","potentialAction":[{"@type":"ReadAction","target":["https:\/\/curacao-sea-aquarium.com\/pt-br\/educacao\/"]}]},{"@type":"BreadcrumbList","@id":"https:\/\/curacao-sea-aquarium.com\/pt-br\/educacao\/#breadcrumb","itemListElement":[{"@type":"ListItem","position":1,"name":"Home","item":"https:\/\/curacao-sea-aquarium.com\/pt-br\/"},{"@type":"ListItem","position":2,"name":"Educa\u00e7\u00e3o"}]},{"@type":"WebSite","@id":"https:\/\/curacao-sea-aquarium.com\/pt-br\/#website","url":"https:\/\/curacao-sea-aquarium.com\/pt-br\/","name":"Curacao Sea Aquarium","description":"Curacao Sea Aquarium","potentialAction":[{"@type":"SearchAction","target":{"@type":"EntryPoint","urlTemplate":"https:\/\/curacao-sea-aquarium.com\/pt-br\/?s={search_term_string}"},"query-input":{"@type":"PropertyValueSpecification","valueRequired":true,"valueName":"search_term_string"}}],"inLanguage":"pt-BR"}]}},"jetpack_sharing_enabled":true,"_links":{"self":[{"href":"https:\/\/curacao-sea-aquarium.com\/pt-br\/wp-json\/wp\/v2\/pages\/4528","targetHints":{"allow":["GET"]}}],"collection":[{"href":"https:\/\/curacao-sea-aquarium.com\/pt-br\/wp-json\/wp\/v2\/pages"}],"about":[{"href":"https:\/\/curacao-sea-aquarium.com\/pt-br\/wp-json\/wp\/v2\/types\/page"}],"author":[{"embeddable":true,"href":"https:\/\/curacao-sea-aquarium.com\/pt-br\/wp-json\/wp\/v2\/users\/25"}],"replies":[{"embeddable":true,"href":"https:\/\/curacao-sea-aquarium.com\/pt-br\/wp-json\/wp\/v2\/comments?post=4528"}],"version-history":[{"count":5,"href":"https:\/\/curacao-sea-aquarium.com\/pt-br\/wp-json\/wp\/v2\/pages\/4528\/revisions"}],"predecessor-version":[{"id":4833,"href":"https:\/\/curacao-sea-aquarium.com\/pt-br\/wp-json\/wp\/v2\/pages\/4528\/revisions\/4833"}],"wp:attachment":[{"href":"https:\/\/curacao-sea-aquarium.com\/pt-br\/wp-json\/wp\/v2\/media?parent=4528"}],"curies":[{"name":"wp","href":"https:\/\/api.w.org\/{rel}","templated":true}]}}