{"id":4512,"date":"2020-01-23T07:00:45","date_gmt":"2020-01-23T07:00:45","guid":{"rendered":"https:\/\/curacao-sea-aquarium.com\/about\/"},"modified":"2025-02-21T15:58:50","modified_gmt":"2025-02-21T19:58:50","slug":"sobre","status":"publish","type":"page","link":"https:\/\/curacao-sea-aquarium.com\/pt-br\/sobre\/","title":{"rendered":"Sobre"},"content":{"rendered":"<section class=\"wpb-content-wrapper\"><p>[vc_section el_class=&#8221;top-experiences-section&#8221; css=&#8221;.vc_custom_1575030189194{padding-top: 50px !important;}&#8221;][vc_row][vc_column width=&#8221;1\/2&#8243;][vc_custom_heading text=&#8221;Aqu\u00e1rio Marinho de Cura\u00e7ao: desde 1984&#8243; font_container=&#8221;tag:h2|font_size:46px|text_align:left|color:%23202020&#8243; use_theme_fonts=&#8221;yes&#8221;][vc_column_text]<\/p>\n<div class=\"page_content\"><strong>No in\u00edcio dos anos 1980, Adrian &#8220;Dutch&#8221; Schrier sonhava em aproximar sua paix\u00e3o pelo mar do p\u00fablico em geral em Cura\u00e7ao. Ele sabia que a beleza e a sa\u00fade do mar que circunda nossa ilha n\u00e3o durariam para sempre se o p\u00fablico n\u00e3o fosse educado sobre sua import\u00e2ncia vital para todos n\u00f3s. Isso o levou a fundar o Aqu\u00e1rio Marinho de Cura\u00e7ao em 1984, que se tornou o local mais \u00fanico para turistas e residentes.<\/strong><\/div>\n<p>[\/vc_column_text][vc_column_text]<\/p>\n<div class=\"page_content\" style=\"padding-top: 8px;\"><strong>Comemore conosco nosso 35\u00ba anivers\u00e1rio!<\/strong><br \/>\nO Aqu\u00e1rio Marinho de Cura\u00e7ao oferece aos visitantes de todas as idades acesso e educa\u00e7\u00e3o sobre o incr\u00edvel mundo subaqu\u00e1tico de Cura\u00e7ao. A instala\u00e7\u00e3o inicialmente consistia em apenas alguns aqu\u00e1rios, mas hoje, mais de 35 anos depois, o Aqu\u00e1rio Marinho de Cura\u00e7ao se desenvolveu em um parque multidimensional com exposi\u00e7\u00f5es marinhas e v\u00e1rias atividades.<\/div>\n<p>[\/vc_column_text][vc_empty_space el_class=&#8221;mobile_space&#8221;][\/vc_column][vc_column width=&#8221;1\/2&#8243;][vc_single_image image=&#8221;4617&#8243; img_size=&#8221;full&#8221; css=&#8221;.vc_custom_1583208100971{margin-bottom: 0px !important;}&#8221;][vc_column_text]<\/p>\n<div class=\"page_content\"><strong>Estabelecimento do Sea Aquarium Park<\/strong><br \/>\nAo longo dos anos, v\u00e1rias adi\u00e7\u00f5es foram feitas ao Sea Aquarium Park. Celebrando seu 35\u00ba anivers\u00e1rio, a instala\u00e7\u00e3o agora inclui o sal\u00e3o principal do aqu\u00e1rio, Dolphin Academy, Encontros com Animais, Ocean Lens e Substation. Cada um oferece programas \u00fanicos e interativos com foco na educa\u00e7\u00e3o sobre a vida marinha. Juntos, formam o que se tornou conhecido como o Sea Aquarium Park.<\/div>\n<p>[\/vc_column_text][\/vc_column][\/vc_row][vc_row disable_element=&#8221;yes&#8221;][vc_column width=&#8221;1\/3&#8243;][vc_custom_heading text=&#8221;Cura\u00e7ao Sea Aquarium: since 1984&#8243; font_container=&#8221;tag:h2|text_align:left|color:%23202020&#8243; use_theme_fonts=&#8221;yes&#8221;][vc_column_text]<\/p>\n<div class=\"page_content\">Cura\u00e7ao Sea Aquarium is one of the most unique aquariums in the world! Why is that? Because due to our <a href=\"https:\/\/curacao-sea-aquarium.com\/open-water-system\/\">Open Water System<\/a>, all the marine life in our facility is in direct contact with the open sea. In our aquarium, we aim to build a connection between the visitors and the incredible variety of marine life surrounding the island of Cura\u00e7ao! We started with just a few aquaria but over the years this developed into a multidimensional world-class aquarium with marine exhibits and activities for all ages, which includes our wonderful demonstrations.<\/div>\n<p>[\/vc_column_text][vc_empty_space][\/vc_column][vc_column width=&#8221;2\/3&#8243;][vc_single_image image=&#8221;760&#8243; img_size=&#8221;full&#8221; el_class=&#8221;desktop_show&#8221;][\/vc_column][\/vc_row][\/vc_section][vc_row full_width=&#8221;stretch_row_content_no_spaces&#8221; css=&#8221;.vc_custom_1578638700791{margin-top: 0px !important;margin-bottom: -35px !important;}&#8221; el_class=&#8221;mobile_wave&#8221;][vc_column el_class=&#8221;exp_img_gray mobile_wave&#8221;][vc_single_image image=&#8221;768&#8243; img_size=&#8221;full&#8221; alignment=&#8221;center&#8221; style=&#8221;vc_box_shadow_circle_2&#8243; css=&#8221;.vc_custom_1578638682049{margin-top: 0px !important;margin-bottom: 0px !important;padding-top: 0px !important;padding-bottom: 0px !important;}&#8221;][\/vc_column][\/vc_row][vc_section full_width=&#8221;stretch_row&#8221; el_class=&#8221;experience_section exp_pattern&#8221; css=&#8221;.vc_custom_1576063240242{margin-top: 0px !important;padding-top: 0px !important;background-color: #f4f3f3 !important;}&#8221;][\/vc_section][vc_section full_width=&#8221;stretch_row&#8221; css=&#8221;.vc_custom_1589017323378{background-image: url(https:\/\/curacao-sea-aquarium.com\/wp-content\/uploads\/2020\/01\/water-bg-2.jpg?id=700) !important;background-position: center !important;background-repeat: no-repeat !important;background-size: cover !important;}&#8221; el_class=&#8221;section blue_bg&#8221;][vc_row][vc_column width=&#8221;5\/12&#8243; el_class=&#8221;left_column&#8221;][vc_custom_heading text=&#8221;Sistema de \u00c1gua Aberta&#8221; font_container=&#8221;tag:h2|text_align:left|color:%23ffffff&#8221; use_theme_fonts=&#8221;yes&#8221;][vc_column_text]<\/p>\n<div style=\"color: #fff; font-size: 16px; line-height: 26px;\">O Aqu\u00e1rio Marinho de Cura\u00e7ao \u00e9 um dos aqu\u00e1rios mais \u00fanicos do mundo! Por qu\u00ea? Porque, gra\u00e7as ao nosso Sistema de \u00c1gua Aberta, toda a vida marinha em nossa instala\u00e7\u00e3o est\u00e1 em contato direto com o mar aberto. No nosso aqu\u00e1rio, buscamos criar uma conex\u00e3o entre os visitantes e a incr\u00edvel variedade de vida marinha que circunda a ilha de Cura\u00e7ao! Come\u00e7amos com apenas alguns aqu\u00e1rios, mas ao longo dos anos isso se desenvolveu em um aqu\u00e1rio multidimensional de classe mundial, com exposi\u00e7\u00f5es marinhas e atividades para todas as idades, que inclui nossas maravilhosas demonstra\u00e7\u00f5es.<\/div>\n<p>[\/vc_column_text][vc_btn title=&#8221;LEIA MAIS&#8221; el_class=&#8221;full-width-btn-for-mobile&#8221; link=&#8221;url:https%3A%2F%2Fcuracao-sea-aquarium.com%2Fpt-br%2Fsobre%2Fsistema-de-agua-aberta%2F&#8221;][\/vc_column][vc_column width=&#8221;7\/12&#8243;][vc_row_inner css=&#8221;.vc_custom_1575021523986{padding-top: 50px !important;}&#8221;][vc_column_inner width=&#8221;1\/2&#8243; offset=&#8221;vc_col-xs-5&#8243;]<div class=\"icon_box icon_position_top no_border\"><div class=\"image_wrapper\"><img loading=\"lazy\" decoding=\"async\" class=\"scale-with-grid\" src=\"https:\/\/curacao-sea-aquarium.com\/wp-content\/uploads\/2019\/11\/smile-beam.png\" alt=\"smile-beam\" width=\"92\" height=\"91\"\/><\/div><div class=\"desc_wrapper\"><h4 class=\"title\">Animais Felizes<\/h4><\/div><\/div>\n[\/vc_column_inner][vc_column_inner width=&#8221;1\/2&#8243; offset=&#8221;vc_col-xs-7&#8243;]<div class=\"icon_box icon_position_top no_border\"><div class=\"image_wrapper\"><img loading=\"lazy\" decoding=\"async\" class=\"scale-with-grid\" src=\"https:\/\/curacao-sea-aquarium.com\/wp-content\/uploads\/2019\/11\/Shape.png\" alt=\"Shape\" width=\"109\" height=\"98\"\/><\/div><div class=\"desc_wrapper\"><h4 class=\"title\">Conscientiza\u00e7\u00e3o Ambiental<\/h4><\/div><\/div>\n[\/vc_column_inner][\/vc_row_inner][vc_row_inner][vc_column_inner width=&#8221;1\/2&#8243; offset=&#8221;vc_col-xs-5&#8243;]<div class=\"icon_box icon_position_top no_border\"><div class=\"image_wrapper\"><img loading=\"lazy\" decoding=\"async\" class=\"scale-with-grid\" src=\"https:\/\/curacao-sea-aquarium.com\/wp-content\/uploads\/2019\/11\/water.png\" alt=\"water\" width=\"96\" height=\"64\"\/><\/div><div class=\"desc_wrapper\"><h4 class=\"title\">\u00c1gua Aberta<\/h4><\/div><\/div>\n[\/vc_column_inner][vc_column_inner width=&#8221;1\/2&#8243; offset=&#8221;vc_col-xs-7&#8243;]<div class=\"icon_box icon_position_top no_border\"><div class=\"image_wrapper\"><img loading=\"lazy\" decoding=\"async\" class=\"scale-with-grid\" src=\"https:\/\/curacao-sea-aquarium.com\/wp-content\/uploads\/2019\/11\/fish.png\" alt=\"fish\" width=\"116\" height=\"64\"\/><\/div><div class=\"desc_wrapper\"><h4 class=\"title\">Habitat Natural<\/h4><\/div><\/div>\n[\/vc_column_inner][\/vc_row_inner][\/vc_column][\/vc_row][vc_row full_width=&#8221;stretch_row_content_no_spaces&#8221; css=&#8221;.vc_custom_1576147508401{margin-top: 0px !important;margin-bottom: -35px !important;}&#8221;][vc_column][vc_single_image image=&#8221;480&#8243; img_size=&#8221;full&#8221; alignment=&#8221;center&#8221; css=&#8221;.vc_custom_1576148174528{margin-bottom: 0px !important;}&#8221; el_class=&#8221;desktop_wave&#8221;][vc_single_image image=&#8221;492&#8243; img_size=&#8221;full&#8221; alignment=&#8221;center&#8221; el_class=&#8221;mobile_wave&#8221; css=&#8221;.vc_custom_1576210169303{margin-bottom: 0px !important;}&#8221;][\/vc_column][\/vc_row][\/vc_section][vc_row css=&#8221;.vc_custom_1576147564682{margin-top: -180px !important;}&#8221; el_class=&#8221;round_circles_section&#8221;][vc_column width=&#8221;1\/12&#8243;][\/vc_column][vc_column width=&#8221;5\/6&#8243;][vc_row_inner][vc_column_inner width=&#8221;1\/3&#8243; css=&#8221;.vc_custom_1575029196489{margin-top: 10px !important;}&#8221;][vc_single_image image=&#8221;1374&#8243; img_size=&#8221;357&#215;357&#8243; alignment=&#8221;right&#8221; style=&#8221;vc_box_shadow_circle_2&#8243; el_class=&#8221;Mobile_circle_image&#8221;][\/vc_column_inner][vc_column_inner el_class=&#8221;hide_on_mobile border_circle&#8221; width=&#8221;1\/4&#8243; css=&#8221;.vc_custom_1583476978723{margin-top: 100px !important;margin-left: 15px !important;}&#8221;][vc_single_image image=&#8221;4517&#8243; img_size=&#8221;200&#215;200&#8243; alignment=&#8221;right&#8221; style=&#8221;vc_box_shadow_circle_2&#8243; el_class=&#8221;cimg_2&#8243;][\/vc_column_inner][vc_column_inner el_class=&#8221;hide_on_mobile border_circle&#8221; width=&#8221;1\/4&#8243; css=&#8221;.vc_custom_1583477050813{margin-top: 115px !important;margin-left: -12px !important;}&#8221;][vc_single_image image=&#8221;4515&#8243; img_size=&#8221;150&#215;150&#8243; alignment=&#8221;right&#8221; style=&#8221;vc_box_shadow_circle_2&#8243; el_class=&#8221;cimg_3&#8243;][\/vc_column_inner][vc_column_inner el_class=&#8221;hide_on_mobile border_circle&#8221; width=&#8221;1\/6&#8243; css=&#8221;.vc_custom_1583477060163{margin-top: 100px !important;}&#8221;][vc_single_image image=&#8221;4516&#8243; img_size=&#8221;110&#215;110&#8243; style=&#8221;vc_box_shadow_circle_2&#8243; el_class=&#8221;cimg_4&#8243;][\/vc_column_inner][\/vc_row_inner][\/vc_column][vc_column width=&#8221;1\/12&#8243;][\/vc_column][\/vc_row]<\/p>\n<\/section>","protected":false},"excerpt":{"rendered":"<p>[vc_section el_class=&#8221;top-experiences-section&#8221; css=&#8221;.vc_custom_1575030189194{padding-top: 50px !important;}&#8221;][vc_row][vc_column width=&#8221;1\/2&#8243;][vc_custom_heading text=&#8221;Aqu\u00e1rio Marinho de Cura\u00e7ao: desde 1984&#8243; font_container=&#8221;tag:h2|font_size:46px|text_align:left|color:%23202020&#8243; use_theme_fonts=&#8221;yes&#8221;][vc_column_text] No in\u00edcio dos anos 1980, Adrian &#8220;Dutch&#8221; Schrier sonhava em aproximar sua<span class=\"excerpt-hellip\"> [\u2026]<\/span><\/p>\n","protected":false},"author":25,"featured_media":0,"parent":0,"menu_order":0,"comment_status":"closed","ping_status":"closed","template":"","meta":{"footnotes":"","_wp_rev_ctl_limit":""},"class_list":["post-4512","page","type-page","status-publish","hentry"],"yoast_head":"<!-- This site is optimized with the Yoast SEO plugin v27.6 - https:\/\/yoast.com\/product\/yoast-seo-wordpress\/ -->\n<title>About | Multidimensional Marine Park | Cura\u00e7ao Sea Aquarium<\/title>\n<meta name=\"description\" content=\"Cura\u00e7ao Sea Aquarium has been a multidimensional park with marine exhibitions and various activities since 1984.\" \/>\n<meta name=\"robots\" content=\"index, follow, max-snippet:-1, max-image-preview:large, max-video-preview:-1\" \/>\n<link rel=\"canonical\" href=\"https:\/\/curacao-sea-aquarium.com\/pt-br\/sobre\/\" \/>\n<meta property=\"og:locale\" content=\"pt_BR\" \/>\n<meta property=\"og:type\" content=\"article\" \/>\n<meta property=\"og:title\" content=\"About | Multidimensional Marine Park | Cura\u00e7ao Sea Aquarium\" \/>\n<meta property=\"og:description\" content=\"Cura\u00e7ao Sea Aquarium has been a multidimensional park with marine exhibitions and various activities since 1984.\" \/>\n<meta property=\"og:url\" content=\"https:\/\/curacao-sea-aquarium.com\/pt-br\/sobre\/\" \/>\n<meta property=\"og:site_name\" content=\"Curacao Sea Aquarium\" \/>\n<meta property=\"article:modified_time\" content=\"2025-02-21T19:58:50+00:00\" \/>\n<meta name=\"twitter:card\" content=\"summary_large_image\" \/>\n<meta name=\"twitter:label1\" content=\"Est. tempo de leitura\" \/>\n\t<meta name=\"twitter:data1\" content=\"3 minutos\" \/>\n<script type=\"application\/ld+json\" class=\"yoast-schema-graph\">{\"@context\":\"https:\\\/\\\/schema.org\",\"@graph\":[{\"@type\":\"WebPage\",\"@id\":\"https:\\\/\\\/curacao-sea-aquarium.com\\\/pt-br\\\/sobre\\\/\",\"url\":\"https:\\\/\\\/curacao-sea-aquarium.com\\\/pt-br\\\/sobre\\\/\",\"name\":\"About | Multidimensional Marine Park | Cura\u00e7ao Sea Aquarium\",\"isPartOf\":{\"@id\":\"https:\\\/\\\/curacao-sea-aquarium.com\\\/pt-br\\\/#website\"},\"datePublished\":\"2020-01-23T07:00:45+00:00\",\"dateModified\":\"2025-02-21T19:58:50+00:00\",\"description\":\"Cura\u00e7ao Sea Aquarium has been a multidimensional park with marine exhibitions and various activities since 1984.\",\"breadcrumb\":{\"@id\":\"https:\\\/\\\/curacao-sea-aquarium.com\\\/pt-br\\\/sobre\\\/#breadcrumb\"},\"inLanguage\":\"pt-BR\",\"potentialAction\":[{\"@type\":\"ReadAction\",\"target\":[\"https:\\\/\\\/curacao-sea-aquarium.com\\\/pt-br\\\/sobre\\\/\"]}]},{\"@type\":\"BreadcrumbList\",\"@id\":\"https:\\\/\\\/curacao-sea-aquarium.com\\\/pt-br\\\/sobre\\\/#breadcrumb\",\"itemListElement\":[{\"@type\":\"ListItem\",\"position\":1,\"name\":\"Home\",\"item\":\"https:\\\/\\\/curacao-sea-aquarium.com\\\/pt-br\\\/\"},{\"@type\":\"ListItem\",\"position\":2,\"name\":\"Sobre\"}]},{\"@type\":\"WebSite\",\"@id\":\"https:\\\/\\\/curacao-sea-aquarium.com\\\/pt-br\\\/#website\",\"url\":\"https:\\\/\\\/curacao-sea-aquarium.com\\\/pt-br\\\/\",\"name\":\"Curacao Sea Aquarium\",\"description\":\"Curacao Sea Aquarium\",\"potentialAction\":[{\"@type\":\"SearchAction\",\"target\":{\"@type\":\"EntryPoint\",\"urlTemplate\":\"https:\\\/\\\/curacao-sea-aquarium.com\\\/pt-br\\\/?s={search_term_string}\"},\"query-input\":{\"@type\":\"PropertyValueSpecification\",\"valueRequired\":true,\"valueName\":\"search_term_string\"}}],\"inLanguage\":\"pt-BR\"}]}<\/script>\n<!-- \/ Yoast SEO plugin. -->","yoast_head_json":{"title":"About | Multidimensional Marine Park | Cura\u00e7ao Sea Aquarium","description":"Cura\u00e7ao Sea Aquarium has been a multidimensional park with marine exhibitions and various activities since 1984.","robots":{"index":"index","follow":"follow","max-snippet":"max-snippet:-1","max-image-preview":"max-image-preview:large","max-video-preview":"max-video-preview:-1"},"canonical":"https:\/\/curacao-sea-aquarium.com\/pt-br\/sobre\/","og_locale":"pt_BR","og_type":"article","og_title":"About | Multidimensional Marine Park | Cura\u00e7ao Sea Aquarium","og_description":"Cura\u00e7ao Sea Aquarium has been a multidimensional park with marine exhibitions and various activities since 1984.","og_url":"https:\/\/curacao-sea-aquarium.com\/pt-br\/sobre\/","og_site_name":"Curacao Sea Aquarium","article_modified_time":"2025-02-21T19:58:50+00:00","twitter_card":"summary_large_image","twitter_misc":{"Est. tempo de leitura":"3 minutos"},"schema":{"@context":"https:\/\/schema.org","@graph":[{"@type":"WebPage","@id":"https:\/\/curacao-sea-aquarium.com\/pt-br\/sobre\/","url":"https:\/\/curacao-sea-aquarium.com\/pt-br\/sobre\/","name":"About | Multidimensional Marine Park | Cura\u00e7ao Sea Aquarium","isPartOf":{"@id":"https:\/\/curacao-sea-aquarium.com\/pt-br\/#website"},"datePublished":"2020-01-23T07:00:45+00:00","dateModified":"2025-02-21T19:58:50+00:00","description":"Cura\u00e7ao Sea Aquarium has been a multidimensional park with marine exhibitions and various activities since 1984.","breadcrumb":{"@id":"https:\/\/curacao-sea-aquarium.com\/pt-br\/sobre\/#breadcrumb"},"inLanguage":"pt-BR","potentialAction":[{"@type":"ReadAction","target":["https:\/\/curacao-sea-aquarium.com\/pt-br\/sobre\/"]}]},{"@type":"BreadcrumbList","@id":"https:\/\/curacao-sea-aquarium.com\/pt-br\/sobre\/#breadcrumb","itemListElement":[{"@type":"ListItem","position":1,"name":"Home","item":"https:\/\/curacao-sea-aquarium.com\/pt-br\/"},{"@type":"ListItem","position":2,"name":"Sobre"}]},{"@type":"WebSite","@id":"https:\/\/curacao-sea-aquarium.com\/pt-br\/#website","url":"https:\/\/curacao-sea-aquarium.com\/pt-br\/","name":"Curacao Sea Aquarium","description":"Curacao Sea Aquarium","potentialAction":[{"@type":"SearchAction","target":{"@type":"EntryPoint","urlTemplate":"https:\/\/curacao-sea-aquarium.com\/pt-br\/?s={search_term_string}"},"query-input":{"@type":"PropertyValueSpecification","valueRequired":true,"valueName":"search_term_string"}}],"inLanguage":"pt-BR"}]}},"jetpack_sharing_enabled":true,"_links":{"self":[{"href":"https:\/\/curacao-sea-aquarium.com\/pt-br\/wp-json\/wp\/v2\/pages\/4512","targetHints":{"allow":["GET"]}}],"collection":[{"href":"https:\/\/curacao-sea-aquarium.com\/pt-br\/wp-json\/wp\/v2\/pages"}],"about":[{"href":"https:\/\/curacao-sea-aquarium.com\/pt-br\/wp-json\/wp\/v2\/types\/page"}],"author":[{"embeddable":true,"href":"https:\/\/curacao-sea-aquarium.com\/pt-br\/wp-json\/wp\/v2\/users\/25"}],"replies":[{"embeddable":true,"href":"https:\/\/curacao-sea-aquarium.com\/pt-br\/wp-json\/wp\/v2\/comments?post=4512"}],"version-history":[{"count":5,"href":"https:\/\/curacao-sea-aquarium.com\/pt-br\/wp-json\/wp\/v2\/pages\/4512\/revisions"}],"predecessor-version":[{"id":4836,"href":"https:\/\/curacao-sea-aquarium.com\/pt-br\/wp-json\/wp\/v2\/pages\/4512\/revisions\/4836"}],"wp:attachment":[{"href":"https:\/\/curacao-sea-aquarium.com\/pt-br\/wp-json\/wp\/v2\/media?parent=4512"}],"curies":[{"name":"wp","href":"https:\/\/api.w.org\/{rel}","templated":true}]}}