{"id":2276,"date":"2019-12-24T05:04:56","date_gmt":"2019-12-24T05:04:56","guid":{"rendered":"https:\/\/curacao-sea-aquarium.com\/terms-conditions\/"},"modified":"2020-09-23T18:57:21","modified_gmt":"2020-09-23T22:57:21","slug":"algemene-voorwaarden","status":"publish","type":"page","link":"https:\/\/curacao-sea-aquarium.com\/nl\/algemene-voorwaarden\/","title":{"rendered":"Algemene voorwaarden"},"content":{"rendered":"<section class=\"wpb-content-wrapper\"><p>[vc_section full_width=&#8221;stretch_row_content&#8221; el_class=&#8221;patter_footer&#8221;][vc_row css=&#8221;.vc_custom_1576833589555{padding-right: 5% !important;padding-left: 5% !important;}&#8221;][vc_column css=&#8221;.vc_custom_1576731548594{padding-right: 10% !important;padding-left: 10% !important;}&#8221;][vc_custom_heading text=&#8221;Onze algemene voorwaarden&#8221; font_container=&#8221;tag:h1|text_align:center|color:%23202020&#8243; use_theme_fonts=&#8221;yes&#8221;][vc_empty_space height=&#8221;15px&#8221;][vc_custom_heading text=&#8221;Annuleringsvoorwaarden&#8221; font_container=&#8221;tag:h2|text_align:left|color:%23047cc4&#8243; use_theme_fonts=&#8221;yes&#8221;][vc_column_text]<\/p>\n<div class=\"page_content\">Annulering van een bevestigde reservering kan alleen tot 24 uur voor de start van het programma worden gedaan, telefonisch of per e-mail. De annulering is alleen geldig na bevestiging van annulering door het Cura\u00e7ao Sea Aquarium. Voor annuleringen die binnen 24 uur v\u00f3\u00f3r de start van het programma plaatsvinden, wordt de volledige prijs voor de gereserveerde programma&#8217;s in rekening gebracht. Wees dus alsjeblieft op tijd! Als je te laat arriveert, wordt je reservering geannuleerd en kan deze niet worden terugbetaald.<\/div>\n<p>[\/vc_column_text][vc_custom_heading text=&#8221;Cura\u00e7ao Sea Aquarium privacybeleid&#8221; font_container=&#8221;tag:h2|text_align:left|color:%23047cc4&#8243; use_theme_fonts=&#8221;yes&#8221;][vc_empty_space height=&#8221;&#8221;][vc_custom_heading text=&#8221;Wat voor informatie verzamelen we?&#8221; font_container=&#8221;tag:h2|text_align:left|color:%23047cc4&#8243; use_theme_fonts=&#8221;yes&#8221;][vc_column_text]<\/p>\n<div class=\"page_content\">We verzamelen informatie van je wanneer je je registreert op onze site, een bestelling plaatst, je abonneert op onze nieuwsbrief, een enqu\u00eate beantwoordt of een formulier invult. Wanneer je op onze site bestelt of je registreert, wordt er mogelijk gevraagd om je naam, postadres, telefoonnummer of creditcardgegevens in te voeren.<\/div>\n<p>[\/vc_column_text][vc_custom_heading text=&#8221;Waar gebruiken we je informatie voor?&#8221; font_container=&#8221;tag:h2|text_align:left|color:%23047cc4&#8243; use_theme_fonts=&#8221;yes&#8221;][vc_column_text]<\/p>\n<div class=\"page_content\">\n<p><span style=\"font-weight: 400;\">De informatie die we van je verzamelen, kan op een van de volgende manieren worden gebruikt:\u00a0<\/span><\/p>\n<ul>\n<li style=\"font-weight: 400;\"><span style=\"font-weight: 400;\">Om je ervaring te personaliseren (je informatie helpt ons beter te reageren op je individuele behoeften).\u00a0<\/span><\/li>\n<li style=\"font-weight: 400;\"><span style=\"font-weight: 400;\">Om onze website te verbeteren (we streven er voortdurend naar om onze website te verbeteren op basis van de informatie en feedback die we van je ontvangen).\u00a0<\/span><\/li>\n<li style=\"font-weight: 400;\"><span style=\"font-weight: 400;\">Om de klantenservice te verbeteren (jouw informatie helpt ons om effectiever te reageren op vragen en wensen).\u00a0<\/span><\/li>\n<li style=\"font-weight: 400;\"><span style=\"font-weight: 400;\">Om transacties te verwerken.<\/span><\/li>\n<\/ul>\n<p><span style=\"font-weight: 400;\">Je informatie, zowel openbaar als priv\u00e9, zal niet worden verkocht, uitgewisseld, overgedragen of aan een ander bedrijf worden gegeven om welke reden dan ook zonder jouw toestemming, behalve voor het uitdrukkelijke doel van het leveren van het gekochte product of de gevraagde dienst.<\/span><\/p>\n<p><span style=\"font-weight: 400;\">Om een wedstrijd, promotie, enqu\u00eate of andere functies te beheren. Om periodieke e-mails te verzenden.<\/span><\/p>\n<p><span style=\"font-weight: 400;\">Het e-mailadres dat je geeft voor de verwerking van bestellingen kan worden gebruikt om je informatie en updates met betrekking tot je bestelling of verzoek toe te sturen, naast het regelmatig ontvangen van bedrijfsnieuws, updates, verwante producten of informatie over onze diensten, etc.<\/span><\/p>\n<\/div>\n<p>[\/vc_column_text][vc_custom_heading text=&#8221;Hoe beschermen we je informatie?<br \/>\n&#8221; font_container=&#8221;tag:h2|text_align:left|color:%23047cc4&#8243; use_theme_fonts=&#8221;yes&#8221;][vc_column_text]<\/p>\n<div class=\"page_content\">We implementeren een reeks aan veiligheidsmaatregelen om de veiligheid van je persoonlijke gegevens te behouden wanneer je een bestelling plaatst of je gegevens invoert, verzendt of opvraagt. Wij maken gebruik van een beveiligde server. Alle ingevoerde gevoelige en\/of kredietinformatie wordt verzonden via Secure Socket Layer (SSL) technologie en vervolgens in onze database van de Payment gateway providers versleuteld. Deze versleutelde gegevens zijn alleen toegankelijk voor degenen die speciaal geautoriseerd zijn met toegangsrechten op deze systemen, en die vereist zijn de informatie vertrouwelijk te houden. Na een transactie zullen je priv\u00e9gegevens (creditcards, sofinummers, financi\u00eble gegevens, etc.) niet worden opgeslagen op onze servers.<\/div>\n<p>[\/vc_column_text][vc_custom_heading text=&#8221;Maken wij gebruik van cookies?&#8221; font_container=&#8221;tag:h2|text_align:left|color:%23047cc4&#8243; use_theme_fonts=&#8221;yes&#8221;][vc_column_text]<\/p>\n<div class=\"page_content\">\n<p>Ja, (Cookies zijn kleine bestanden die een website of de provider via je webbrowser naar de harde schijf van je computer stuurt (indien je daarvoor toestemming geeft), waardoor de systemen van de site of de provider je browser kunnen herkennen en bepaalde informatie opslaan en onthouden).<\/p>\n<p>We gebruiken cookies om ons te helpen de items die je in je winkelwagen hebt geplaatst te herinneren en te verwerken, om je voorkeuren te begrijpen en op te slaan voor toekomstige bezoeken en om gegevens te verzamelen met betrekking tot het verkeer op en de interactie via de site, waardoor wij in de toekomst betere voorzieningen kunnen treffen.<\/p>\n<\/div>\n<p>[\/vc_column_text][vc_custom_heading text=&#8221;Geven wij toegang tot gegevens aan externe partijen?&#8221; font_container=&#8221;tag:h2|text_align:left|color:%23047cc4&#8243; use_theme_fonts=&#8221;yes&#8221;][vc_column_text]<\/p>\n<div class=\"page_content\">Wij verkopen, verhandelen of dragen je persoonlijk identificeerbare informatie niet over aan externe partijen. We volgen strenge voorschriften voor alle persoonlijke betalingsgegevens. Dit geldt niet voor vertrouwde derden die ons helpen bij het beheer van onze website, het voeren van ons bedrijf, of het verlenen van diensten, zolang deze partijen de informatie vertrouwelijk behandelen. Wij kunnen je gegevens ook vrijgeven als wij menen dat dit noodzakelijk is van rechtswege, omwille van de naleving van ons beleid of ter bescherming van onze of andermans rechten, eigendommen of veiligheid. Niet-persoonlijk identificeerbare bezoekersinformatie kan echter worden verstrekt aan andere partijen voor marketing-, reclame- of andere doeleinden.<\/div>\n<p>[\/vc_column_text][vc_custom_heading text=&#8221;Links van derden&#8221; font_container=&#8221;tag:h2|text_align:left|color:%23047cc4&#8243; use_theme_fonts=&#8221;yes&#8221;][vc_column_text]<\/p>\n<div class=\"page_content\">Op onze site kunnen producten of diensten van derden worden aangeboden. Deze sites van derden hebben een afzonderlijk en onafhankelijk privacybeleid. Wij aanvaarden daarom geen verantwoordelijkheid of aansprakelijkheid voor de inhoud en activiteiten van deze gekoppelde sites. Niettemin proberen wij de integriteit van onze site te beschermen en horen wij graag je feedback over deze sites.<\/div>\n<p>[\/vc_column_text][vc_custom_heading text=&#8221;Alleen online privacybeleid&#8221; font_container=&#8221;tag:h2|text_align:left|color:%23047cc4&#8243; use_theme_fonts=&#8221;yes&#8221;][vc_column_text]<\/p>\n<div class=\"page_content\">Dit online privacybeleid geldt uitsluitend voor gegevens die worden verzameld via onze website en niet voor gegevens die offline worden verzameld.<\/div>\n<p>[\/vc_column_text][vc_custom_heading text=&#8221;Je toestemming&#8221; font_container=&#8221;tag:h2|text_align:left|color:%23047cc4&#8243; use_theme_fonts=&#8221;yes&#8221;][vc_column_text]<\/p>\n<div class=\"page_content\">Door onze site te bezoeken, stem je in met het privacybeleid van onze website.<\/div>\n<p>[\/vc_column_text][vc_custom_heading text=&#8221;Geschillen&#8221; font_container=&#8221;tag:h2|text_align:left|color:%23047cc4&#8243; use_theme_fonts=&#8221;yes&#8221;][vc_column_text]<\/p>\n<div class=\"page_content\">\n<p>Alle overeenkomsten en rechtsverhoudingen met de klant vallen onder de wet van Cura\u00e7ao. Alle geschillen tussen de klant en Cura\u00e7ao Sea Aquarium zullen worden voorgelegd aan de bevoegde rechter in Cura\u00e7ao.<\/p>\n<p>Cura\u00e7ao Sea Aquarium zal een geschil voorleggen aan een rechter die &#8211; bij afwezigheid van deze bepaling &#8211; volmacht zal hebben.<\/p>\n<\/div>\n<p>[\/vc_column_text][vc_custom_heading text=&#8221;Wijzigingen in ons privacybeleid&#8221; font_container=&#8221;tag:h2|text_align:left|color:%23047cc4&#8243; use_theme_fonts=&#8221;yes&#8221;][vc_column_text]<\/p>\n<div class=\"page_content\">Als we besluiten ons privacybeleid te wijzigen, zullen we de onderstaande wijzigingsdatum voor het privacybeleid bijwerken. Dit beleid is voor het laatst gewijzigd op 06\/02\/16.<\/div>\n<p>[\/vc_column_text][vc_custom_heading text=&#8221;Onze contactgegevens:&#8221; font_container=&#8221;tag:h2|text_align:left|color:%23047cc4&#8243; use_theme_fonts=&#8221;yes&#8221;][vc_column_text]<\/p>\n<div class=\"page_content\">\n<p>Cura\u00e7ao Sea Aquarium<\/p>\n<p>Adres: Bapor Kibr\u00e1, Willemstad, Cura\u00e7ao<\/p>\n<p>Telefoonnummer: +599 9 461 6666<\/p>\n<\/div>\n<p>[\/vc_column_text][vc_empty_space height=&#8221;15px&#8221;][\/vc_column][\/vc_row][vc_row full_width=&#8221;stretch_row_content_no_spaces&#8221; disable_element=&#8221;yes&#8221; css=&#8221;.vc_custom_1577081325880{margin-top: 0px !important;margin-bottom: -35px !important;}&#8221; el_class=&#8221;desktop_wave&#8221;][vc_column][vc_single_image image=&#8221;446&#8243; img_size=&#8221;full&#8221; css=&#8221;.vc_custom_1576068978051{margin-top: 0px !important;margin-bottom: 0px !important;}&#8221;][\/vc_column][\/vc_row][\/vc_section][vc_row full_width=&#8221;stretch_row_content_no_spaces&#8221; disable_element=&#8221;yes&#8221; css=&#8221;.vc_custom_1577081170197{margin-bottom: 0px !important;padding-bottom: 0px !important;}&#8221; el_class=&#8221;mobile_wave&#8221;][vc_column css=&#8221;.vc_custom_1576222743790{margin-bottom: 0px !important;padding-bottom: 0px !important;}&#8221;][vc_single_image image=&#8221;502&#8243; img_size=&#8221;full&#8221; css=&#8221;.vc_custom_1576222829494{margin-bottom: -35px !important;padding-bottom: 0px !important;}&#8221;][\/vc_column][\/vc_row]<\/p>\n<\/section>","protected":false},"excerpt":{"rendered":"<p>[vc_section full_width=&#8221;stretch_row_content&#8221; el_class=&#8221;patter_footer&#8221;][vc_row css=&#8221;.vc_custom_1576833589555{padding-right: 5% !important;padding-left: 5% !important;}&#8221;][vc_column css=&#8221;.vc_custom_1576731548594{padding-right: 10% !important;padding-left: 10% !important;}&#8221;][vc_custom_heading text=&#8221;Onze algemene voorwaarden&#8221; font_container=&#8221;tag:h1|text_align:center|color:%23202020&#8243; use_theme_fonts=&#8221;yes&#8221;][vc_empty_space height=&#8221;15px&#8221;][vc_custom_heading text=&#8221;Annuleringsvoorwaarden&#8221; font_container=&#8221;tag:h2|text_align:left|color:%23047cc4&#8243; use_theme_fonts=&#8221;yes&#8221;][vc_column_text] Annulering van een bevestigde<span class=\"excerpt-hellip\"> [\u2026]<\/span><\/p>\n","protected":false},"author":25,"featured_media":0,"parent":0,"menu_order":0,"comment_status":"closed","ping_status":"closed","template":"","meta":{"footnotes":"","_wp_rev_ctl_limit":""},"class_list":["post-2276","page","type-page","status-publish","hentry"],"yoast_head":"<!-- This site is optimized with the Yoast SEO plugin v27.4 - https:\/\/yoast.com\/product\/yoast-seo-wordpress\/ -->\n<title>Algemene voorwaarden | Cura\u00e7ao Sea Aquarium<\/title>\n<meta name=\"description\" content=\"Meer informatie nodig over onze algemene voorwaarden? Lees hier onze annuleringsvoorwaarden en het privacybeleid van het Cura\u00e7ao Sea Aquarium.\" \/>\n<meta name=\"robots\" content=\"index, follow, max-snippet:-1, max-image-preview:large, max-video-preview:-1\" \/>\n<link rel=\"canonical\" href=\"https:\/\/curacao-sea-aquarium.com\/nl\/algemene-voorwaarden\/\" \/>\n<meta property=\"og:locale\" content=\"nl_NL\" \/>\n<meta property=\"og:type\" content=\"article\" \/>\n<meta property=\"og:title\" content=\"Algemene voorwaarden | Cura\u00e7ao Sea Aquarium\" \/>\n<meta property=\"og:description\" content=\"Meer informatie nodig over onze algemene voorwaarden? Lees hier onze annuleringsvoorwaarden en het privacybeleid van het Cura\u00e7ao Sea Aquarium.\" \/>\n<meta property=\"og:url\" content=\"https:\/\/curacao-sea-aquarium.com\/nl\/algemene-voorwaarden\/\" \/>\n<meta property=\"og:site_name\" content=\"Curacao Sea Aquarium\" \/>\n<meta property=\"article:modified_time\" content=\"2020-09-23T22:57:21+00:00\" \/>\n<meta name=\"twitter:card\" content=\"summary_large_image\" \/>\n<meta name=\"twitter:label1\" content=\"Geschatte leestijd\" \/>\n\t<meta name=\"twitter:data1\" content=\"7 minuten\" \/>\n<script type=\"application\/ld+json\" class=\"yoast-schema-graph\">{\"@context\":\"https:\\\/\\\/schema.org\",\"@graph\":[{\"@type\":\"WebPage\",\"@id\":\"https:\\\/\\\/curacao-sea-aquarium.com\\\/nl\\\/algemene-voorwaarden\\\/\",\"url\":\"https:\\\/\\\/curacao-sea-aquarium.com\\\/nl\\\/algemene-voorwaarden\\\/\",\"name\":\"Algemene voorwaarden | Cura\u00e7ao Sea Aquarium\",\"isPartOf\":{\"@id\":\"https:\\\/\\\/curacao-sea-aquarium.com\\\/nl\\\/#website\"},\"datePublished\":\"2019-12-24T05:04:56+00:00\",\"dateModified\":\"2020-09-23T22:57:21+00:00\",\"description\":\"Meer informatie nodig over onze algemene voorwaarden? Lees hier onze annuleringsvoorwaarden en het privacybeleid van het Cura\u00e7ao Sea Aquarium.\",\"breadcrumb\":{\"@id\":\"https:\\\/\\\/curacao-sea-aquarium.com\\\/nl\\\/algemene-voorwaarden\\\/#breadcrumb\"},\"inLanguage\":\"nl-NL\",\"potentialAction\":[{\"@type\":\"ReadAction\",\"target\":[\"https:\\\/\\\/curacao-sea-aquarium.com\\\/nl\\\/algemene-voorwaarden\\\/\"]}]},{\"@type\":\"BreadcrumbList\",\"@id\":\"https:\\\/\\\/curacao-sea-aquarium.com\\\/nl\\\/algemene-voorwaarden\\\/#breadcrumb\",\"itemListElement\":[{\"@type\":\"ListItem\",\"position\":1,\"name\":\"Home\",\"item\":\"https:\\\/\\\/curacao-sea-aquarium.com\\\/nl\\\/\"},{\"@type\":\"ListItem\",\"position\":2,\"name\":\"Algemene voorwaarden\"}]},{\"@type\":\"WebSite\",\"@id\":\"https:\\\/\\\/curacao-sea-aquarium.com\\\/nl\\\/#website\",\"url\":\"https:\\\/\\\/curacao-sea-aquarium.com\\\/nl\\\/\",\"name\":\"Curacao Sea Aquarium\",\"description\":\"Curacao Sea Aquarium\",\"potentialAction\":[{\"@type\":\"SearchAction\",\"target\":{\"@type\":\"EntryPoint\",\"urlTemplate\":\"https:\\\/\\\/curacao-sea-aquarium.com\\\/nl\\\/?s={search_term_string}\"},\"query-input\":{\"@type\":\"PropertyValueSpecification\",\"valueRequired\":true,\"valueName\":\"search_term_string\"}}],\"inLanguage\":\"nl-NL\"}]}<\/script>\n<!-- \/ Yoast SEO plugin. -->","yoast_head_json":{"title":"Algemene voorwaarden | Cura\u00e7ao Sea Aquarium","description":"Meer informatie nodig over onze algemene voorwaarden? Lees hier onze annuleringsvoorwaarden en het privacybeleid van het Cura\u00e7ao Sea Aquarium.","robots":{"index":"index","follow":"follow","max-snippet":"max-snippet:-1","max-image-preview":"max-image-preview:large","max-video-preview":"max-video-preview:-1"},"canonical":"https:\/\/curacao-sea-aquarium.com\/nl\/algemene-voorwaarden\/","og_locale":"nl_NL","og_type":"article","og_title":"Algemene voorwaarden | Cura\u00e7ao Sea Aquarium","og_description":"Meer informatie nodig over onze algemene voorwaarden? Lees hier onze annuleringsvoorwaarden en het privacybeleid van het Cura\u00e7ao Sea Aquarium.","og_url":"https:\/\/curacao-sea-aquarium.com\/nl\/algemene-voorwaarden\/","og_site_name":"Curacao Sea Aquarium","article_modified_time":"2020-09-23T22:57:21+00:00","twitter_card":"summary_large_image","twitter_misc":{"Geschatte leestijd":"7 minuten"},"schema":{"@context":"https:\/\/schema.org","@graph":[{"@type":"WebPage","@id":"https:\/\/curacao-sea-aquarium.com\/nl\/algemene-voorwaarden\/","url":"https:\/\/curacao-sea-aquarium.com\/nl\/algemene-voorwaarden\/","name":"Algemene voorwaarden | Cura\u00e7ao Sea Aquarium","isPartOf":{"@id":"https:\/\/curacao-sea-aquarium.com\/nl\/#website"},"datePublished":"2019-12-24T05:04:56+00:00","dateModified":"2020-09-23T22:57:21+00:00","description":"Meer informatie nodig over onze algemene voorwaarden? Lees hier onze annuleringsvoorwaarden en het privacybeleid van het Cura\u00e7ao Sea Aquarium.","breadcrumb":{"@id":"https:\/\/curacao-sea-aquarium.com\/nl\/algemene-voorwaarden\/#breadcrumb"},"inLanguage":"nl-NL","potentialAction":[{"@type":"ReadAction","target":["https:\/\/curacao-sea-aquarium.com\/nl\/algemene-voorwaarden\/"]}]},{"@type":"BreadcrumbList","@id":"https:\/\/curacao-sea-aquarium.com\/nl\/algemene-voorwaarden\/#breadcrumb","itemListElement":[{"@type":"ListItem","position":1,"name":"Home","item":"https:\/\/curacao-sea-aquarium.com\/nl\/"},{"@type":"ListItem","position":2,"name":"Algemene voorwaarden"}]},{"@type":"WebSite","@id":"https:\/\/curacao-sea-aquarium.com\/nl\/#website","url":"https:\/\/curacao-sea-aquarium.com\/nl\/","name":"Curacao Sea Aquarium","description":"Curacao Sea Aquarium","potentialAction":[{"@type":"SearchAction","target":{"@type":"EntryPoint","urlTemplate":"https:\/\/curacao-sea-aquarium.com\/nl\/?s={search_term_string}"},"query-input":{"@type":"PropertyValueSpecification","valueRequired":true,"valueName":"search_term_string"}}],"inLanguage":"nl-NL"}]}},"jetpack_sharing_enabled":true,"_links":{"self":[{"href":"https:\/\/curacao-sea-aquarium.com\/nl\/wp-json\/wp\/v2\/pages\/2276","targetHints":{"allow":["GET"]}}],"collection":[{"href":"https:\/\/curacao-sea-aquarium.com\/nl\/wp-json\/wp\/v2\/pages"}],"about":[{"href":"https:\/\/curacao-sea-aquarium.com\/nl\/wp-json\/wp\/v2\/types\/page"}],"author":[{"embeddable":true,"href":"https:\/\/curacao-sea-aquarium.com\/nl\/wp-json\/wp\/v2\/users\/25"}],"replies":[{"embeddable":true,"href":"https:\/\/curacao-sea-aquarium.com\/nl\/wp-json\/wp\/v2\/comments?post=2276"}],"version-history":[{"count":8,"href":"https:\/\/curacao-sea-aquarium.com\/nl\/wp-json\/wp\/v2\/pages\/2276\/revisions"}],"predecessor-version":[{"id":2998,"href":"https:\/\/curacao-sea-aquarium.com\/nl\/wp-json\/wp\/v2\/pages\/2276\/revisions\/2998"}],"wp:attachment":[{"href":"https:\/\/curacao-sea-aquarium.com\/nl\/wp-json\/wp\/v2\/media?parent=2276"}],"curies":[{"name":"wp","href":"https:\/\/api.w.org\/{rel}","templated":true}]}}