{"id":1556,"date":"2019-12-05T11:05:05","date_gmt":"2019-12-05T11:05:05","guid":{"rendered":"https:\/\/curacao-sea-aquarium.com\/curacao-sea-aquarium\/"},"modified":"2025-10-08T11:49:14","modified_gmt":"2025-10-08T15:49:14","slug":"curacao-sea-aquarium","status":"publish","type":"page","link":"https:\/\/curacao-sea-aquarium.com\/nl\/experiences\/curacao-sea-aquarium\/","title":{"rendered":"Cura\u00e7ao Sea Aquarium"},"content":{"rendered":"<section class=\"wpb-content-wrapper\"><p>[vc_row el_class=&#8221;book-btn-row&#8221;][vc_column][vc_btn title=&#8221;Boek Nu&#8221; align=&#8221;center&#8221; link=&#8221;url:https%3A%2F%2Fbook.peek.com%2Fs%2F8c37114c-9c60-4163-9690-d637ba5bf3f8%2FrxPJy|||&#8221; el_class=&#8221;subheader_book-btn&#8221;][\/vc_column][\/vc_row][vc_section el_class=&#8221;top-experiences-section&#8221;][vc_row][vc_column width=&#8221;1\/2&#8243;][vc_custom_heading text=&#8221;Ontdek de wonderen van de zee!&#8221; font_container=&#8221;tag:h2|text_align:left|color:%23202020&#8243; use_theme_fonts=&#8221;yes&#8221;][vc_column_text]<\/p>\n<div class=\"text_content text_cnt_bold\">\n<p><span style=\"font-weight: 400;\"><span style=\"font-weight: 400;\"><strong>Cura\u00e7ao Sea Aquarium is d\u00e9 locatie voor het verkennen van de Cura\u00e7aose onderwaterwereld! Het aquarium wordt gefaciliteerd door een open water systeem. Vers zeewater wordt continu in de aquaria gepompt en via overstorten naar de zee teruggevoerd. Hierdoor ontstaan natuurlijke omgevingen voor alle zeedieren zonder het gebruik van chemicali\u00ebn of filters. Dit maakt Cura\u00e7ao Sea Aquarium \u00e9\u00e9n van \u2019s werelds meest unieke zeeaquaria.<\/strong><\/span><\/span><\/p>\n<p><span style=\"font-weight: 400;\">Bij Cura\u00e7ao Sea Aquarium maak je kennis met de onderwaterwereld van Cura\u00e7ao. Bekijk de verschillende aquaria, ontmoet, begroet of voer de haaien, kreeften en flamingo\u2019s of brengen een bezoek aan de verschillende dagelijkse demonstraties.<\/span><\/p>\n<\/div>\n<p>[\/vc_column_text][vc_empty_space height=&#8221;30px&#8221; el_class=&#8221;mobile_space&#8221;][\/vc_column][vc_column width=&#8221;1\/2&#8243; el_class=&#8221;no_shadow&#8221;][vc_single_image image=&#8221;3645&#8243; img_size=&#8221;full&#8221;][\/vc_column][\/vc_row][\/vc_section][vc_section full_width=&#8221;stretch_row&#8221; css=&#8221;.vc_custom_1588941254161{background-image: url(https:\/\/curacao-sea-aquarium.com\/wp-content\/uploads\/2019\/12\/water-bg2.jpg?id=442) !important;background-position: center !important;background-repeat: no-repeat !important;background-size: cover !important;}&#8221; el_class=&#8221;blue_bg&#8221;][vc_row css=&#8221;.vc_custom_1576131799421{padding-top: 20px !important;}&#8221;][vc_column][vc_custom_heading text=&#8221;Over deze Experience&#8221; font_container=&#8221;tag:h2|text_align:center|color:%23ffffff&#8221; use_theme_fonts=&#8221;yes&#8221;][vc_empty_space][vc_row_inner el_class=&#8221;tab_sm_grid&#8221;][vc_column_inner width=&#8221;1\/3&#8243;]<div class=\"icon_box icon_position_top no_border\"><div class=\"image_wrapper\"><img loading=\"lazy\" decoding=\"async\" class=\"scale-with-grid\" src=\"https:\/\/curacao-sea-aquarium.com\/wp-content\/uploads\/2020\/01\/hourglass-2.png\" alt=\"hourglass\" width=\"54\" height=\"85\"\/><\/div><div class=\"desc_wrapper\"><h4 class=\"title\">Openingstijden<\/h4><div class=\"desc\">8:00 uur &#8211; 17:00 uur<\/div><\/div><\/div>\n[\/vc_column_inner][vc_column_inner width=&#8221;1\/3&#8243;]<div class=\"icon_box icon_position_top no_border\"><div class=\"image_wrapper\"><img loading=\"lazy\" decoding=\"async\" class=\"scale-with-grid\" src=\"https:\/\/curacao-sea-aquarium.com\/wp-content\/uploads\/2021\/02\/openings-dagen-e1614094145287.png\" alt=\"openings dagen\" width=\"392\" height=\"392\"\/><\/div><div class=\"desc_wrapper\"><h4 class=\"title\">Het hele jaar door<\/h4><div class=\"desc\">Open van Dinsdag t\/m Zaterdag<\/div><\/div><\/div>\n[\/vc_column_inner][vc_column_inner width=&#8221;1\/3&#8243;]<div class=\"icon_box icon_position_top no_border\"><div class=\"image_wrapper\"><img loading=\"lazy\" decoding=\"async\" class=\"scale-with-grid\" src=\"https:\/\/curacao-sea-aquarium.com\/wp-content\/uploads\/2020\/01\/business-and-finance-1.png\" alt=\"business-and-finance\" width=\"85\" height=\"85\"\/><\/div><div class=\"desc_wrapper\"><h4 class=\"title\">Voorzieningen<\/h4><div class=\"desc\"><span style=\"font-weight: 400;\">Terras met eten en drinken en cadeauwinkel aanwezig<\/span><\/div><\/div><\/div>\n[\/vc_column_inner][\/vc_row_inner][\/vc_column][\/vc_row][vc_row full_width=&#8221;stretch_row_content_no_spaces&#8221; css=&#8221;.vc_custom_1576223246331{margin-top: 0px !important;margin-bottom: -35px !important;}&#8221; el_class=&#8221;desktop_wave&#8221;][vc_column][vc_single_image image=&#8221;481&#8243; img_size=&#8221;full&#8221; alignment=&#8221;center&#8221; css=&#8221;.vc_custom_1576135486252{margin-bottom: 0px !important;}&#8221;][\/vc_column][\/vc_row][vc_row full_width=&#8221;stretch_row_content_no_spaces&#8221; css=&#8221;.vc_custom_1576223257261{margin-top: 0px !important;margin-bottom: -35px !important;}&#8221; el_class=&#8221;mobile_wave&#8221;][vc_column][vc_single_image image=&#8221;493&#8243; img_size=&#8221;full&#8221; alignment=&#8221;center&#8221; css=&#8221;.vc_custom_1576223230709{margin-bottom: 0px !important;}&#8221;][\/vc_column][\/vc_row][\/vc_section][vc_section el_class=&#8221;price_section price-desk-view&#8221;][vc_row][vc_column width=&#8221;1\/2&#8243; el_class=&#8221;list_items&#8221;][vc_custom_heading text=&#8221;Activiteiten&#8221; font_container=&#8221;tag:h2|text_align:left|color:%23202020&#8243; use_theme_fonts=&#8221;yes&#8221;][vc_empty_space height=&#8221;&#8221;][vc_column_text]<\/p>\n<ul>\n<li style=\"font-weight: 400;\"><span style=\"font-weight: 400;\">Een grote hoeveelheid aquaria met verschillende diersoorten uit de oceaan<\/span><\/li>\n<li style=\"font-weight: 400;\"><span style=\"font-weight: 400;\">Kreeften voeren<\/span><\/li>\n<li style=\"font-weight: 400;\"><span style=\"font-weight: 400;\">Haaien voeren<\/span><\/li>\n<li style=\"font-weight: 400;\"><span style=\"font-weight: 400;\">Flamingo\u2019s voeren<\/span><\/li>\n<li style=\"font-weight: 400;\"><span style=\"font-weight: 400;\">Dolfijnen Training Demonstratie\u00a0<\/span><\/li>\n<li style=\"font-weight: 400;\"><span style=\"font-weight: 400;\">Onderwater Observatorium<\/span><\/li>\n<\/ul>\n<p>[\/vc_column_text][vc_custom_heading text=&#8221;Deel jouw ervaring op Facebook!&#8221; font_container=&#8221;tag:h2|font_size:25px|text_align:left|color:%23202020|line_height:30px&#8221; use_theme_fonts=&#8221;yes&#8221;][vc_column_text]<div class=\"addtoany_shortcode\"><div class=\"a2a_kit a2a_kit_size_40 addtoany_list\" data-a2a-url=\"https:\/\/curacao-sea-aquarium.com\/nl\/experiences\/curacao-sea-aquarium\/\" data-a2a-title=\"Cura\u00e7ao Sea Aquarium\"><a class=\"a2a_button_facebook\" href=\"https:\/\/www.addtoany.com\/add_to\/facebook?linkurl=https%3A%2F%2Fcuracao-sea-aquarium.com%2Fnl%2Fexperiences%2Fcuracao-sea-aquarium%2F&amp;linkname=Cura%C3%A7ao%20Sea%20Aquarium\" title=\"Facebook\" rel=\"nofollow noopener\" target=\"_blank\"><\/a><\/div><\/div>[\/vc_column_text][\/vc_column][vc_column width=&#8221;1\/2&#8243;][vc_row_inner css=&#8221;.vc_custom_1581396710208{margin-top: -50px !important;}&#8221;][vc_column_inner el_class=&#8221;circ_1&#8243; width=&#8221;1\/2&#8243;][vc_column_text]<\/p>\n<div class=\"price_circle circle_1\">\n<div class=\"price_content\">\n<div class=\"top_heading\">Leeftijd 12+<\/div>\n<div class=\"price\"><small class=\"c-sign\">$20<\/small><\/div>\n<p><a href=\"https:\/\/www.peek.com\/s\/8c37114c-9c60-4163-9690-d637ba5bf3f8\/VaDzo\">Boek Nu<\/a><\/p>\n<\/div>\n<\/div>\n<p>[\/vc_column_text][\/vc_column_inner][vc_column_inner el_class=&#8221;circ_2&#8243; width=&#8221;1\/2&#8243;][vc_column_text]<\/p>\n<div class=\"price_circle circle_2\">\n<div class=\"price_content\">\n<div class=\"top_heading\">Leeftijd 5-12<\/div>\n<div class=\"price\"><small class=\"c-sign\">$10<\/small><\/div>\n<p><a href=\"https:\/\/www.peek.com\/s\/8c37114c-9c60-4163-9690-d637ba5bf3f8\/VaDzo\">Boek Nu<\/a><\/p>\n<\/div>\n<\/div>\n<p>[\/vc_column_text][\/vc_column_inner][\/vc_row_inner][vc_row_inner][vc_column_inner el_class=&#8221;circ_3&#8243;][vc_column_text]<\/p>\n<div class=\"price_circle circle_1 circle_3\">\n<div class=\"price_content resident_rate\">\n<div class=\"top_heading\">Resident Rate<\/div>\n<p><a href=\"https:\/\/book.peek.com\/s\/8c37114c-9c60-4163-9690-d637ba5bf3f8\/NWpdW\">Boek Nu<\/a><\/p>\n<\/div>\n<\/div>\n<p>[\/vc_column_text][\/vc_column_inner][\/vc_row_inner][\/vc_column][\/vc_row][\/vc_section][vc_section el_class=&#8221;price_section price-mob-view&#8221;][vc_row][vc_column width=&#8221;1\/2&#8243; el_class=&#8221;list_items&#8221;][vc_custom_heading text=&#8221;Activiteiten&#8221; font_container=&#8221;tag:h2|text_align:left|color:%23202020&#8243; use_theme_fonts=&#8221;yes&#8221;][vc_empty_space height=&#8221;&#8221;][vc_column_text]<\/p>\n<ul>\n<li style=\"font-weight: 400;\"><span style=\"font-weight: 400;\">Een grote hoeveelheid aquaria met verschillende diersoorten uit de oceaan<\/span><\/li>\n<li style=\"font-weight: 400;\"><span style=\"font-weight: 400;\">Kreeften voeren<\/span><\/li>\n<li style=\"font-weight: 400;\"><span style=\"font-weight: 400;\">Haaien voeren<\/span><\/li>\n<li style=\"font-weight: 400;\"><span style=\"font-weight: 400;\">Flamingo\u2019s voeren<\/span><\/li>\n<li style=\"font-weight: 400;\"><span style=\"font-weight: 400;\">Dolfijnen Training Demonstratie\u00a0<\/span><\/li>\n<li style=\"font-weight: 400;\"><span style=\"font-weight: 400;\">Onderwater Observatorium<\/span><\/li>\n<\/ul>\n<p>[\/vc_column_text][vc_custom_heading text=&#8221;Deel jouw ervaring op Facebook!&#8221; font_container=&#8221;tag:h2|font_size:25px|text_align:left|color:%23202020|line_height:30px&#8221; use_theme_fonts=&#8221;yes&#8221;][vc_column_text]<div class=\"addtoany_shortcode\"><div class=\"a2a_kit a2a_kit_size_40 addtoany_list\" data-a2a-url=\"https:\/\/curacao-sea-aquarium.com\/nl\/experiences\/curacao-sea-aquarium\/\" data-a2a-title=\"Cura\u00e7ao Sea Aquarium\"><a class=\"a2a_button_facebook\" href=\"https:\/\/www.addtoany.com\/add_to\/facebook?linkurl=https%3A%2F%2Fcuracao-sea-aquarium.com%2Fnl%2Fexperiences%2Fcuracao-sea-aquarium%2F&amp;linkname=Cura%C3%A7ao%20Sea%20Aquarium\" title=\"Facebook\" rel=\"nofollow noopener\" target=\"_blank\"><\/a><\/div><\/div>[\/vc_column_text][\/vc_column][vc_column width=&#8221;1\/2&#8243;][vc_row_inner][vc_column_inner width=&#8221;1\/2&#8243;][vc_column_text]<\/p>\n<div class=\"price_circle circle_1\">\n<div class=\"price_content\">\n<div class=\"top_heading\">Leeftijd 12+<\/div>\n<div class=\"price\"><small class=\"c-sign\">$20<\/small><\/div>\n<p><a href=\"https:\/\/www.peek.com\/s\/8c37114c-9c60-4163-9690-d637ba5bf3f8\/VaDzo\">Boek Nu<\/a><\/p>\n<\/div>\n<\/div>\n<p>[\/vc_column_text][\/vc_column_inner][vc_column_inner width=&#8221;1\/2&#8243;][vc_column_text]<\/p>\n<div class=\"price_circle circle_2\">\n<div class=\"price_content\">\n<div class=\"top_heading\">Leeftijd 5-12<\/div>\n<div class=\"price\"><small class=\"c-sign\">$10<\/small><\/div>\n<p><a href=\"https:\/\/www.peek.com\/s\/8c37114c-9c60-4163-9690-d637ba5bf3f8\/VaDzo\">Boek Nu<\/a><\/p>\n<\/div>\n<\/div>\n<p>[\/vc_column_text][\/vc_column_inner][\/vc_row_inner][vc_row_inner][vc_column_inner css=&#8221;.vc_custom_1581310081917{margin-top: -35px !important;}&#8221;][vc_column_text]<\/p>\n<div class=\"price_circle circle_1 circle_3\">\n<div class=\"price_content resident_rate\">\n<div class=\"top_heading\">Resident Rate<\/div>\n<p><a href=\"https:\/\/book.peek.com\/s\/8c37114c-9c60-4163-9690-d637ba5bf3f8\/NWpdW\">Boek Nu<\/a><\/p>\n<\/div>\n<\/div>\n<p>[\/vc_column_text][\/vc_column_inner][\/vc_row_inner][\/vc_column][\/vc_row][\/vc_section][vc_section full_width=&#8221;stretch_row&#8221; el_class=&#8221;experience_section&#8221; css=&#8221;.vc_custom_1575352906412{padding-top: 50px !important;background-color: #f4f3f3 !important;}&#8221;][vc_row][vc_column][youtube video=&#8221;https:\/\/youtu.be\/bI5jgZYXp7M&#8221; autoplay=&#8221;true&#8221; mute=&#8221;true&#8221; allowfullscreen=&#8221;true&#8221; loop=&#8221;true&#8221; iv_load_policy=&#8221;true&#8221; autohide=&#8221;Default&#8221; controls=&#8221;Always&#8221; modestbranding=&#8221;true&#8221; showinfo=&#8221;true&#8221;][vc_empty_space height=&#8221;50px&#8221;][\/vc_column][\/vc_row][vc_row el_class=&#8221;experience_row&#8221;][vc_column][vc_custom_heading text=&#8221;Meer Experiences&#8221; font_container=&#8221;tag:h2|text_align:left|color:%23202020&#8243; use_theme_fonts=&#8221;yes&#8221;][vc_row_inner css=&#8221;.vc_custom_1579668964251{margin-bottom: 0px !important;padding-top: 30px !important;}&#8221; el_class=&#8221;tab_sm_grid&#8221;][vc_column_inner width=&#8221;5\/6&#8243;][vc_column_text]<div class='white' style='background:rgb(243, 243, 243); border:solid 0px rgb(240, 240, 240); border-radius:5px; padding:0px 0px 0px 0px;'>\n<div id='sample_slider' class='owl-carousel sa_owl_theme autohide-arrows' data-slider-id='sample_slider' style='visibility:hidden;'>\n<div id='sample_slider_slide01' class='sa_hover_container' style='padding:15% 10%; margin:0px 3%; background-image:url(&quot;https:\/\/curacao-sea-aquarium.com\/wp-content\/uploads\/2022\/02\/ocean-lens2-1.png&quot;); background-position:left top; background-size:cover; background-repeat:no-repeat; background-color:rgb(255, 255, 255); '><div class=\"exp_box\">\r\n<div class=\"exp_content\">\r\n<h2><a href=\"\/nl\/ocean-lens\/\">Ocean Lens<\/a><\/h2>\r\n<p><a href=\"\/nl\/ocean-lens\/\">Beleef de wonderlijke en kleurrijke Caribische onderwaterwereld zonder nat te worden tijdens een Ocean Lens Experience.<\/a><\/p>\r\n<a class=\"button\" href=\"https:\/\/www.peek.com\/s\/8c37114c-9c60-4163-9690-d637ba5bf3f8\/wXxZe\" data-button-text=\"Boek Nu\">Boek Nu <\/a><\/div>\r\n<\/div><\/div>\n<div id='sample_slider_slide02' class='sa_hover_container' style='padding:15% 10%; margin:0px 3%; background-image:url(&quot;https:\/\/curacao-sea-aquarium.com\/wp-content\/uploads\/2022\/02\/AnimalEncounters.jpg&quot;); background-position:left top; background-size:cover; background-repeat:no-repeat; '><div class=\"exp_box\">\r\n<div class=\"exp_content\">\r\n<h2><a href=\"\/nl\/animal-encounters\/\">Animal Encounters<\/a><\/h2>\r\n<p><a href=\"\/nl\/animal-encounters\/\">Maak kennis, begroet en voer de haaien en roggen tijdens een Animal Encounters experience.<\/a><\/p>\r\n<a class=\"button\" href=\"https:\/\/www.peek.com\/s\/8c37114c-9c60-4163-9690-d637ba5bf3f8\/YwKoJ\" data-button-text=\"Boek Nu\">Boek Nu<\/a><\/div>\r\n<\/div><\/div>\n<\/div>\n<\/div>\n<script type='text\/javascript'>\n\tdocument.addEventListener('DOMContentLoaded', function() {\n\t\tjQuery('#sample_slider').owlCarousel({\n\t\t\tresponsive:{\n\t\t\t\t0:{ items:1 },\n\t\t\t\t480:{ items:2 },\n\t\t\t\t768:{ items:2 },\n\t\t\t\t980:{ items:2 },\n\t\t\t\t1200:{ items:2 },\n\t\t\t\t1500:{ items:2 }\n\t\t\t},\n\t\t\tautoplay : false,\n\t\t\tautoplayHoverPause : false,\n\t\t\tsmartSpeed : 0,\n\t\t\tfluidSpeed : 0,\n\t\t\tautoplaySpeed : 0,\n\t\t\tnavSpeed : 0,\n\t\t\tdotsSpeed : 0,\n\t\t\tloop : true,\n\t\t\tnav : true,\n\t\t\tnavText : ['Previous','Next'],\n\t\t\tdots : false,\n\t\t\tresponsiveRefreshRate : 200,\n\t\t\tslideBy : 1,\n\t\t\tmergeFit : true,\n\t\t\tautoHeight : false,\n\t\t\tmouseDrag : true,\n\t\t\ttouchDrag : true\n\t\t});\n\t\tjQuery('#sample_slider').css('visibility', 'visible');\n\t\tsa_resize_sample_slider();\n\t\twindow.addEventListener('resize', sa_resize_sample_slider);\n\t\tfunction sa_resize_sample_slider() {\n\t\t\tvar min_height = '50';\n\t\t\tvar win_width = jQuery(window).width();\n\t\t\tvar slider_width = jQuery('#sample_slider').width();\n\t\t\tif (win_width < 480) {\n\t\t\t\tvar slide_width = slider_width \/ 1;\n\t\t\t} else if (win_width < 768) {\n\t\t\t\tvar slide_width = slider_width \/ 2;\n\t\t\t} else if (win_width < 980) {\n\t\t\t\tvar slide_width = slider_width \/ 2;\n\t\t\t} else if (win_width < 1200) {\n\t\t\t\tvar slide_width = slider_width \/ 2;\n\t\t\t} else if (win_width < 1500) {\n\t\t\t\tvar slide_width = slider_width \/ 2;\n\t\t\t} else {\n\t\t\t\tvar slide_width = slider_width \/ 2;\n\t\t\t}\n\t\t\tslide_width = Math.round(slide_width);\n\t\t\tvar slide_height = '0';\n\t\t\tif (min_height == 'aspect43') {\n\t\t\t\tslide_height = (slide_width \/ 4) * 3;\t\t\t\tslide_height = Math.round(slide_height);\n\t\t\t} else if (min_height == 'aspect169') {\n\t\t\t\tslide_height = (slide_width \/ 16) * 9;\t\t\t\tslide_height = Math.round(slide_height);\n\t\t\t} else {\n\t\t\t\tslide_height = (slide_width \/ 100) * min_height;\t\t\t\tslide_height = Math.round(slide_height);\n\t\t\t}\n\t\t\tjQuery('#sample_slider .owl-item .sa_hover_container').css('min-height', slide_height+'px');\n\t\t}\n\t\tvar owl_goto = jQuery('#sample_slider');\n\t\tjQuery('.sample_slider_goto1').click(function(event){\n\t\t\towl_goto.trigger('to.owl.carousel', 0);\n\t\t});\n\t\tjQuery('.sample_slider_goto2').click(function(event){\n\t\t\towl_goto.trigger('to.owl.carousel', 1);\n\t\t});\n\t\tvar resize_2445 = jQuery('.owl-carousel');\n\t\tresize_2445.on('initialized.owl.carousel', function(e) {\n\t\t\tif (typeof(Event) === 'function') {\n\t\t\t\twindow.dispatchEvent(new Event('resize'));\n\t\t\t} else {\n\t\t\t\tvar evt = window.document.createEvent('UIEvents');\n\t\t\t\tevt.initUIEvent('resize', true, false, window, 0);\n\t\t\t\twindow.dispatchEvent(evt);\n\t\t\t}\n\t\t});\n\t});\n<\/script>\n[\/vc_column_text][\/vc_column_inner][vc_column_inner width=&#8221;1\/6&#8243;][\/vc_column_inner][\/vc_row_inner][\/vc_column][\/vc_row][\/vc_section][vc_row full_width=&#8221;stretch_row_content_no_spaces&#8221; el_class=&#8221;mobile_wave&#8221;][vc_column][vc_single_image image=&#8221;502&#8243; img_size=&#8221;full&#8221; css=&#8221;.vc_custom_1576223582568{margin-bottom: -35px !important;}&#8221;][\/vc_column][\/vc_row]<\/p>\n<\/section>","protected":false},"excerpt":{"rendered":"<p>[vc_row el_class=&#8221;book-btn-row&#8221;][vc_column][vc_btn title=&#8221;Boek Nu&#8221; align=&#8221;center&#8221; link=&#8221;url:https%3A%2F%2Fbook.peek.com%2Fs%2F8c37114c-9c60-4163-9690-d637ba5bf3f8%2FrxPJy|||&#8221; el_class=&#8221;subheader_book-btn&#8221;][\/vc_column][\/vc_row][vc_section el_class=&#8221;top-experiences-section&#8221;][vc_row][vc_column width=&#8221;1\/2&#8243;][vc_custom_heading text=&#8221;Ontdek de wonderen van de zee!&#8221; font_container=&#8221;tag:h2|text_align:left|color:%23202020&#8243; use_theme_fonts=&#8221;yes&#8221;][vc_column_text] Cura\u00e7ao Sea Aquarium is d\u00e9 locatie voor het verkennen<span class=\"excerpt-hellip\"> [\u2026]<\/span><\/p>\n","protected":false},"author":25,"featured_media":0,"parent":1576,"menu_order":0,"comment_status":"closed","ping_status":"closed","template":"","meta":{"footnotes":"","_wp_rev_ctl_limit":""},"class_list":["post-1556","page","type-page","status-publish","hentry"],"yoast_head":"<!-- This site is optimized with the Yoast SEO plugin v27.6 - https:\/\/yoast.com\/product\/yoast-seo-wordpress\/ -->\n<title>D\u00e9 locatie voor onderwaterwereld verkenning | Cura\u00e7ao Sea Aquarium<\/title>\n<meta name=\"description\" content=\"Wij zijn \u00e9\u00e9n van \u2019s werelds meest unieke zeeaquaria en zijn d\u00e9 locatie voor het verkennen van de Cura\u00e7aose onderwaterwereld!\" \/>\n<meta name=\"robots\" content=\"index, follow, max-snippet:-1, max-image-preview:large, max-video-preview:-1\" \/>\n<link rel=\"canonical\" href=\"https:\/\/curacao-sea-aquarium.com\/nl\/experiences\/curacao-sea-aquarium\/\" \/>\n<meta property=\"og:locale\" content=\"nl_NL\" \/>\n<meta property=\"og:type\" content=\"article\" \/>\n<meta property=\"og:title\" content=\"D\u00e9 locatie voor onderwaterwereld verkenning | Cura\u00e7ao Sea Aquarium\" \/>\n<meta property=\"og:description\" content=\"Wij zijn \u00e9\u00e9n van \u2019s werelds meest unieke zeeaquaria en zijn d\u00e9 locatie voor het verkennen van de Cura\u00e7aose onderwaterwereld!\" \/>\n<meta property=\"og:url\" content=\"https:\/\/curacao-sea-aquarium.com\/nl\/experiences\/curacao-sea-aquarium\/\" \/>\n<meta property=\"og:site_name\" content=\"Curacao Sea Aquarium\" \/>\n<meta property=\"article:modified_time\" content=\"2025-10-08T15:49:14+00:00\" \/>\n<meta name=\"twitter:card\" content=\"summary_large_image\" \/>\n<meta name=\"twitter:label1\" content=\"Geschatte leestijd\" \/>\n\t<meta name=\"twitter:data1\" content=\"2 minuten\" \/>\n<script type=\"application\/ld+json\" class=\"yoast-schema-graph\">{\"@context\":\"https:\\\/\\\/schema.org\",\"@graph\":[{\"@type\":\"WebPage\",\"@id\":\"https:\\\/\\\/curacao-sea-aquarium.com\\\/nl\\\/experiences\\\/curacao-sea-aquarium\\\/\",\"url\":\"https:\\\/\\\/curacao-sea-aquarium.com\\\/nl\\\/experiences\\\/curacao-sea-aquarium\\\/\",\"name\":\"D\u00e9 locatie voor onderwaterwereld verkenning | Cura\u00e7ao Sea Aquarium\",\"isPartOf\":{\"@id\":\"https:\\\/\\\/curacao-sea-aquarium.com\\\/nl\\\/#website\"},\"datePublished\":\"2019-12-05T11:05:05+00:00\",\"dateModified\":\"2025-10-08T15:49:14+00:00\",\"description\":\"Wij zijn \u00e9\u00e9n van \u2019s werelds meest unieke zeeaquaria en zijn d\u00e9 locatie voor het verkennen van de Cura\u00e7aose onderwaterwereld!\",\"breadcrumb\":{\"@id\":\"https:\\\/\\\/curacao-sea-aquarium.com\\\/nl\\\/experiences\\\/curacao-sea-aquarium\\\/#breadcrumb\"},\"inLanguage\":\"nl-NL\",\"potentialAction\":[{\"@type\":\"ReadAction\",\"target\":[\"https:\\\/\\\/curacao-sea-aquarium.com\\\/nl\\\/experiences\\\/curacao-sea-aquarium\\\/\"]}]},{\"@type\":\"BreadcrumbList\",\"@id\":\"https:\\\/\\\/curacao-sea-aquarium.com\\\/nl\\\/experiences\\\/curacao-sea-aquarium\\\/#breadcrumb\",\"itemListElement\":[{\"@type\":\"ListItem\",\"position\":1,\"name\":\"Home\",\"item\":\"https:\\\/\\\/curacao-sea-aquarium.com\\\/nl\\\/\"},{\"@type\":\"ListItem\",\"position\":2,\"name\":\"Experiences\",\"item\":\"https:\\\/\\\/curacao-sea-aquarium.com\\\/nl\\\/experiences\\\/\"},{\"@type\":\"ListItem\",\"position\":3,\"name\":\"Cura\u00e7ao Sea Aquarium\"}]},{\"@type\":\"WebSite\",\"@id\":\"https:\\\/\\\/curacao-sea-aquarium.com\\\/nl\\\/#website\",\"url\":\"https:\\\/\\\/curacao-sea-aquarium.com\\\/nl\\\/\",\"name\":\"Curacao Sea Aquarium\",\"description\":\"Curacao Sea Aquarium\",\"potentialAction\":[{\"@type\":\"SearchAction\",\"target\":{\"@type\":\"EntryPoint\",\"urlTemplate\":\"https:\\\/\\\/curacao-sea-aquarium.com\\\/nl\\\/?s={search_term_string}\"},\"query-input\":{\"@type\":\"PropertyValueSpecification\",\"valueRequired\":true,\"valueName\":\"search_term_string\"}}],\"inLanguage\":\"nl-NL\"}]}<\/script>\n<!-- \/ Yoast SEO plugin. -->","yoast_head_json":{"title":"D\u00e9 locatie voor onderwaterwereld verkenning | Cura\u00e7ao Sea Aquarium","description":"Wij zijn \u00e9\u00e9n van \u2019s werelds meest unieke zeeaquaria en zijn d\u00e9 locatie voor het verkennen van de Cura\u00e7aose onderwaterwereld!","robots":{"index":"index","follow":"follow","max-snippet":"max-snippet:-1","max-image-preview":"max-image-preview:large","max-video-preview":"max-video-preview:-1"},"canonical":"https:\/\/curacao-sea-aquarium.com\/nl\/experiences\/curacao-sea-aquarium\/","og_locale":"nl_NL","og_type":"article","og_title":"D\u00e9 locatie voor onderwaterwereld verkenning | Cura\u00e7ao Sea Aquarium","og_description":"Wij zijn \u00e9\u00e9n van \u2019s werelds meest unieke zeeaquaria en zijn d\u00e9 locatie voor het verkennen van de Cura\u00e7aose onderwaterwereld!","og_url":"https:\/\/curacao-sea-aquarium.com\/nl\/experiences\/curacao-sea-aquarium\/","og_site_name":"Curacao Sea Aquarium","article_modified_time":"2025-10-08T15:49:14+00:00","twitter_card":"summary_large_image","twitter_misc":{"Geschatte leestijd":"2 minuten"},"schema":{"@context":"https:\/\/schema.org","@graph":[{"@type":"WebPage","@id":"https:\/\/curacao-sea-aquarium.com\/nl\/experiences\/curacao-sea-aquarium\/","url":"https:\/\/curacao-sea-aquarium.com\/nl\/experiences\/curacao-sea-aquarium\/","name":"D\u00e9 locatie voor onderwaterwereld verkenning | Cura\u00e7ao Sea Aquarium","isPartOf":{"@id":"https:\/\/curacao-sea-aquarium.com\/nl\/#website"},"datePublished":"2019-12-05T11:05:05+00:00","dateModified":"2025-10-08T15:49:14+00:00","description":"Wij zijn \u00e9\u00e9n van \u2019s werelds meest unieke zeeaquaria en zijn d\u00e9 locatie voor het verkennen van de Cura\u00e7aose onderwaterwereld!","breadcrumb":{"@id":"https:\/\/curacao-sea-aquarium.com\/nl\/experiences\/curacao-sea-aquarium\/#breadcrumb"},"inLanguage":"nl-NL","potentialAction":[{"@type":"ReadAction","target":["https:\/\/curacao-sea-aquarium.com\/nl\/experiences\/curacao-sea-aquarium\/"]}]},{"@type":"BreadcrumbList","@id":"https:\/\/curacao-sea-aquarium.com\/nl\/experiences\/curacao-sea-aquarium\/#breadcrumb","itemListElement":[{"@type":"ListItem","position":1,"name":"Home","item":"https:\/\/curacao-sea-aquarium.com\/nl\/"},{"@type":"ListItem","position":2,"name":"Experiences","item":"https:\/\/curacao-sea-aquarium.com\/nl\/experiences\/"},{"@type":"ListItem","position":3,"name":"Cura\u00e7ao Sea Aquarium"}]},{"@type":"WebSite","@id":"https:\/\/curacao-sea-aquarium.com\/nl\/#website","url":"https:\/\/curacao-sea-aquarium.com\/nl\/","name":"Curacao Sea Aquarium","description":"Curacao Sea Aquarium","potentialAction":[{"@type":"SearchAction","target":{"@type":"EntryPoint","urlTemplate":"https:\/\/curacao-sea-aquarium.com\/nl\/?s={search_term_string}"},"query-input":{"@type":"PropertyValueSpecification","valueRequired":true,"valueName":"search_term_string"}}],"inLanguage":"nl-NL"}]}},"jetpack_sharing_enabled":true,"_links":{"self":[{"href":"https:\/\/curacao-sea-aquarium.com\/nl\/wp-json\/wp\/v2\/pages\/1556","targetHints":{"allow":["GET"]}}],"collection":[{"href":"https:\/\/curacao-sea-aquarium.com\/nl\/wp-json\/wp\/v2\/pages"}],"about":[{"href":"https:\/\/curacao-sea-aquarium.com\/nl\/wp-json\/wp\/v2\/types\/page"}],"author":[{"embeddable":true,"href":"https:\/\/curacao-sea-aquarium.com\/nl\/wp-json\/wp\/v2\/users\/25"}],"replies":[{"embeddable":true,"href":"https:\/\/curacao-sea-aquarium.com\/nl\/wp-json\/wp\/v2\/comments?post=1556"}],"version-history":[{"count":29,"href":"https:\/\/curacao-sea-aquarium.com\/nl\/wp-json\/wp\/v2\/pages\/1556\/revisions"}],"predecessor-version":[{"id":5079,"href":"https:\/\/curacao-sea-aquarium.com\/nl\/wp-json\/wp\/v2\/pages\/1556\/revisions\/5079"}],"up":[{"embeddable":true,"href":"https:\/\/curacao-sea-aquarium.com\/nl\/wp-json\/wp\/v2\/pages\/1576"}],"wp:attachment":[{"href":"https:\/\/curacao-sea-aquarium.com\/nl\/wp-json\/wp\/v2\/media?parent=1556"}],"curies":[{"name":"wp","href":"https:\/\/api.w.org\/{rel}","templated":true}]}}