{"id":2273,"date":"2019-12-19T06:06:13","date_gmt":"2019-12-19T06:06:13","guid":{"rendered":"https:\/\/curacao-sea-aquarium.com\/school-social-projects\/"},"modified":"2020-09-23T18:13:30","modified_gmt":"2020-09-23T22:13:30","slug":"proyectos-escolares-y-sociales","status":"publish","type":"page","link":"https:\/\/curacao-sea-aquarium.com\/es\/educacion\/proyectos-escolares-y-sociales\/","title":{"rendered":"Proyectos escolares y sociales"},"content":{"rendered":"<section class=\"wpb-content-wrapper\"><p>[vc_section el_class=\u00bbtop-experiences-section\u00bb][vc_row][vc_column][vc_empty_space height=\u00bb15px\u00bb][vc_custom_heading text=\u00bbProyectos escolares y sociales\u00bb font_container=\u00bbtag:h2|text_align:left|color:%23202020&#8243; use_theme_fonts=\u00bbyes\u00bb][vc_empty_space height=\u00bb0&#8243;][\/vc_column][\/vc_row][vc_row][vc_column width=\u00bb1\/2&#8243;][vc_column_text]<\/p>\n<div class=\"page_content\">\u00bfQuieres despertar el inter\u00e9s de tu clase por la vida marina de Curazao? \u00a1Entonces no sigas buscando! Nuestro departamento de educaci\u00f3n ofrece con mucho entusiasmo educaci\u00f3n marina a escuelas y grupos para aumentar el inter\u00e9s entre los j\u00f3venes locales por el mundo submarino de Curazao y el bienestar de todos los miembros de la vida marina de la isla. Por esta raz\u00f3n, el departamento ofrece a estos grupos divertidos programas interactivos y clases en Cura\u00e7ao Sea Aquarium. Adem\u00e1s de ser educativo, tambi\u00e9n ser\u00e1 un tiempo muy divertido para toda la clase.<\/div>\n<p>[\/vc_column_text][vc_column_text]<\/p>\n<div class=\"page_content\">Nuestro departamento ofrece programas educativos de la vida marina para preescolares, jardines de infantes, escuelas primarias, escuelas secundarias, escuelas especiales y escuelas privadas. Tambi\u00e9n ofrece este servicio en formas individuales, paquetes o como proyectos sociales para fundaciones, orfanatos, grupos de planes de vacaciones, grupos comunitarios de iglesias, grupos de personas mayores (60+), clubes y todos los dem\u00e1s, de acuerdo con sus necesidades espec\u00edficas.<\/div>\n<p>[\/vc_column_text][vc_empty_space height=\u00bb10px\u00bb el_class=\u00bbmobile_space\u00bb][\/vc_column][vc_column width=\u00bb1\/2&#8243;][vc_single_image image=\u00bb2139&#8243; img_size=\u00bbfull\u00bb alignment=\u00bbcenter\u00bb css=\u00bb.vc_custom_1581913499149{margin-bottom: 0px !important;}\u00bb][\/vc_column][\/vc_row][\/vc_section][vc_section full_width=\u00bbstretch_row\u00bb css=\u00bb.vc_custom_1589034037495{background-image: url(https:\/\/curacao-sea-aquarium.com\/wp-content\/uploads\/2019\/12\/water-bg2.jpg?id=442) !important;background-position: center !important;background-repeat: no-repeat !important;background-size: cover !important;}\u00bb el_class=\u00bbblue_bg\u00bb][vc_row css=\u00bb.vc_custom_1576131799421{padding-top: 20px !important;}\u00bb][vc_column][vc_custom_heading text=\u00bbSobre tu experiencia\u00bb font_container=\u00bbtag:h2|text_align:center|color:%23ffffff\u00bb use_theme_fonts=\u00bbyes\u00bb][vc_empty_space][vc_row_inner el_class=\u00bbtab_sm_grid\u00bb css=\u00bb.vc_custom_1576736758761{padding-right: 10% !important;padding-left: 10% !important;}\u00bb][vc_column_inner width=\u00bb1\/3&#8243;]<div class=\"icon_box icon_position_top no_border\"><div class=\"image_wrapper\"><img loading=\"lazy\" decoding=\"async\" class=\"scale-with-grid\" src=\"https:\/\/curacao-sea-aquarium.com\/wp-content\/uploads\/2020\/01\/month.png\" alt=\"month\" width=\"85\" height=\"85\"\/><\/div><div class=\"desc_wrapper\"><h4 class=\"title\">Disponibilidad<\/h4><div class=\"desc\">De lunes a viernes | A partir de las 8.30 am o las 9.00 am<\/div><\/div><\/div>\n[\/vc_column_inner][vc_column_inner width=\u00bb1\/3&#8243;]<div class=\"icon_box icon_position_top no_border\"><div class=\"image_wrapper\"><img loading=\"lazy\" decoding=\"async\" class=\"scale-with-grid\" src=\"https:\/\/curacao-sea-aquarium.com\/wp-content\/uploads\/2020\/01\/children.png\" alt=\"children\" width=\"85\" height=\"85\"\/><\/div><div class=\"desc_wrapper\"><h4 class=\"title\">Edad m\u00ednima<\/h4><div class=\"desc\">6 a\u00f1os<\/div><\/div><\/div>\n[\/vc_column_inner][vc_column_inner width=\u00bb1\/3&#8243;]<div class=\"icon_box icon_position_top no_border\"><div class=\"image_wrapper\"><img loading=\"lazy\" decoding=\"async\" class=\"scale-with-grid\" src=\"https:\/\/curacao-sea-aquarium.com\/wp-content\/uploads\/2020\/01\/hourglass-2.png\" alt=\"hourglass\" width=\"54\" height=\"85\"\/><\/div><div class=\"desc_wrapper\"><h4 class=\"title\">Duraci\u00f3n<\/h4><div class=\"desc\">M\u00e1ximo 3 horas por programa con un refrigerio<\/div><\/div><\/div>\n[\/vc_column_inner][\/vc_row_inner][\/vc_column][\/vc_row][vc_row full_width=\u00bbstretch_row_content_no_spaces\u00bb css=\u00bb.vc_custom_1576223246331{margin-top: 0px !important;margin-bottom: -35px !important;}\u00bb el_class=\u00bbdesktop_wave\u00bb][vc_column][vc_single_image image=\u00bb1989&#8243; img_size=\u00bbfull\u00bb alignment=\u00bbcenter\u00bb css=\u00bb.vc_custom_1576135486252{margin-bottom: 0px !important;}\u00bb][\/vc_column][\/vc_row][vc_row full_width=\u00bbstretch_row_content_no_spaces\u00bb css=\u00bb.vc_custom_1576223257261{margin-top: 0px !important;margin-bottom: -35px !important;}\u00bb el_class=\u00bbmobile_wave\u00bb][vc_column][vc_single_image image=\u00bb492&#8243; img_size=\u00bbfull\u00bb alignment=\u00bbcenter\u00bb css=\u00bb.vc_custom_1576223230709{margin-bottom: 0px !important;}\u00bb][\/vc_column][\/vc_row][\/vc_section][vc_section el_class=\u00bbprice_section\u00bb][vc_row el_class=\u00bblist_items\u00bb][vc_column width=\u00bb1\/2&#8243; css=\u00bb.vc_custom_1579850256362{padding-top: 20px !important;}\u00bb el_class=\u00bblist_items\u00bb][vc_custom_heading text=\u00bbQu\u00e9 est\u00e1 incluido\u00bb font_container=\u00bbtag:h2|text_align:left|color:%23202020&#8243; use_theme_fonts=\u00bbyes\u00bb][vc_empty_space height=\u00bb5px\u00bb el_class=\u00bbmobile_space\u00bb][vc_column_text]<\/p>\n<ul>\n<li style=\"font-weight: 400;\"><span style=\"font-weight: 400;\">Programa general: recorrido privado por el Sea Aquarium Park, a lugares espec\u00edficos designados.<\/span><\/li>\n<li style=\"font-weight: 400;\"><span style=\"font-weight: 400;\">Paquete tem\u00e1tico: un d\u00eda de estudio en Cura\u00e7ao Sea Aquarium con una clase te\u00f3rica sobre el tema elegido, tareas y un recorrido pr\u00e1ctico a lugares espec\u00edficos del Cura\u00e7ao Sea Aquarium.<\/span><\/li>\n<li style=\"font-weight: 400;\"><span style=\"font-weight: 400;\">Un refrigerio en un \u00e1rea reservada del parque, con ofertas grupales y escolares de bajo costo que se pueden comprar en la cafeter\u00eda.<\/span><\/li>\n<\/ul>\n<p>[\/vc_column_text][vc_empty_space height=\u00bb15px\u00bb el_class=\u00bbmobile_space\u00bb][\/vc_column][vc_column width=\u00bb1\/2&#8243; el_class=\u00bblist_items\u00bb css=\u00bb.vc_custom_1579850248121{padding-top: 20px !important;}\u00bb][vc_custom_heading text=\u00bbLo que debes saber\u00bb font_container=\u00bbtag:h2|text_align:left|color:%23202020&#8243; use_theme_fonts=\u00bbyes\u00bb][vc_empty_space height=\u00bb5px\u00bb el_class=\u00bbmobile_space\u00bb][vc_column_text]<\/p>\n<ul>\n<li style=\"font-weight: 400;\"><span style=\"font-weight: 400;\">Nuestros programas son accesibles para todos los grados.<\/span><\/li>\n<li style=\"font-weight: 400;\"><span style=\"font-weight: 400;\">Varios programas tem\u00e1ticos educativos disponibles en todos los niveles, desde un nivel principiante hasta el nivel intermedio y avanzado.<\/span><\/li>\n<li style=\"font-weight: 400;\"><span style=\"font-weight: 400;\">Los paquetes est\u00e1n disponibles a partir de los 6 a\u00f1os: tercer grupo escolar o primer grado.<\/span><\/li>\n<\/ul>\n<p>[\/vc_column_text][vc_empty_space height=\u00bb15px\u00bb el_class=\u00bbmobile_space\u00bb][\/vc_column][\/vc_row][\/vc_section][vc_section full_width=\u00bbstretch_row\u00bb css=\u00bb.vc_custom_1579851969501{background-color: #f3f3f3 !important;}\u00bb][vc_row][vc_column][vc_empty_space height=\u00bb5px\u00bb el_class=\u00bbmobile_space\u00bb][vc_custom_heading text=\u00bb\u00bfDeseas m\u00e1s informaci\u00f3n? Por favor cont\u00e1ctanos.\u00bb font_container=\u00bbtag:h2|text_align:center|color:%23202020&#8243; use_theme_fonts=\u00bbyes\u00bb][vc_empty_space height=\u00bb5px\u00bb el_class=\u00bbmobile_space\u00bb][\/vc_column][\/vc_row][vc_row][vc_column width=\u00bb1\/6&#8243;][\/vc_column][vc_column width=\u00bb2\/3&#8243;]\n<div class=\"wpcf7 no-js\" id=\"wpcf7-f2652-o1\" lang=\"es-ES\" dir=\"ltr\" data-wpcf7-id=\"2652\">\n<div class=\"screen-reader-response\"><p role=\"status\" aria-live=\"polite\" aria-atomic=\"true\"><\/p> <ul><\/ul><\/div>\n<form action=\"\/es\/wp-json\/wp\/v2\/pages\/2273#wpcf7-f2652-o1\" method=\"post\" class=\"wpcf7-form init\" aria-label=\"Formulario de contacto\" novalidate=\"novalidate\" data-status=\"init\">\n<fieldset class=\"hidden-fields-container\"><input type=\"hidden\" name=\"_wpcf7\" value=\"2652\" \/><input type=\"hidden\" name=\"_wpcf7_version\" value=\"6.1.5\" \/><input type=\"hidden\" name=\"_wpcf7_locale\" value=\"es_ES\" \/><input type=\"hidden\" name=\"_wpcf7_unit_tag\" value=\"wpcf7-f2652-o1\" \/><input type=\"hidden\" name=\"_wpcf7_container_post\" value=\"0\" \/><input type=\"hidden\" name=\"_wpcf7_posted_data_hash\" value=\"\" \/><input type=\"hidden\" name=\"_wpcf7_recaptcha_response\" value=\"\" \/>\n<\/fieldset>\n<div class=\"contact-form\">\n\t<div class=\"vc_col-sm-6 input_field\">\n\t\t<p><span class=\"wpcf7-form-control-wrap\" data-name=\"fname\"><input size=\"40\" maxlength=\"400\" class=\"wpcf7-form-control wpcf7-text wpcf7-validates-as-required\" aria-required=\"true\" aria-invalid=\"false\" placeholder=\"Name\" value=\"\" type=\"text\" name=\"fname\" \/><\/span>\n\t\t<\/p>\n\t<\/div>\n\t<div class=\"vc_col-sm-6 input_field\">\n\t\t<p><span class=\"wpcf7-form-control-wrap\" data-name=\"organization\"><input size=\"40\" maxlength=\"400\" class=\"wpcf7-form-control wpcf7-text wpcf7-validates-as-required\" aria-required=\"true\" aria-invalid=\"false\" placeholder=\"Organization\" value=\"\" type=\"text\" name=\"organization\" \/><\/span>\n\t\t<\/p>\n\t<\/div>\n\t<div class=\"vc_col-sm-6 input_field\">\n\t\t<p><span class=\"wpcf7-form-control-wrap\" data-name=\"email\"><input size=\"40\" maxlength=\"400\" class=\"wpcf7-form-control wpcf7-email wpcf7-validates-as-required wpcf7-text wpcf7-validates-as-email\" aria-required=\"true\" aria-invalid=\"false\" placeholder=\"Email address\" value=\"\" type=\"email\" name=\"email\" \/><\/span>\n\t\t<\/p>\n\t<\/div>\n\t<div class=\"vc_col-sm-6 input_field\">\n\t\t<p><span class=\"wpcf7-form-control-wrap\" data-name=\"telephone\"><input size=\"40\" maxlength=\"400\" class=\"wpcf7-form-control wpcf7-tel wpcf7-text wpcf7-validates-as-tel\" aria-invalid=\"false\" placeholder=\"Telephone\" value=\"\" type=\"tel\" name=\"telephone\" \/><\/span>\n\t\t<\/p>\n\t<\/div>\n\t<div class=\"vc_col-sm-12 input_field\">\n\t\t<p><span class=\"wpcf7-form-control-wrap\" data-name=\"message\"><textarea cols=\"40\" rows=\"10\" maxlength=\"2000\" class=\"wpcf7-form-control wpcf7-textarea wpcf7-validates-as-required\" aria-required=\"true\" aria-invalid=\"false\" placeholder=\"Your message\" name=\"message\"><\/textarea><\/span>\n\t\t<\/p>\n\t<\/div>\n<\/div>\n<p><input class=\"wpcf7-form-control wpcf7-submit has-spinner\" type=\"submit\" value=\"Send Now\" \/>\n<\/p><p style=\"display: none !important;\" class=\"akismet-fields-container\" data-prefix=\"_wpcf7_ak_\"><label>&#916;<textarea name=\"_wpcf7_ak_hp_textarea\" cols=\"45\" rows=\"8\" maxlength=\"100\"><\/textarea><\/label><input type=\"hidden\" id=\"ak_js_1\" name=\"_wpcf7_ak_js\" value=\"61\"\/><script>document.getElementById( \"ak_js_1\" ).setAttribute( \"value\", ( new Date() ).getTime() );<\/script><\/p><div class=\"wpcf7-response-output\" aria-hidden=\"true\"><\/div>\n<\/form>\n<\/div>\n[\/vc_column][vc_column width=\u00bb1\/6&#8243;][\/vc_column][\/vc_row][\/vc_section]<\/p>\n<\/section>","protected":false},"excerpt":{"rendered":"<p>[vc_section el_class=\u00bbtop-experiences-section\u00bb][vc_row][vc_column][vc_empty_space height=\u00bb15px\u00bb][vc_custom_heading text=\u00bbProyectos escolares y sociales\u00bb font_container=\u00bbtag:h2|text_align:left|color:%23202020&#8243; use_theme_fonts=\u00bbyes\u00bb][vc_empty_space height=\u00bb0&#8243;][\/vc_column][\/vc_row][vc_row][vc_column width=\u00bb1\/2&#8243;][vc_column_text] \u00bfQuieres despertar el inter\u00e9s de tu clase por la vida marina de Curazao? \u00a1Entonces no<span class=\"excerpt-hellip\"> [\u2026]<\/span><\/p>\n","protected":false},"author":25,"featured_media":0,"parent":1569,"menu_order":0,"comment_status":"closed","ping_status":"closed","template":"","meta":{"footnotes":"","_wp_rev_ctl_limit":""},"class_list":["post-2273","page","type-page","status-publish","hentry"],"yoast_head":"<!-- This site is optimized with the Yoast SEO plugin v27.3 - https:\/\/yoast.com\/product\/yoast-seo-wordpress\/ -->\n<title>Proyectos Escolares y Sociales | Cura\u00e7ao Sea Aquarium<\/title>\n<meta name=\"description\" content=\"Ofrecemos educaci\u00f3n marina a escuelas y grupos para aumentar el inter\u00e9s entre los j\u00f3venes locales por el mundo submarino de Curazao.\" \/>\n<meta name=\"robots\" content=\"index, follow, max-snippet:-1, max-image-preview:large, max-video-preview:-1\" \/>\n<link rel=\"canonical\" href=\"https:\/\/curacao-sea-aquarium.com\/es\/educacion\/proyectos-escolares-y-sociales\/\" \/>\n<meta property=\"og:locale\" content=\"es_ES\" \/>\n<meta property=\"og:type\" content=\"article\" \/>\n<meta property=\"og:title\" content=\"Proyectos Escolares y Sociales | Cura\u00e7ao Sea Aquarium\" \/>\n<meta property=\"og:description\" content=\"Ofrecemos educaci\u00f3n marina a escuelas y grupos para aumentar el inter\u00e9s entre los j\u00f3venes locales por el mundo submarino de Curazao.\" \/>\n<meta property=\"og:url\" content=\"https:\/\/curacao-sea-aquarium.com\/es\/educacion\/proyectos-escolares-y-sociales\/\" \/>\n<meta property=\"og:site_name\" content=\"Curacao Sea Aquarium\" \/>\n<meta property=\"article:modified_time\" content=\"2020-09-23T22:13:30+00:00\" \/>\n<meta name=\"twitter:card\" content=\"summary_large_image\" \/>\n<meta name=\"twitter:label1\" content=\"Tiempo de lectura\" \/>\n\t<meta name=\"twitter:data1\" content=\"4 minutos\" \/>\n<script type=\"application\/ld+json\" class=\"yoast-schema-graph\">{\"@context\":\"https:\\\/\\\/schema.org\",\"@graph\":[{\"@type\":\"WebPage\",\"@id\":\"https:\\\/\\\/curacao-sea-aquarium.com\\\/es\\\/educacion\\\/proyectos-escolares-y-sociales\\\/\",\"url\":\"https:\\\/\\\/curacao-sea-aquarium.com\\\/es\\\/educacion\\\/proyectos-escolares-y-sociales\\\/\",\"name\":\"Proyectos Escolares y Sociales | Cura\u00e7ao Sea Aquarium\",\"isPartOf\":{\"@id\":\"https:\\\/\\\/curacao-sea-aquarium.com\\\/es\\\/#website\"},\"datePublished\":\"2019-12-19T06:06:13+00:00\",\"dateModified\":\"2020-09-23T22:13:30+00:00\",\"description\":\"Ofrecemos educaci\u00f3n marina a escuelas y grupos para aumentar el inter\u00e9s entre los j\u00f3venes locales por el mundo submarino de Curazao.\",\"breadcrumb\":{\"@id\":\"https:\\\/\\\/curacao-sea-aquarium.com\\\/es\\\/educacion\\\/proyectos-escolares-y-sociales\\\/#breadcrumb\"},\"inLanguage\":\"es\",\"potentialAction\":[{\"@type\":\"ReadAction\",\"target\":[\"https:\\\/\\\/curacao-sea-aquarium.com\\\/es\\\/educacion\\\/proyectos-escolares-y-sociales\\\/\"]}]},{\"@type\":\"BreadcrumbList\",\"@id\":\"https:\\\/\\\/curacao-sea-aquarium.com\\\/es\\\/educacion\\\/proyectos-escolares-y-sociales\\\/#breadcrumb\",\"itemListElement\":[{\"@type\":\"ListItem\",\"position\":1,\"name\":\"Home\",\"item\":\"https:\\\/\\\/curacao-sea-aquarium.com\\\/es\\\/\"},{\"@type\":\"ListItem\",\"position\":2,\"name\":\"Educaci\u00f3n\",\"item\":\"https:\\\/\\\/curacao-sea-aquarium.com\\\/es\\\/educacion\\\/\"},{\"@type\":\"ListItem\",\"position\":3,\"name\":\"Proyectos escolares y sociales\"}]},{\"@type\":\"WebSite\",\"@id\":\"https:\\\/\\\/curacao-sea-aquarium.com\\\/es\\\/#website\",\"url\":\"https:\\\/\\\/curacao-sea-aquarium.com\\\/es\\\/\",\"name\":\"Curacao Sea Aquarium\",\"description\":\"Curacao Sea Aquarium\",\"potentialAction\":[{\"@type\":\"SearchAction\",\"target\":{\"@type\":\"EntryPoint\",\"urlTemplate\":\"https:\\\/\\\/curacao-sea-aquarium.com\\\/es\\\/?s={search_term_string}\"},\"query-input\":{\"@type\":\"PropertyValueSpecification\",\"valueRequired\":true,\"valueName\":\"search_term_string\"}}],\"inLanguage\":\"es\"}]}<\/script>\n<!-- \/ Yoast SEO plugin. -->","yoast_head_json":{"title":"Proyectos Escolares y Sociales | Cura\u00e7ao Sea Aquarium","description":"Ofrecemos educaci\u00f3n marina a escuelas y grupos para aumentar el inter\u00e9s entre los j\u00f3venes locales por el mundo submarino de Curazao.","robots":{"index":"index","follow":"follow","max-snippet":"max-snippet:-1","max-image-preview":"max-image-preview:large","max-video-preview":"max-video-preview:-1"},"canonical":"https:\/\/curacao-sea-aquarium.com\/es\/educacion\/proyectos-escolares-y-sociales\/","og_locale":"es_ES","og_type":"article","og_title":"Proyectos Escolares y Sociales | Cura\u00e7ao Sea Aquarium","og_description":"Ofrecemos educaci\u00f3n marina a escuelas y grupos para aumentar el inter\u00e9s entre los j\u00f3venes locales por el mundo submarino de Curazao.","og_url":"https:\/\/curacao-sea-aquarium.com\/es\/educacion\/proyectos-escolares-y-sociales\/","og_site_name":"Curacao Sea Aquarium","article_modified_time":"2020-09-23T22:13:30+00:00","twitter_card":"summary_large_image","twitter_misc":{"Tiempo de lectura":"4 minutos"},"schema":{"@context":"https:\/\/schema.org","@graph":[{"@type":"WebPage","@id":"https:\/\/curacao-sea-aquarium.com\/es\/educacion\/proyectos-escolares-y-sociales\/","url":"https:\/\/curacao-sea-aquarium.com\/es\/educacion\/proyectos-escolares-y-sociales\/","name":"Proyectos Escolares y Sociales | Cura\u00e7ao Sea Aquarium","isPartOf":{"@id":"https:\/\/curacao-sea-aquarium.com\/es\/#website"},"datePublished":"2019-12-19T06:06:13+00:00","dateModified":"2020-09-23T22:13:30+00:00","description":"Ofrecemos educaci\u00f3n marina a escuelas y grupos para aumentar el inter\u00e9s entre los j\u00f3venes locales por el mundo submarino de Curazao.","breadcrumb":{"@id":"https:\/\/curacao-sea-aquarium.com\/es\/educacion\/proyectos-escolares-y-sociales\/#breadcrumb"},"inLanguage":"es","potentialAction":[{"@type":"ReadAction","target":["https:\/\/curacao-sea-aquarium.com\/es\/educacion\/proyectos-escolares-y-sociales\/"]}]},{"@type":"BreadcrumbList","@id":"https:\/\/curacao-sea-aquarium.com\/es\/educacion\/proyectos-escolares-y-sociales\/#breadcrumb","itemListElement":[{"@type":"ListItem","position":1,"name":"Home","item":"https:\/\/curacao-sea-aquarium.com\/es\/"},{"@type":"ListItem","position":2,"name":"Educaci\u00f3n","item":"https:\/\/curacao-sea-aquarium.com\/es\/educacion\/"},{"@type":"ListItem","position":3,"name":"Proyectos escolares y sociales"}]},{"@type":"WebSite","@id":"https:\/\/curacao-sea-aquarium.com\/es\/#website","url":"https:\/\/curacao-sea-aquarium.com\/es\/","name":"Curacao Sea Aquarium","description":"Curacao Sea Aquarium","potentialAction":[{"@type":"SearchAction","target":{"@type":"EntryPoint","urlTemplate":"https:\/\/curacao-sea-aquarium.com\/es\/?s={search_term_string}"},"query-input":{"@type":"PropertyValueSpecification","valueRequired":true,"valueName":"search_term_string"}}],"inLanguage":"es"}]}},"jetpack_sharing_enabled":true,"_links":{"self":[{"href":"https:\/\/curacao-sea-aquarium.com\/es\/wp-json\/wp\/v2\/pages\/2273","targetHints":{"allow":["GET"]}}],"collection":[{"href":"https:\/\/curacao-sea-aquarium.com\/es\/wp-json\/wp\/v2\/pages"}],"about":[{"href":"https:\/\/curacao-sea-aquarium.com\/es\/wp-json\/wp\/v2\/types\/page"}],"author":[{"embeddable":true,"href":"https:\/\/curacao-sea-aquarium.com\/es\/wp-json\/wp\/v2\/users\/25"}],"replies":[{"embeddable":true,"href":"https:\/\/curacao-sea-aquarium.com\/es\/wp-json\/wp\/v2\/comments?post=2273"}],"version-history":[{"count":7,"href":"https:\/\/curacao-sea-aquarium.com\/es\/wp-json\/wp\/v2\/pages\/2273\/revisions"}],"predecessor-version":[{"id":2804,"href":"https:\/\/curacao-sea-aquarium.com\/es\/wp-json\/wp\/v2\/pages\/2273\/revisions\/2804"}],"up":[{"embeddable":true,"href":"https:\/\/curacao-sea-aquarium.com\/es\/wp-json\/wp\/v2\/pages\/1569"}],"wp:attachment":[{"href":"https:\/\/curacao-sea-aquarium.com\/es\/wp-json\/wp\/v2\/media?parent=2273"}],"curies":[{"name":"wp","href":"https:\/\/api.w.org\/{rel}","templated":true}]}}