{"id":2260,"date":"2020-01-21T04:31:03","date_gmt":"2020-01-21T04:31:03","guid":{"rendered":"https:\/\/curacao-sea-aquarium.com\/marine-research\/"},"modified":"2025-03-14T05:49:00","modified_gmt":"2025-03-14T09:49:00","slug":"investigacion-marina","status":"publish","type":"page","link":"https:\/\/curacao-sea-aquarium.com\/es\/investigacion\/investigacion-marina\/","title":{"rendered":"Investigaci\u00f3n marina"},"content":{"rendered":"<section class=\"wpb-content-wrapper\"><p>[vc_section full_width=\u00bbstretch_row\u00bb css=\u00bb.vc_custom_1583899923069{margin-right: 0px !important;padding-right: 0px !important;}\u00bb][vc_row full_width=\u00bbstretch_row\u00bb css=\u00bb.vc_custom_1583899915794{margin-right: 0px !important;padding-right: 0px !important;}\u00bb][vc_column width=\u00bb5\/12&#8243;][vc_empty_space height=\u00bb10px\u00bb][vc_custom_heading text=\u00bbInvestigaci\u00f3n Marina\u00bb font_container=\u00bbtag:h2|text_align:left|color:%23202020&#8243; use_theme_fonts=\u00bbyes\u00bb][vc_column_text]<\/p>\n<div class=\"page_content\">Desde el principio, hemos estado actualizando y restaurando las instalaciones del Cura\u00e7ao Sea Aquarium y estamos comprometidos con el constante mejoramiento de las instalaciones y el ecosistema \u00fanico de arrecife submarino que rodea nuestras instalaciones.<\/div>\n<p>[\/vc_column_text][\/vc_column][vc_column width=\u00bb7\/12&#8243; css=\u00bb.vc_custom_1583899894193{margin-bottom: -35px !important;padding-bottom: 0px !important;}\u00bb][vc_single_image image=\u00bb2151&#8243; img_size=\u00bbfull\u00bb][\/vc_column][\/vc_row][vc_row full_width=\u00bbstretch_row_content_no_spaces\u00bb][vc_column][vc_single_image image=\u00bb2045&#8243; img_size=\u00bbfull\u00bb alignment=\u00bbcenter\u00bb el_class=\u00bbinner_wave\u00bb][\/vc_column][\/vc_row][\/vc_section][vc_section el_class=\u00bbtop-experiences-section\u00bb][vc_row css=\u00bb.vc_custom_1589037074399{padding-bottom: 20px !important;}\u00bb][vc_column width=\u00bb1\/2&#8243;][vc_empty_space height=\u00bb5px\u00bb el_class=\u00bbmobile_space\u00bb][vc_single_image image=\u00bb2156&#8243; img_size=\u00bbfull\u00bb alignment=\u00bbcenter\u00bb css=\u00bb.vc_custom_1584417438820{margin-bottom: 0px !important;}\u00bb][vc_empty_space height=\u00bb5px\u00bb el_class=\u00bbmobile_space\u00bb][\/vc_column][vc_column width=\u00bb1\/2&#8243;][vc_empty_space height=\u00bb5px\u00bb el_class=\u00bbmobile_space\u00bb][vc_custom_heading text=\u00bbProyecto de Restauraci\u00f3n del Canal\u00bb font_container=\u00bbtag:h2|text_align:left|color:%23202020&#8243; use_theme_fonts=\u00bbyes\u00bb][vc_column_text]<\/p>\n<div class=\"page_content\">\n<div class=\"page_content\">\n<p>El Proyecto de restauraci\u00f3n del canal, adyacente al Curacao Sea Aquarium, es una combinaci\u00f3n de proyectos de mediana escala que convergen mutuamente para contribuir a la sustentabilidad de especies marinas del arrecife de coral dentro de un \u00e1rea semi protegida.<\/p>\n<p>Los proyectos son los siguientes; red de estructuras de roca submarinas, corales duros restaurados, corales blandos rehabilitados y cultivo de manglares en la costa, entre otros.<\/p>\n<p>El canal se encuentra en constante desarrollo y monitore, creando las condiciones ideales para el reclutamiento de peces juveniles y larvas de corales. Proporcionando refugio y alimento abundante.<\/p>\n<p>Estos proyectos, en progreso, ya muestran resultados alentadores. Esto es claro a simple vista al observar nuevas y diversas especies que colonizan y crecen en esta \u00e1rea desde su comienzo.<\/p>\n<p>Nosotros creemos que estas iniciativas, a pesar de ser peque\u00f1as, educan de una manera positiva y contribuyen a balancear el impacto constante de la poblaci\u00f3n humana en los ecosistemas marinos.<\/p><\/div>\n<\/div>\n<p>[\/vc_column_text][vc_empty_space height=\u00bb5px\u00bb el_class=\u00bbmobile_space\u00bb][\/vc_column][\/vc_row][vc_row][vc_column width=\u00bb1\/2&#8243;][vc_empty_space height=\u00bb5px\u00bb el_class=\u00bbmobile_space\u00bb][vc_custom_heading text=\u00bbCultivo De Caracol Rosa\u00bb font_container=\u00bbtag:h2|text_align:left|color:%23202020&#8243; use_theme_fonts=\u00bbyes\u00bb][vc_column_text]<\/p>\n<div class=\"page_content\">\n<div class=\"page_content\">\n<p>Las poblaciones del famoso e ic\u00f3nico caracol rosa est\u00e1n decreciendo r\u00e1pidamente en todo el mar caribe.<\/p>\n<p>Estos gaster\u00f3podos marinos son colectados antes de poder reproducirse y de este modo su supervivencia en el futuro est\u00e1 comprometida.<\/p>\n<p>El Curacao Sea Aquarium est\u00e1 orgulloso de albergar al Proyecto del Cultivo de Caracol Rosa y proveer los recursos necesarios para criar, en condiciones controladas, miles de juveniles de esta especie.<\/p>\n<p>Desde ovas a j\u00f3venes caracoles, el equipo de profesionales del centro de cultivo trabaja arduamente en cada etapa del proceso de crecimiento para asegurar la producci\u00f3n del mayor n\u00famero posible.<\/p>\n<p>Este Proyecto apunta a repoblar diversas \u00e1reas de la isla ya explotadas y posiblemente otras zonas del caribe en condiciones similares.<\/p><\/div>\n<\/div>\n<p>[\/vc_column_text][vc_empty_space height=\u00bb5px\u00bb el_class=\u00bbmobile_space\u00bb][\/vc_column][vc_column width=\u00bb1\/2&#8243;][vc_empty_space height=\u00bb5px\u00bb el_class=\u00bbmobile_space\u00bb][vc_single_image image=\u00bb4873&#8243; img_size=\u00bbfull\u00bb alignment=\u00bbcenter\u00bb css=\u00bb.vc_custom_1741945735875{margin-bottom: 0px !important;}\u00bb][vc_empty_space height=\u00bb5px\u00bb el_class=\u00bbmobile_space\u00bb][\/vc_column][\/vc_row][vc_row css=\u00bb.vc_custom_1589037087203{padding-bottom: 20px !important;}\u00bb][vc_column width=\u00bb1\/2&#8243;][vc_empty_space height=\u00bb5px\u00bb el_class=\u00bbmobile_space\u00bb][vc_single_image image=\u00bb2148&#8243; img_size=\u00bbfull\u00bb alignment=\u00bbcenter\u00bb css=\u00bb.vc_custom_1583412864940{margin-bottom: 0px !important;}\u00bb][vc_empty_space height=\u00bb5px\u00bb el_class=\u00bbmobile_space\u00bb][\/vc_column][vc_column width=\u00bb1\/2&#8243;][vc_empty_space height=\u00bb5px\u00bb el_class=\u00bbmobile_space\u00bb][vc_custom_heading text=\u00bb\u00a1Cero desechos!\u00bb font_container=\u00bbtag:h2|text_align:left|color:%23202020&#8243; use_theme_fonts=\u00bbyes\u00bb][vc_column_text]<\/p>\n<div class=\"page_content\">En el 2012, Cura\u00e7ao Sea Aquarium cre\u00f3 un \u201cciclo de alimentaci\u00f3n sin desechos\u201d con un gran impacto positivo en la vida silvestre marina que rodea las instalaciones. Este esfuerzo por preservar la fauna marina de Curazao finalmente beneficiar\u00e1 la supervivencia a largo plazo de estas especies.<br \/>\nAl permitir que las agregaciones de peces como los pargos grises y los pargos de cola amarilla permanezcan cerca de la instalaci\u00f3n y, por lo tanto, est\u00e9n protegidos contra la sobrepesca, estamos asegurando una mayor producci\u00f3n de larvas durante cada ciclo reproductivo, manteniendo la repoblaci\u00f3n y asentamiento constantes de estos importantes peces j\u00f3venes en varios lugares alrededor de la isla en el futuro.<\/div>\n<p>[\/vc_column_text][vc_empty_space height=\u00bb5px\u00bb el_class=\u00bbmobile_space\u00bb][\/vc_column][\/vc_row][vc_row css=\u00bb.vc_custom_1589037096292{padding-bottom: 20px !important;}\u00bb][vc_column width=\u00bb1\/2&#8243;][vc_empty_space height=\u00bb5px\u00bb el_class=\u00bbmobile_space\u00bb][vc_custom_heading text=\u00bbVivero de corales blandos\u00bb font_container=\u00bbtag:h2|text_align:left|color:%23202020&#8243; use_theme_fonts=\u00bbyes\u00bb][vc_column_text]<\/p>\n<div class=\"page_content\">Hoy en d\u00eda, la desaparici\u00f3n de los arrecifes de corales alrededor del mundo es una realidad. Por este motivo, el Curacao Sea Aquarium est\u00e1 comprometido en desarrollar t\u00e9cnicas eficientes de fragmentaci\u00f3n de corales blandos (gorgonias, zoanthids y coralimorfos) para poder cultivar, bajo nuestro cuidado, organismos fuertes y sanos. Algunas de estas colonias de corales son utilizadas en exhibici\u00f3n para educar a nuestros visitantes. De este modo, al mostrar nuestros corales blandos cultivados, evitamos la colecci\u00f3n de corales duros. Estos \u00faltimos cumplen un rol muy importante en la construcci\u00f3n de arrecifes de corales en su ambiente natural.<\/div>\n<p>[\/vc_column_text][vc_empty_space height=\u00bb5px\u00bb el_class=\u00bbmobile_space\u00bb][\/vc_column][vc_column width=\u00bb1\/2&#8243;][vc_empty_space height=\u00bb5px\u00bb el_class=\u00bbmobile_space\u00bb][vc_single_image image=\u00bb3959&#8243; img_size=\u00bbfull\u00bb alignment=\u00bbcenter\u00bb css=\u00bb.vc_custom_1656085799197{margin-bottom: 0px !important;}\u00bb][vc_empty_space height=\u00bb5px\u00bb el_class=\u00bbmobile_space\u00bb][\/vc_column][\/vc_row][vc_row css=\u00bb.vc_custom_1589037105366{padding-bottom: 20px !important;}\u00bb][vc_column width=\u00bb1\/2&#8243;][vc_empty_space height=\u00bb5px\u00bb el_class=\u00bbmobile_space\u00bb][vc_single_image image=\u00bb2154&#8243; img_size=\u00bbfull\u00bb alignment=\u00bbcenter\u00bb css=\u00bb.vc_custom_1583727996777{margin-bottom: 0px !important;}\u00bb][vc_empty_space height=\u00bb5px\u00bb el_class=\u00bbmobile_space\u00bb][\/vc_column][vc_column width=\u00bb1\/2&#8243;][vc_empty_space height=\u00bb5px\u00bb el_class=\u00bbmobile_space\u00bb][vc_custom_heading text=\u00bbExhibici\u00f3n de peces de aguas profundas\u00bb font_container=\u00bbtag:h2|text_align:left|color:%23202020&#8243; use_theme_fonts=\u00bbyes\u00bb][vc_column_text]<\/p>\n<div class=\"page_content\">\n<p>El Curacao Sea Aquarium presenta a nuestros visitantes con recreaciones de diversos ecosistemas marinos.<\/p>\n<p>El arrecife abisal de nuestra isla, descendiendo mas de trecientos metros de profundidad, no es una excepci\u00f3n.<\/p>\n<p>La exhibici\u00f3n de peces de aguas profundas fue construida para mostrar y educar a nuestros visitantes acerca de las especies que viven en estos ecosistemas \u00fanicos, las cuales no est\u00e1n presentes en los arrecifes de poca profundidad.<\/p>\n<p>Trabajando en colaboraci\u00f3n con Substation Curacao es posible estudiar y aprender acerca de estos organismos.<\/p><\/div>\n<p>[\/vc_column_text][vc_empty_space height=\u00bb5px\u00bb el_class=\u00bbmobile_space\u00bb][\/vc_column][\/vc_row][\/vc_section]<\/p>\n<\/section>","protected":false},"excerpt":{"rendered":"<p>[vc_section full_width=\u00bbstretch_row\u00bb css=\u00bb.vc_custom_1583899923069{margin-right: 0px !important;padding-right: 0px !important;}\u00bb][vc_row full_width=\u00bbstretch_row\u00bb css=\u00bb.vc_custom_1583899915794{margin-right: 0px !important;padding-right: 0px !important;}\u00bb][vc_column width=\u00bb5\/12&#8243;][vc_empty_space height=\u00bb10px\u00bb][vc_custom_heading text=\u00bbInvestigaci\u00f3n Marina\u00bb font_container=\u00bbtag:h2|text_align:left|color:%23202020&#8243; use_theme_fonts=\u00bbyes\u00bb][vc_column_text] Desde el principio, hemos estado actualizando y<span class=\"excerpt-hellip\"> [\u2026]<\/span><\/p>\n","protected":false},"author":25,"featured_media":0,"parent":1644,"menu_order":0,"comment_status":"closed","ping_status":"closed","template":"","meta":{"footnotes":"","_wp_rev_ctl_limit":""},"class_list":["post-2260","page","type-page","status-publish","hentry"],"yoast_head":"<!-- This site is optimized with the Yoast SEO plugin v27.4 - https:\/\/yoast.com\/product\/yoast-seo-wordpress\/ -->\n<title>Investigaci\u00f3n marina | Cura\u00e7ao Sea Aquarium<\/title>\n<meta name=\"description\" content=\"Estamos comprometidos con el mejoramiento constante de las instalaciones y el ecosistema \u00fanico de arrecife submarino que rodea nuestras instalaciones.\" \/>\n<meta name=\"robots\" content=\"index, follow, max-snippet:-1, max-image-preview:large, max-video-preview:-1\" \/>\n<link rel=\"canonical\" href=\"https:\/\/curacao-sea-aquarium.com\/es\/investigacion\/investigacion-marina\/\" \/>\n<meta property=\"og:locale\" content=\"es_ES\" \/>\n<meta property=\"og:type\" content=\"article\" \/>\n<meta property=\"og:title\" content=\"Investigaci\u00f3n marina | Cura\u00e7ao Sea Aquarium\" \/>\n<meta property=\"og:description\" content=\"Estamos comprometidos con el mejoramiento constante de las instalaciones y el ecosistema \u00fanico de arrecife submarino que rodea nuestras instalaciones.\" \/>\n<meta property=\"og:url\" content=\"https:\/\/curacao-sea-aquarium.com\/es\/investigacion\/investigacion-marina\/\" \/>\n<meta property=\"og:site_name\" content=\"Curacao Sea Aquarium\" \/>\n<meta property=\"article:modified_time\" content=\"2025-03-14T09:49:00+00:00\" \/>\n<meta name=\"twitter:card\" content=\"summary_large_image\" \/>\n<meta name=\"twitter:label1\" content=\"Tiempo de lectura\" \/>\n\t<meta name=\"twitter:data1\" content=\"4 minutos\" \/>\n<script type=\"application\/ld+json\" class=\"yoast-schema-graph\">{\"@context\":\"https:\\\/\\\/schema.org\",\"@graph\":[{\"@type\":\"WebPage\",\"@id\":\"https:\\\/\\\/curacao-sea-aquarium.com\\\/es\\\/investigacion\\\/investigacion-marina\\\/\",\"url\":\"https:\\\/\\\/curacao-sea-aquarium.com\\\/es\\\/investigacion\\\/investigacion-marina\\\/\",\"name\":\"Investigaci\u00f3n marina | Cura\u00e7ao Sea Aquarium\",\"isPartOf\":{\"@id\":\"https:\\\/\\\/curacao-sea-aquarium.com\\\/es\\\/#website\"},\"datePublished\":\"2020-01-21T04:31:03+00:00\",\"dateModified\":\"2025-03-14T09:49:00+00:00\",\"description\":\"Estamos comprometidos con el mejoramiento constante de las instalaciones y el ecosistema \u00fanico de arrecife submarino que rodea nuestras instalaciones.\",\"breadcrumb\":{\"@id\":\"https:\\\/\\\/curacao-sea-aquarium.com\\\/es\\\/investigacion\\\/investigacion-marina\\\/#breadcrumb\"},\"inLanguage\":\"es\",\"potentialAction\":[{\"@type\":\"ReadAction\",\"target\":[\"https:\\\/\\\/curacao-sea-aquarium.com\\\/es\\\/investigacion\\\/investigacion-marina\\\/\"]}]},{\"@type\":\"BreadcrumbList\",\"@id\":\"https:\\\/\\\/curacao-sea-aquarium.com\\\/es\\\/investigacion\\\/investigacion-marina\\\/#breadcrumb\",\"itemListElement\":[{\"@type\":\"ListItem\",\"position\":1,\"name\":\"Home\",\"item\":\"https:\\\/\\\/curacao-sea-aquarium.com\\\/es\\\/\"},{\"@type\":\"ListItem\",\"position\":2,\"name\":\"Investigaci\u00f3n\",\"item\":\"https:\\\/\\\/curacao-sea-aquarium.com\\\/es\\\/investigacion\\\/\"},{\"@type\":\"ListItem\",\"position\":3,\"name\":\"Investigaci\u00f3n marina\"}]},{\"@type\":\"WebSite\",\"@id\":\"https:\\\/\\\/curacao-sea-aquarium.com\\\/es\\\/#website\",\"url\":\"https:\\\/\\\/curacao-sea-aquarium.com\\\/es\\\/\",\"name\":\"Curacao Sea Aquarium\",\"description\":\"Curacao Sea Aquarium\",\"potentialAction\":[{\"@type\":\"SearchAction\",\"target\":{\"@type\":\"EntryPoint\",\"urlTemplate\":\"https:\\\/\\\/curacao-sea-aquarium.com\\\/es\\\/?s={search_term_string}\"},\"query-input\":{\"@type\":\"PropertyValueSpecification\",\"valueRequired\":true,\"valueName\":\"search_term_string\"}}],\"inLanguage\":\"es\"}]}<\/script>\n<!-- \/ Yoast SEO plugin. -->","yoast_head_json":{"title":"Investigaci\u00f3n marina | Cura\u00e7ao Sea Aquarium","description":"Estamos comprometidos con el mejoramiento constante de las instalaciones y el ecosistema \u00fanico de arrecife submarino que rodea nuestras instalaciones.","robots":{"index":"index","follow":"follow","max-snippet":"max-snippet:-1","max-image-preview":"max-image-preview:large","max-video-preview":"max-video-preview:-1"},"canonical":"https:\/\/curacao-sea-aquarium.com\/es\/investigacion\/investigacion-marina\/","og_locale":"es_ES","og_type":"article","og_title":"Investigaci\u00f3n marina | Cura\u00e7ao Sea Aquarium","og_description":"Estamos comprometidos con el mejoramiento constante de las instalaciones y el ecosistema \u00fanico de arrecife submarino que rodea nuestras instalaciones.","og_url":"https:\/\/curacao-sea-aquarium.com\/es\/investigacion\/investigacion-marina\/","og_site_name":"Curacao Sea Aquarium","article_modified_time":"2025-03-14T09:49:00+00:00","twitter_card":"summary_large_image","twitter_misc":{"Tiempo de lectura":"4 minutos"},"schema":{"@context":"https:\/\/schema.org","@graph":[{"@type":"WebPage","@id":"https:\/\/curacao-sea-aquarium.com\/es\/investigacion\/investigacion-marina\/","url":"https:\/\/curacao-sea-aquarium.com\/es\/investigacion\/investigacion-marina\/","name":"Investigaci\u00f3n marina | Cura\u00e7ao Sea Aquarium","isPartOf":{"@id":"https:\/\/curacao-sea-aquarium.com\/es\/#website"},"datePublished":"2020-01-21T04:31:03+00:00","dateModified":"2025-03-14T09:49:00+00:00","description":"Estamos comprometidos con el mejoramiento constante de las instalaciones y el ecosistema \u00fanico de arrecife submarino que rodea nuestras instalaciones.","breadcrumb":{"@id":"https:\/\/curacao-sea-aquarium.com\/es\/investigacion\/investigacion-marina\/#breadcrumb"},"inLanguage":"es","potentialAction":[{"@type":"ReadAction","target":["https:\/\/curacao-sea-aquarium.com\/es\/investigacion\/investigacion-marina\/"]}]},{"@type":"BreadcrumbList","@id":"https:\/\/curacao-sea-aquarium.com\/es\/investigacion\/investigacion-marina\/#breadcrumb","itemListElement":[{"@type":"ListItem","position":1,"name":"Home","item":"https:\/\/curacao-sea-aquarium.com\/es\/"},{"@type":"ListItem","position":2,"name":"Investigaci\u00f3n","item":"https:\/\/curacao-sea-aquarium.com\/es\/investigacion\/"},{"@type":"ListItem","position":3,"name":"Investigaci\u00f3n marina"}]},{"@type":"WebSite","@id":"https:\/\/curacao-sea-aquarium.com\/es\/#website","url":"https:\/\/curacao-sea-aquarium.com\/es\/","name":"Curacao Sea Aquarium","description":"Curacao Sea Aquarium","potentialAction":[{"@type":"SearchAction","target":{"@type":"EntryPoint","urlTemplate":"https:\/\/curacao-sea-aquarium.com\/es\/?s={search_term_string}"},"query-input":{"@type":"PropertyValueSpecification","valueRequired":true,"valueName":"search_term_string"}}],"inLanguage":"es"}]}},"jetpack_sharing_enabled":true,"_links":{"self":[{"href":"https:\/\/curacao-sea-aquarium.com\/es\/wp-json\/wp\/v2\/pages\/2260","targetHints":{"allow":["GET"]}}],"collection":[{"href":"https:\/\/curacao-sea-aquarium.com\/es\/wp-json\/wp\/v2\/pages"}],"about":[{"href":"https:\/\/curacao-sea-aquarium.com\/es\/wp-json\/wp\/v2\/types\/page"}],"author":[{"embeddable":true,"href":"https:\/\/curacao-sea-aquarium.com\/es\/wp-json\/wp\/v2\/users\/25"}],"replies":[{"embeddable":true,"href":"https:\/\/curacao-sea-aquarium.com\/es\/wp-json\/wp\/v2\/comments?post=2260"}],"version-history":[{"count":10,"href":"https:\/\/curacao-sea-aquarium.com\/es\/wp-json\/wp\/v2\/pages\/2260\/revisions"}],"predecessor-version":[{"id":4876,"href":"https:\/\/curacao-sea-aquarium.com\/es\/wp-json\/wp\/v2\/pages\/2260\/revisions\/4876"}],"up":[{"embeddable":true,"href":"https:\/\/curacao-sea-aquarium.com\/es\/wp-json\/wp\/v2\/pages\/1644"}],"wp:attachment":[{"href":"https:\/\/curacao-sea-aquarium.com\/es\/wp-json\/wp\/v2\/media?parent=2260"}],"curies":[{"name":"wp","href":"https:\/\/api.w.org\/{rel}","templated":true}]}}