{"id":1611,"date":"2019-08-26T08:56:12","date_gmt":"2019-08-26T08:56:12","guid":{"rendered":"https:\/\/curacao-sea-aquarium.com\/home-2\/"},"modified":"2026-01-24T15:57:57","modified_gmt":"2026-01-24T19:57:57","slug":"home-2","status":"publish","type":"page","link":"https:\/\/curacao-sea-aquarium.com\/es\/","title":{"rendered":"Inicio"},"content":{"rendered":"<section class=\"wpb-content-wrapper\"><p>[vc_section full_width=\u00bbstretch_row_content\u00bb el_class=\u00bbtop-experiences-section contain_width\u00bb css=\u00bb.vc_custom_1578650636667{padding-top: 50px !important;}\u00bb][vc_row][vc_column width=\u00bb5\/12&#8243; el_class=\u00bbslider-section-text-left\u00bb][vc_custom_heading text=\u00bbNuestras Experiencias\u00bb font_container=\u00bbtag:h2|text_align:left|color:%23202020&#8243; use_theme_fonts=\u00bbyes\u00bb][vc_column_text]<\/p>\n<div class=\"text_content\">Desde exploraciones en las maravillas en las profundidades del mar hasta encuentros interactivos con una variedad de animales marinos desde cerca, Cura\u00e7ao Sea Aquarium te ofrece el paquete completo. D\u00e9jate sorprender con los colores de la vida marina de Curazao sin tener que mojarte, en nuestra experiencia Ocean Lens, experimenta la emoci\u00f3n de alimentar a los tiburones en nuestro Animal Encounter, o conoce, saluda y alimenta el mundo submarino del Caribe en el Cura\u00e7ao Sea Aquarium.<\/div>\n<p>[\/vc_column_text][vc_btn title=\u00bbVER TODAS LAS EXPERIENCIAS\u00bb el_class=\u00bbonly_desktop\u00bb link=\u00bburl:https%3A%2F%2Fseaaquariumpark.mystagingwebsite.com%2Fes%2Fexperiencias%2F|title:Experiences||\u00bb][vc_empty_space el_class=\u00bbmobile_space\u00bb][\/vc_column][vc_column width=\u00bb7\/12&#8243; css=\u00bb.vc_custom_1578631875573{margin-right: 0px !important;margin-left: 0px !important;padding-right: 0px !important;padding-left: 0px !important;}\u00bb][vc_raw_html css=\u00bb.vc_custom_1588145520352{margin-right: 0px !important;margin-left: 0px !important;padding-right: 0px !important;padding-left: 0px !important;}\u00bb]JTVCc2xpZGUtYW55dGhpbmclMjBpZCUzRCUyNzE2NjYlMjclNUQ=[\/vc_raw_html][\/vc_column][\/vc_row][vc_row][vc_column el_class=\u00bbonly_mobile\u00bb][vc_btn title=\u00bbVER TODAS LAS EXPERIENCIAS\u00bb align=\u00bbcenter\u00bb button_block=\u00bbtrue\u00bb el_class=\u00bbfull-width-btn-for-mobile\u00bb link=\u00bburl:https%3A%2F%2Fseaaquariumpark.mystagingwebsite.com%2Fes%2Fexperiencias%2F|title:Experiencias||\u00bb][\/vc_column][\/vc_row][vc_row el_class=\u00bbseacol\u00bb][vc_column width=\u00bb1\/4&#8243;]<div class=\"icon_box icon_position_top no_border\"><a class=\"\" href=\"https:\/\/book.peek.com\/s\/8c37114c-9c60-4163-9690-d637ba5bf3f8\/wX8zg?gaClientId=1586119988.1714160333&#038;gaSessionId=1722270071&#038;gaClientId=1586119988.1714160333&#038;gaSessionId=1723041356&#038;_gl=1*1wtarit*_gcl_aw*R0NMLjE3MTYyMjM1ODEuQ2owS0NRanc2YXV5QmhEekFSSXNBTElvNnY5c28tZFZyc1c0T2NXVjdKTkxBSEFEemd2cVNNV0hZd2VybXJ1U21yeElMcGFzbkJTWERKNGFBaE01RUFMd193Y0I.*_gcl_au*MjExMTAzNjQwMy4xNzIyMjcwMDcx*_ga*MTU4NjExOTk4OC4xNzE0MTYwMzMz*_ga_8NLGW2XPZL*MTcyMzA0MTM1Ni4xNS4xLjE3MjMwNDE4OTUuNTYuMC4w\"  ><div class=\"image_wrapper\"><img loading=\"lazy\" decoding=\"async\" class=\"scale-with-grid\" src=\"https:\/\/curacao-sea-aquarium.com\/wp-content\/uploads\/2024\/08\/Ingreso-1.png\" alt=\"Ingreso-1\" width=\"394\" height=\"236\"\/><\/div><div class=\"desc_wrapper\"><\/div><\/a><\/div>\n[\/vc_column][vc_column width=\u00bb1\/4&#8243;]<div class=\"icon_box icon_position_top no_border\"><a class=\"\" href=\"https:\/\/curacao-sea-aquarium.com\/es\/experiencias\/animal-encounters\/\"  ><div class=\"image_wrapper\"><img loading=\"lazy\" decoding=\"async\" class=\"scale-with-grid\" src=\"https:\/\/curacao-sea-aquarium.com\/wp-content\/uploads\/2024\/08\/Buceo-1.png\" alt=\"Buceo-1\" width=\"394\" height=\"236\"\/><\/div><div class=\"desc_wrapper\"><\/div><\/a><\/div>\n[\/vc_column][vc_column width=\u00bb1\/4&#8243;]<div class=\"icon_box icon_position_top no_border\"><a class=\"\" href=\"https:\/\/curacao-sea-aquarium.com\/es\/experiencias\/ocean-lens\/\"  ><div class=\"image_wrapper\"><img loading=\"lazy\" decoding=\"async\" class=\"scale-with-grid\" src=\"https:\/\/curacao-sea-aquarium.com\/wp-content\/uploads\/2024\/08\/Observa-1.png\" alt=\"Observa-1\" width=\"394\" height=\"236\"\/><\/div><div class=\"desc_wrapper\"><\/div><\/a><\/div>\n[\/vc_column][vc_column width=\u00bb1\/4&#8243;]<div class=\"icon_box icon_position_top no_border\"><a class=\"\" href=\"https:\/\/dolphin-academy.com\/es\/\" target=\"_blank\" ><div class=\"image_wrapper\"><img loading=\"lazy\" decoding=\"async\" class=\"scale-with-grid\" src=\"https:\/\/curacao-sea-aquarium.com\/wp-content\/uploads\/2024\/08\/Delfines-1.png\" alt=\"Delfines-1\" width=\"394\" height=\"236\"\/><\/div><div class=\"desc_wrapper\"><\/div><\/a><\/div>\n[\/vc_column][\/vc_row][vc_row][\/vc_row][vc_column][\/vc_column][vc_column_text][\/vc_column_text][\/vc_section][vc_section full_width=\u00bbstretch_row\u00bb css=\u00bb.vc_custom_1588939661828{background-image: url(https:\/\/curacao-sea-aquarium.com\/wp-content\/uploads\/2020\/01\/water-bg-2.jpg?id=700) !important;background-position: center !important;background-repeat: no-repeat !important;background-size: cover !important;}\u00bb el_class=\u00bbsection blue_bg\u00bb][vc_row][vc_column width=\u00bb5\/12&#8243; el_class=\u00bbleft_column\u00bb][vc_custom_heading text=\u00bbProtegemos lo que amamos\u00bb font_container=\u00bbtag:h2|text_align:left|color:%23ffffff|line_height:60px\u00bb use_theme_fonts=\u00bbyes\u00bb][vc_column_text]<\/p>\n<div style=\"color: #fff; font-size: 16px; line-height: 26px;\">En el Cura\u00e7ao Sea Aquarium nos enfocamos en el bienestar del ecosistema marino de Curazao. Es por eso que somos principalmente un centro de aprendizaje en el que compartimos nuestros conocimientos sobre la vida acu\u00e1tica de una manera divertida para toda la familia. Todo esto mientras interact\u00faas con una gran cantidad de miembros de la vida marina de Curazao en un entorno natural. \u00a1Ven a disfrutar esta experiencia hoy!<\/div>\n<p>[\/vc_column_text][vc_btn title=\u00bbLEE MAS\u00bb el_class=\u00bbfull-width-btn-for-mobile\u00bb link=\u00bburl:https%3A%2F%2Fcuracao-sea-aquarium.com%2Fes%2Fsobre%2Fsistema-de-aguas-abiertas%2F|title:Open%20Water%20System\u00bb][\/vc_column][vc_column width=\u00bb7\/12&#8243;][vc_row_inner css=\u00bb.vc_custom_1575021523986{padding-top: 50px !important;}\u00bb][vc_column_inner width=\u00bb1\/2&#8243; offset=\u00bbvc_col-xs-5&#8243;]<div class=\"icon_box icon_position_top no_border\"><div class=\"image_wrapper\"><img loading=\"lazy\" decoding=\"async\" class=\"scale-with-grid\" src=\"https:\/\/curacao-sea-aquarium.com\/wp-content\/uploads\/2019\/11\/smile-beam.png\" alt=\"smile-beam\" width=\"92\" height=\"91\"\/><\/div><div class=\"desc_wrapper\"><h4 class=\"title\">Animales Felices<\/h4><\/div><\/div>\n[\/vc_column_inner][vc_column_inner width=\u00bb1\/2&#8243; offset=\u00bbvc_col-xs-7&#8243;]<div class=\"icon_box icon_position_top no_border\"><div class=\"image_wrapper\"><img loading=\"lazy\" decoding=\"async\" class=\"scale-with-grid\" src=\"https:\/\/curacao-sea-aquarium.com\/wp-content\/uploads\/2019\/11\/Shape.png\" alt=\"Shape\" width=\"109\" height=\"98\"\/><\/div><div class=\"desc_wrapper\"><h4 class=\"title\">Conciencia Ambiental<\/h4><\/div><\/div>\n[\/vc_column_inner][\/vc_row_inner][vc_row_inner][vc_column_inner width=\u00bb1\/2&#8243; offset=\u00bbvc_col-xs-5&#8243;]<div class=\"icon_box icon_position_top no_border\"><div class=\"image_wrapper\"><img loading=\"lazy\" decoding=\"async\" class=\"scale-with-grid\" src=\"https:\/\/curacao-sea-aquarium.com\/wp-content\/uploads\/2019\/11\/water.png\" alt=\"water\" width=\"96\" height=\"64\"\/><\/div><div class=\"desc_wrapper\"><h4 class=\"title\">Aguas Abiertas<\/h4><\/div><\/div>\n[\/vc_column_inner][vc_column_inner width=\u00bb1\/2&#8243; offset=\u00bbvc_col-xs-7&#8243;]<div class=\"icon_box icon_position_top no_border\"><div class=\"image_wrapper\"><img loading=\"lazy\" decoding=\"async\" class=\"scale-with-grid\" src=\"https:\/\/curacao-sea-aquarium.com\/wp-content\/uploads\/2019\/11\/fish.png\" alt=\"fish\" width=\"116\" height=\"64\"\/><\/div><div class=\"desc_wrapper\"><h4 class=\"title\">H\u00e1bitat Natural<\/h4><\/div><\/div>\n[\/vc_column_inner][\/vc_row_inner][\/vc_column][\/vc_row][vc_row full_width=\u00bbstretch_row_content_no_spaces\u00bb css=\u00bb.vc_custom_1576147508401{margin-top: 0px !important;margin-bottom: -35px !important;}\u00bb][vc_column][vc_single_image image=\u00bb1989&#8243; img_size=\u00bbfull\u00bb alignment=\u00bbcenter\u00bb css=\u00bb.vc_custom_1576148174528{margin-bottom: 0px !important;}\u00bb el_class=\u00bbdesktop_wave\u00bb][vc_single_image image=\u00bb492&#8243; img_size=\u00bbfull\u00bb alignment=\u00bbcenter\u00bb el_class=\u00bbmobile_wave\u00bb css=\u00bb.vc_custom_1576210169303{margin-bottom: 0px !important;}\u00bb][\/vc_column][\/vc_row][\/vc_section][vc_row css=\u00bb.vc_custom_1588936733963{margin-top: -180px !important;}\u00bb el_class=\u00bbround_circles_section\u00bb][vc_column width=\u00bb1\/12&#8243;][\/vc_column][vc_column width=\u00bb5\/6&#8243;][vc_row_inner][vc_column_inner width=\u00bb1\/3&#8243; css=\u00bb.vc_custom_1575029196489{margin-top: 10px !important;}\u00bb][vc_single_image image=\u00bb4337&#8243; img_size=\u00bb357&#215;357&#8243; alignment=\u00bbright\u00bb style=\u00bbvc_box_shadow_circle_2&#8243; el_class=\u00bbMobile_circle_image\u00bb][\/vc_column_inner][vc_column_inner el_class=\u00bbhide_on_mobile border_circle\u00bb width=\u00bb1\/4&#8243; css=\u00bb.vc_custom_1583476026597{margin-top: 100px !important;margin-left: 15px !important;}\u00bb][vc_single_image image=\u00bb4321&#8243; img_size=\u00bb200&#215;200&#8243; alignment=\u00bbright\u00bb style=\u00bbvc_box_shadow_circle_2&#8243; el_class=\u00bbhm_img2&#8243;][\/vc_column_inner][vc_column_inner el_class=\u00bbhide_on_mobile border_circle\u00bb width=\u00bb1\/4&#8243; css=\u00bb.vc_custom_1583476044482{margin-top: 115px !important;margin-left: -12px !important;}\u00bb][vc_single_image image=\u00bb4324&#8243; img_size=\u00bb150&#215;150&#8243; alignment=\u00bbright\u00bb style=\u00bbvc_box_shadow_circle_2&#8243; el_class=\u00bbhm_img3&#8243;][\/vc_column_inner][vc_column_inner el_class=\u00bbhide_on_mobile border_circle\u00bb width=\u00bb1\/6&#8243; css=\u00bb.vc_custom_1583476050634{margin-top: 100px !important;}\u00bb][vc_single_image image=\u00bb4318&#8243; img_size=\u00bb110&#215;110&#8243; style=\u00bbvc_box_shadow_circle_2&#8243; el_class=\u00bbhm_img4&#8243;][\/vc_column_inner][\/vc_row_inner][\/vc_column][vc_column width=\u00bb1\/12&#8243;][\/vc_column][\/vc_row][vc_section][vc_row][vc_column offset=\u00bbvc_col-xs-9&#8243; css=\u00bb.vc_custom_1620802636784{padding-top: 0px !important;}\u00bb][vc_custom_heading text=\u00bbLo que dicen nuestros visitantes\u00bb font_container=\u00bbtag:h2|text_align:center|color:%230a0a0a\u00bb use_theme_fonts=\u00bbyes\u00bb][\/vc_column][\/vc_row][vc_row][vc_column css=\u00bb.vc_custom_1575875001682{padding-right: 0px !important;padding-left: 0px !important;}\u00bb][vc_column_text]<div data-src=\"https:\/\/cdn.trustindex.io\/loader.js?89245456345007197f36cf46a1e\"><\/div>[\/vc_column_text][\/vc_column][\/vc_row][\/vc_section][vc_section full_width=\u00bbstretch_row_content\u00bb el_class=\u00bbhotspot_section\u00bb css=\u00bb.vc_custom_1601018480541{background-position: center !important;background-repeat: no-repeat !important;background-size: cover !important;}\u00bb][vc_row full_width=\u00bbstretch_row_content_no_spaces\u00bb][vc_column]<div style=\"width:;\" class=\"cqtooltip-wrapper map_bg\" data-opacity=\"1\" data-tooltipanimation=\"grow\" data-tooltipstyle=\"shadow\" data-trigger=\"\" data-maxwidth=\"450\" data-marginoffset=\"\" data-isdisplayall=\"off\" data-displayednum=\"1\"><img decoding=\"async\" src=\"https:\/\/curacao-sea-aquarium.com\/wp-content\/uploads\/2019\/12\/location-e1577184723751.jpg\" alt=\"location\" \/><div class=\"cq-hotspots\"><div class=\"hotspot-item pulse-white \" style=\"top:52%;left:21%;\" data-top=\"52%\" data-left=\"21%\"><a href=\"#\" class=\"cq-tooltip\" style=\"background:#f58121;\" data-tooltip=\"\n&lt;div class=&quot;vc_col-sm-4&quot;&gt;&lt;img src=&quot;\/wp-content\/uploads\/2020\/01\/Substation_Logo-min.png&quot; \/&gt;&lt;\/div&gt;\n&lt;div class=&quot;vc_col-sm-8 msg&quot;&gt;Alguna vez te has preguntado qu\u00e9 hay ah\u00ed abajo? En el Substation (el subestaci\u00f3n) cualquiera puede ahora explorar los profundos arrecifes hasta una profundidad de 305 metros. Ve m\u00e1s all\u00e1 de los l\u00edmites del buceo recreativo y echa un vistazo al abismo.&lt;br \/&gt;\n&lt;a href=&quot;https:\/\/www.substation-curacao.com&quot; target=&quot;_blank&quot; rel=&quot;noopener noreferrer&quot;&gt;www.substation-curacao.com&lt;\/a&gt;&lt;\/div&gt;\n&lt;p&gt;&lt;\/p&gt;\n&lt;p&gt;\" data-arrowposition=\"\"><span style=\"background:#ffffff;\"><\/span><\/a><\/div><div class=\"hotspot-item pulse-white \" style=\"top:56%;left:15%;\" data-top=\"56%\" data-left=\"15%\"><a href=\"#\" class=\"cq-tooltip\" style=\"background:#f58121;\" data-tooltip=\"\n&lt;div class=&quot;vc_col-sm-4&quot;&gt;&lt;img src=&quot;\/wp-content\/uploads\/2020\/01\/OceanLens_Logo-min.png&quot; \/&gt;&lt;\/div&gt;\n&lt;div class=&quot;vc_col-sm-8 msg&quot;&gt;Echa un vistazo a las profundidades! Baja las escaleras y entra en una c\u00e1mara de 17 pies de profundidad con una gran ventana, conocida como The Lens (La Lente). Rod\u00e9ate de una abundancia de colores, peces y \u00e1rboles de conservaci\u00f3n de corales.&lt;br \/&gt;\n&lt;a href=&quot;\/es\/experiencias\/ocean-lens\/&quot; target=&quot;_blank&quot; rel=&quot;noopener noreferrer&quot;&gt;Learn more&amp;#8230;&lt;\/a&gt;&lt;\/div&gt;\n&lt;p&gt;&lt;\/p&gt;\n&lt;p&gt;\" data-arrowposition=\"top\"><span style=\"background:#ffffff;\"><\/span><\/a><\/div><div class=\"hotspot-item pulse-white \" style=\"top:40%;left:70%;\" data-top=\"40%\" data-left=\"70%\"><a href=\"#\" class=\"cq-tooltip\" style=\"background:#f58121;\" data-tooltip=\"\n&lt;div class=&quot;vc_col-sm-4&quot;&gt;&lt;img src=&quot;\/wp-content\/uploads\/2020\/01\/AnimalEncouters_logo-min.png&quot; \/&gt;&lt;\/div&gt;\n&lt;div class=&quot;vc_col-sm-8 msg&quot;&gt;Visita el mejor sitio de snorkel de Curazao en el Sea Aquarium Park. Haz snorkel en una laguna natural y alimenta a mano a las rayas, los tarpones, los jureles y los tiburones que te rodean.&lt;br \/&gt;\n&lt;a href=&quot;\/es\/experiencias\/animal-encounters\/&quot; target=&quot;_blank&quot; rel=&quot;noopener noreferrer&quot;&gt;Learn more&amp;#8230;&lt;\/a&gt;&lt;\/div&gt;\n&lt;p&gt;&lt;\/p&gt;\n&lt;p&gt;\" data-arrowposition=\"top\"><span style=\"background:#ffffff;\"><\/span><\/a><\/div><div class=\"hotspot-item pulse-white \" style=\"top:43%;left:60%;\" data-top=\"43%\" data-left=\"60%\"><a href=\"#\" class=\"cq-tooltip\" style=\"background:#f58121;\" data-tooltip=\"\n&lt;div class=&quot;vc_col-sm-4&quot;&gt;&lt;img src=&quot;\/wp-content\/uploads\/2020\/01\/CuracaoSeaAquarium_logo-min.png&quot; \/&gt;&lt;\/div&gt;\n&lt;div class=&quot;vc_col-sm-8 msg&quot;&gt;El Cura\u00e7ao Sea Aquarium es uno de los acuarios m\u00e1s singulares del mundo por su sistema de aguas abiertas, lo que significa que el agua de mar se bombea continuamente a los acuarios. Una gran experiencia para toda la familia.&lt;br \/&gt;\n&lt;a href=&quot;\/es\/experiencias\/curacao-sea-aquarium\/&quot; target=&quot;_blank&quot; rel=&quot;noopener noreferrer&quot;&gt;Learn more&amp;#8230;&lt;\/a&gt;&lt;\/div&gt;\n&lt;p&gt;&lt;\/p&gt;\n&lt;p&gt;\" data-arrowposition=\"top\"><span style=\"background:#ffffff;\"><\/span><\/a><\/div><div class=\"hotspot-item pulse-white \" style=\"top:60%;left:70%;\" data-top=\"60%\" data-left=\"70%\"><a href=\"#\" class=\"cq-tooltip\" style=\"background:#f58121;\" data-tooltip=\"\n&lt;div class=&quot;vc_col-sm-4&quot;&gt;&lt;img src=&quot;\/wp-content\/uploads\/2020\/01\/DolphinAcademy_logo-min.png&quot; \/&gt;&lt;\/div&gt;\n&lt;div class=&quot;vc_col-sm-8 msg&quot;&gt;Sum\u00e9rgete en el mundo de los delfines y observe su comportamiento en una de sus lagunas naturales. Elija una de las muchas experiencias con delfines que mejor se adapte a ti: en su laguna natural o incluso en aguas abiertas!&lt;br \/&gt;\n&lt;a href=&quot;https:\/\/www.dolphin-academy.com\/es\/&quot; target=&quot;_blank&quot; rel=&quot;noopener noreferrer&quot;&gt;www.dolphin-academy.com&lt;\/a&gt;&lt;\/div&gt;\n&lt;p&gt;\" data-arrowposition=\"top\"><span style=\"background:#ffffff;\"><\/span><\/a><\/div><\/div><\/div>[\/vc_column][\/vc_row][\/vc_section][vc_row full_width=\u00bbstretch_row_content_no_spaces\u00bb el_class=\u00bbmobile_footer_pattern\u00bb][vc_column][vc_single_image image=\u00bb408&#8243; img_size=\u00bbfull\u00bb alignment=\u00bbcenter\u00bb][\/vc_column][\/vc_row]<\/p>\n<\/section>","protected":false},"excerpt":{"rendered":"<p>[vc_section full_width=\u00bbstretch_row_content\u00bb el_class=\u00bbtop-experiences-section contain_width\u00bb css=\u00bb.vc_custom_1578650636667{padding-top: 50px !important;}\u00bb][vc_row][vc_column width=\u00bb5\/12&#8243; el_class=\u00bbslider-section-text-left\u00bb][vc_custom_heading text=\u00bbNuestras Experiencias\u00bb font_container=\u00bbtag:h2|text_align:left|color:%23202020&#8243; use_theme_fonts=\u00bbyes\u00bb][vc_column_text] Desde exploraciones en las maravillas en las profundidades del mar hasta encuentros interactivos<span class=\"excerpt-hellip\"> [\u2026]<\/span><\/p>\n","protected":false},"author":25,"featured_media":0,"parent":0,"menu_order":0,"comment_status":"closed","ping_status":"open","template":"","meta":{"footnotes":"","_wp_rev_ctl_limit":""},"class_list":["post-1611","page","type-page","status-publish","hentry"],"yoast_head":"<!-- This site is optimized with the Yoast SEO plugin v27.5 - https:\/\/yoast.com\/product\/yoast-seo-wordpress\/ -->\n<title>Experimenta la Vida Marina de Curazao | Cura\u00e7ao Sea Aquarium<\/title>\n<meta name=\"description\" content=\"D\u00e9jate sorprender con los colores de la vida marina de Curazao explorando las profundidades del mar e interactuando con los animales marinos.\" \/>\n<meta name=\"robots\" content=\"index, follow, max-snippet:-1, max-image-preview:large, max-video-preview:-1\" \/>\n<link rel=\"canonical\" href=\"https:\/\/curacao-sea-aquarium.com\/es\/\" \/>\n<meta property=\"og:locale\" content=\"es_ES\" \/>\n<meta property=\"og:type\" content=\"article\" \/>\n<meta property=\"og:title\" content=\"Experimenta la Vida Marina de Curazao | Cura\u00e7ao Sea Aquarium\" \/>\n<meta property=\"og:description\" content=\"D\u00e9jate sorprender con los colores de la vida marina de Curazao explorando las profundidades del mar e interactuando con los animales marinos.\" \/>\n<meta property=\"og:url\" content=\"https:\/\/curacao-sea-aquarium.com\/es\/\" \/>\n<meta property=\"og:site_name\" content=\"Curacao Sea Aquarium\" \/>\n<meta property=\"article:modified_time\" content=\"2026-01-24T19:57:57+00:00\" \/>\n<meta name=\"twitter:card\" content=\"summary_large_image\" \/>\n<meta name=\"twitter:label1\" content=\"Tiempo de lectura\" \/>\n\t<meta name=\"twitter:data1\" content=\"7 minutos\" \/>\n<script type=\"application\/ld+json\" class=\"yoast-schema-graph\">{\"@context\":\"https:\\\/\\\/schema.org\",\"@graph\":[{\"@type\":\"WebPage\",\"@id\":\"https:\\\/\\\/curacao-sea-aquarium.com\\\/es\\\/\",\"url\":\"https:\\\/\\\/curacao-sea-aquarium.com\\\/es\\\/\",\"name\":\"Experimenta la Vida Marina de Curazao | Cura\u00e7ao Sea Aquarium\",\"isPartOf\":{\"@id\":\"https:\\\/\\\/curacao-sea-aquarium.com\\\/es\\\/#website\"},\"datePublished\":\"2019-08-26T08:56:12+00:00\",\"dateModified\":\"2026-01-24T19:57:57+00:00\",\"description\":\"D\u00e9jate sorprender con los colores de la vida marina de Curazao explorando las profundidades del mar e interactuando con los animales marinos.\",\"breadcrumb\":{\"@id\":\"https:\\\/\\\/curacao-sea-aquarium.com\\\/es\\\/#breadcrumb\"},\"inLanguage\":\"es\",\"potentialAction\":[{\"@type\":\"ReadAction\",\"target\":[\"https:\\\/\\\/curacao-sea-aquarium.com\\\/es\\\/\"]}]},{\"@type\":\"BreadcrumbList\",\"@id\":\"https:\\\/\\\/curacao-sea-aquarium.com\\\/es\\\/#breadcrumb\",\"itemListElement\":[{\"@type\":\"ListItem\",\"position\":1,\"name\":\"Home\",\"item\":\"https:\\\/\\\/curacao-sea-aquarium.com\\\/es\\\/\"},{\"@type\":\"ListItem\",\"position\":2,\"name\":\"Inicio\"}]},{\"@type\":\"WebSite\",\"@id\":\"https:\\\/\\\/curacao-sea-aquarium.com\\\/es\\\/#website\",\"url\":\"https:\\\/\\\/curacao-sea-aquarium.com\\\/es\\\/\",\"name\":\"Curacao Sea Aquarium\",\"description\":\"Curacao Sea Aquarium\",\"potentialAction\":[{\"@type\":\"SearchAction\",\"target\":{\"@type\":\"EntryPoint\",\"urlTemplate\":\"https:\\\/\\\/curacao-sea-aquarium.com\\\/es\\\/?s={search_term_string}\"},\"query-input\":{\"@type\":\"PropertyValueSpecification\",\"valueRequired\":true,\"valueName\":\"search_term_string\"}}],\"inLanguage\":\"es\"}]}<\/script>\n<!-- \/ Yoast SEO plugin. -->","yoast_head_json":{"title":"Experimenta la Vida Marina de Curazao | Cura\u00e7ao Sea Aquarium","description":"D\u00e9jate sorprender con los colores de la vida marina de Curazao explorando las profundidades del mar e interactuando con los animales marinos.","robots":{"index":"index","follow":"follow","max-snippet":"max-snippet:-1","max-image-preview":"max-image-preview:large","max-video-preview":"max-video-preview:-1"},"canonical":"https:\/\/curacao-sea-aquarium.com\/es\/","og_locale":"es_ES","og_type":"article","og_title":"Experimenta la Vida Marina de Curazao | Cura\u00e7ao Sea Aquarium","og_description":"D\u00e9jate sorprender con los colores de la vida marina de Curazao explorando las profundidades del mar e interactuando con los animales marinos.","og_url":"https:\/\/curacao-sea-aquarium.com\/es\/","og_site_name":"Curacao Sea Aquarium","article_modified_time":"2026-01-24T19:57:57+00:00","twitter_card":"summary_large_image","twitter_misc":{"Tiempo de lectura":"7 minutos"},"schema":{"@context":"https:\/\/schema.org","@graph":[{"@type":"WebPage","@id":"https:\/\/curacao-sea-aquarium.com\/es\/","url":"https:\/\/curacao-sea-aquarium.com\/es\/","name":"Experimenta la Vida Marina de Curazao | Cura\u00e7ao Sea Aquarium","isPartOf":{"@id":"https:\/\/curacao-sea-aquarium.com\/es\/#website"},"datePublished":"2019-08-26T08:56:12+00:00","dateModified":"2026-01-24T19:57:57+00:00","description":"D\u00e9jate sorprender con los colores de la vida marina de Curazao explorando las profundidades del mar e interactuando con los animales marinos.","breadcrumb":{"@id":"https:\/\/curacao-sea-aquarium.com\/es\/#breadcrumb"},"inLanguage":"es","potentialAction":[{"@type":"ReadAction","target":["https:\/\/curacao-sea-aquarium.com\/es\/"]}]},{"@type":"BreadcrumbList","@id":"https:\/\/curacao-sea-aquarium.com\/es\/#breadcrumb","itemListElement":[{"@type":"ListItem","position":1,"name":"Home","item":"https:\/\/curacao-sea-aquarium.com\/es\/"},{"@type":"ListItem","position":2,"name":"Inicio"}]},{"@type":"WebSite","@id":"https:\/\/curacao-sea-aquarium.com\/es\/#website","url":"https:\/\/curacao-sea-aquarium.com\/es\/","name":"Curacao Sea Aquarium","description":"Curacao Sea Aquarium","potentialAction":[{"@type":"SearchAction","target":{"@type":"EntryPoint","urlTemplate":"https:\/\/curacao-sea-aquarium.com\/es\/?s={search_term_string}"},"query-input":{"@type":"PropertyValueSpecification","valueRequired":true,"valueName":"search_term_string"}}],"inLanguage":"es"}]}},"jetpack_sharing_enabled":true,"_links":{"self":[{"href":"https:\/\/curacao-sea-aquarium.com\/es\/wp-json\/wp\/v2\/pages\/1611","targetHints":{"allow":["GET"]}}],"collection":[{"href":"https:\/\/curacao-sea-aquarium.com\/es\/wp-json\/wp\/v2\/pages"}],"about":[{"href":"https:\/\/curacao-sea-aquarium.com\/es\/wp-json\/wp\/v2\/types\/page"}],"author":[{"embeddable":true,"href":"https:\/\/curacao-sea-aquarium.com\/es\/wp-json\/wp\/v2\/users\/25"}],"replies":[{"embeddable":true,"href":"https:\/\/curacao-sea-aquarium.com\/es\/wp-json\/wp\/v2\/comments?post=1611"}],"version-history":[{"count":40,"href":"https:\/\/curacao-sea-aquarium.com\/es\/wp-json\/wp\/v2\/pages\/1611\/revisions"}],"predecessor-version":[{"id":5185,"href":"https:\/\/curacao-sea-aquarium.com\/es\/wp-json\/wp\/v2\/pages\/1611\/revisions\/5185"}],"wp:attachment":[{"href":"https:\/\/curacao-sea-aquarium.com\/es\/wp-json\/wp\/v2\/media?parent=1611"}],"curies":[{"name":"wp","href":"https:\/\/api.w.org\/{rel}","templated":true}]}}