{"id":1569,"date":"2020-01-29T09:11:01","date_gmt":"2020-01-29T09:11:01","guid":{"rendered":"https:\/\/curacao-sea-aquarium.com\/education\/"},"modified":"2020-09-23T18:11:50","modified_gmt":"2020-09-23T22:11:50","slug":"educacion","status":"publish","type":"page","link":"https:\/\/curacao-sea-aquarium.com\/es\/educacion\/","title":{"rendered":"Educaci\u00f3n"},"content":{"rendered":"<section class=\"wpb-content-wrapper\"><p>[vc_section full_width=\u00bbstretch_row\u00bb el_class=\u00bbtop-experiences-section\u00bb css=\u00bb.vc_custom_1579858192129{margin-right: 0px !important;padding-top: 50px !important;padding-right: 0px !important;}\u00bb][vc_row full_width=\u00bbstretch_row\u00bb css=\u00bb.vc_custom_1579770299777{margin-right: 0px !important;padding-right: 0px !important;}\u00bb][vc_column width=\u00bb5\/12&#8243;][vc_custom_heading text=\u00bb\u00a1Disfruta de un d\u00eda divertido y educativo!\u00bb font_container=\u00bbtag:h2|text_align:left|color:%23202020&#8243; use_theme_fonts=\u00bbyes\u00bb][vc_column_text]<\/p>\n<div class=\"page_content\">\u00bfEst\u00e1s buscando un d\u00eda educativo y divertido? Nuestro departamento de educaci\u00f3n ofrece programas educativos de la vida marina para preescolares, jardines de infantes, escuelas primarias, escuelas secundarias, escuelas especiales y escuelas privadas. Tambi\u00e9n ofrece este servicio en formas individuales, paquetes o como proyectos sociales para fundaciones, orfanatos, grupos de planes de vacaciones, grupos comunitarios de iglesias, grupos de personas mayores (60+), clubes y todos los dem\u00e1s, de acuerdo con sus necesidades espec\u00edficas.<\/div>\n<p>[\/vc_column_text][\/vc_column][vc_column width=\u00bb7\/12&#8243; css=\u00bb.vc_custom_1579770907121{margin-right: 0px !important;padding-right: 0px !important;}\u00bb][vc_single_image image=\u00bb1574&#8243; img_size=\u00bbfull\u00bb alignment=\u00bbcenter\u00bb el_class=\u00bbdesktop_show\u00bb css=\u00bb.vc_custom_1581921346687{margin-right: 0px !important;margin-left: 10% !important;padding-right: 0px !important;}\u00bb][\/vc_column][\/vc_row][\/vc_section][vc_section el_class=\u00bbtop-experiences-section\u00bb][vc_row][vc_column][vc_empty_space height=\u00bb10px\u00bb el_class=\u00bbmobile_space\u00bb][\/vc_column][\/vc_row][vc_row full_width=\u00bbstretch_row_content_no_spaces\u00bb el_class=\u00bbdesktop_wave\u00bb css=\u00bb.vc_custom_1582173658501{margin-bottom: -35px !important;}\u00bb][vc_column][vc_single_image image=\u00bb2134&#8243; img_size=\u00bbfull\u00bb alignment=\u00bbcenter\u00bb css=\u00bb.vc_custom_1582173475037{margin-bottom: 0px !important;padding-bottom: 0px !important;}\u00bb][\/vc_column][\/vc_row][vc_row full_width=\u00bbstretch_row\u00bb css=\u00bb.vc_custom_1582173549841{background-color: #f4f2f2 !important;}\u00bb][vc_column width=\u00bb1\/12&#8243;][\/vc_column][vc_column width=\u00bb5\/6&#8243;][vc_empty_space height=\u00bb10px\u00bb el_class=\u00bbmobile_space\u00bb][vc_row_inner][vc_column_inner el_class=\u00bbresearch_box_container f-img-gap\u00bb width=\u00bb5\/12&#8243; css=\u00bb.vc_custom_1588972860214{background-image: url(https:\/\/curacao-sea-aquarium.com\/wp-content\/uploads\/2020\/03\/school-and-shocial-projects.jpg?id=1316) !important;background-position: center !important;background-repeat: no-repeat !important;background-size: cover !important;border-radius: 10px !important;}\u00bb][vc_column_text]<\/p>\n<div class=\"research_box\">\n<div class=\"research_box_content\">\n<h2>Proyectos Escolares y Sociales<\/h2>\n<p><a class=\"vc_general vc_btn3 vc_btn3-size-md vc_btn3-shape-rounded vc_btn3-style-modern vc_btn3-color-grey\" href=\"https:\/\/curacao-sea-aquarium.com\/es\/school-social-projects\/\">M\u00e1s informaci\u00f3n<\/a><\/p>\n<\/div>\n<\/div>\n<p>[\/vc_column_text][\/vc_column_inner][vc_column_inner width=\u00bb1\/6&#8243;][\/vc_column_inner][vc_column_inner el_class=\u00bbresearch_box_container\u00bb width=\u00bb5\/12&#8243; css=\u00bb.vc_custom_1583414251679{background-image: url(https:\/\/curacao-sea-aquarium.com\/wp-content\/uploads\/2020\/03\/youth-activity.jpg?id=1321) !important;background-position: center !important;background-repeat: no-repeat !important;background-size: cover !important;border-radius: 10px !important;}\u00bb][vc_column_text]<\/p>\n<div class=\"research_box\">\n<div class=\"research_box_content\">\n<h2>Actividades Juveniles<\/h2>\n<p><a class=\"vc_general vc_btn3 vc_btn3-size-md vc_btn3-shape-rounded vc_btn3-style-modern vc_btn3-color-grey\" href=\"https:\/\/curacao-sea-aquarium.com\/es\/youth-activities\/\">M\u00e1s informaci\u00f3n<\/a><\/p>\n<\/div>\n<\/div>\n<p>[\/vc_column_text][\/vc_column_inner][\/vc_row_inner][vc_empty_space height=\u00bb10px\u00bb el_class=\u00bbmobile_space\u00bb][\/vc_column][vc_column width=\u00bb1\/12&#8243;][\/vc_column][\/vc_row][\/vc_section]<\/p>\n<\/section>","protected":false},"excerpt":{"rendered":"<p>[vc_section full_width=\u00bbstretch_row\u00bb el_class=\u00bbtop-experiences-section\u00bb css=\u00bb.vc_custom_1579858192129{margin-right: 0px !important;padding-top: 50px !important;padding-right: 0px !important;}\u00bb][vc_row full_width=\u00bbstretch_row\u00bb css=\u00bb.vc_custom_1579770299777{margin-right: 0px !important;padding-right: 0px !important;}\u00bb][vc_column width=\u00bb5\/12&#8243;][vc_custom_heading text=\u00bb\u00a1Disfruta de un d\u00eda divertido y educativo!\u00bb font_container=\u00bbtag:h2|text_align:left|color:%23202020&#8243; use_theme_fonts=\u00bbyes\u00bb][vc_column_text]<span class=\"excerpt-hellip\"> [\u2026]<\/span><\/p>\n","protected":false},"author":25,"featured_media":0,"parent":0,"menu_order":0,"comment_status":"closed","ping_status":"open","template":"","meta":{"footnotes":"","_wp_rev_ctl_limit":""},"class_list":["post-1569","page","type-page","status-publish","hentry"],"yoast_head":"<!-- This site is optimized with the Yoast SEO plugin v27.5 - https:\/\/yoast.com\/product\/yoast-seo-wordpress\/ -->\n<title>Programas Educativos de la Vida Marina | Cura\u00e7ao Sea Aquarium<\/title>\n<meta name=\"description\" content=\"\u00bfEst\u00e1s buscando un d\u00eda educativo y divertido? Nuestro departamento de educaci\u00f3n ofrece diferentes programas educativos sobre la vida marina.\" \/>\n<meta name=\"robots\" content=\"index, follow, max-snippet:-1, max-image-preview:large, max-video-preview:-1\" \/>\n<link rel=\"canonical\" href=\"https:\/\/curacao-sea-aquarium.com\/es\/educacion\/\" \/>\n<meta property=\"og:locale\" content=\"es_ES\" \/>\n<meta property=\"og:type\" content=\"article\" \/>\n<meta property=\"og:title\" content=\"Programas Educativos de la Vida Marina | Cura\u00e7ao Sea Aquarium\" \/>\n<meta property=\"og:description\" content=\"\u00bfEst\u00e1s buscando un d\u00eda educativo y divertido? Nuestro departamento de educaci\u00f3n ofrece diferentes programas educativos sobre la vida marina.\" \/>\n<meta property=\"og:url\" content=\"https:\/\/curacao-sea-aquarium.com\/es\/educacion\/\" \/>\n<meta property=\"og:site_name\" content=\"Curacao Sea Aquarium\" \/>\n<meta property=\"article:modified_time\" content=\"2020-09-23T22:11:50+00:00\" \/>\n<meta name=\"twitter:card\" content=\"summary_large_image\" \/>\n<meta name=\"twitter:label1\" content=\"Tiempo de lectura\" \/>\n\t<meta name=\"twitter:data1\" content=\"2 minutos\" \/>\n<script type=\"application\/ld+json\" class=\"yoast-schema-graph\">{\"@context\":\"https:\\\/\\\/schema.org\",\"@graph\":[{\"@type\":\"WebPage\",\"@id\":\"https:\\\/\\\/curacao-sea-aquarium.com\\\/es\\\/educacion\\\/\",\"url\":\"https:\\\/\\\/curacao-sea-aquarium.com\\\/es\\\/educacion\\\/\",\"name\":\"Programas Educativos de la Vida Marina | Cura\u00e7ao Sea Aquarium\",\"isPartOf\":{\"@id\":\"https:\\\/\\\/curacao-sea-aquarium.com\\\/es\\\/#website\"},\"datePublished\":\"2020-01-29T09:11:01+00:00\",\"dateModified\":\"2020-09-23T22:11:50+00:00\",\"description\":\"\u00bfEst\u00e1s buscando un d\u00eda educativo y divertido? Nuestro departamento de educaci\u00f3n ofrece diferentes programas educativos sobre la vida marina.\",\"breadcrumb\":{\"@id\":\"https:\\\/\\\/curacao-sea-aquarium.com\\\/es\\\/educacion\\\/#breadcrumb\"},\"inLanguage\":\"es\",\"potentialAction\":[{\"@type\":\"ReadAction\",\"target\":[\"https:\\\/\\\/curacao-sea-aquarium.com\\\/es\\\/educacion\\\/\"]}]},{\"@type\":\"BreadcrumbList\",\"@id\":\"https:\\\/\\\/curacao-sea-aquarium.com\\\/es\\\/educacion\\\/#breadcrumb\",\"itemListElement\":[{\"@type\":\"ListItem\",\"position\":1,\"name\":\"Home\",\"item\":\"https:\\\/\\\/curacao-sea-aquarium.com\\\/es\\\/\"},{\"@type\":\"ListItem\",\"position\":2,\"name\":\"Educaci\u00f3n\"}]},{\"@type\":\"WebSite\",\"@id\":\"https:\\\/\\\/curacao-sea-aquarium.com\\\/es\\\/#website\",\"url\":\"https:\\\/\\\/curacao-sea-aquarium.com\\\/es\\\/\",\"name\":\"Curacao Sea Aquarium\",\"description\":\"Curacao Sea Aquarium\",\"potentialAction\":[{\"@type\":\"SearchAction\",\"target\":{\"@type\":\"EntryPoint\",\"urlTemplate\":\"https:\\\/\\\/curacao-sea-aquarium.com\\\/es\\\/?s={search_term_string}\"},\"query-input\":{\"@type\":\"PropertyValueSpecification\",\"valueRequired\":true,\"valueName\":\"search_term_string\"}}],\"inLanguage\":\"es\"}]}<\/script>\n<!-- \/ Yoast SEO plugin. -->","yoast_head_json":{"title":"Programas Educativos de la Vida Marina | Cura\u00e7ao Sea Aquarium","description":"\u00bfEst\u00e1s buscando un d\u00eda educativo y divertido? Nuestro departamento de educaci\u00f3n ofrece diferentes programas educativos sobre la vida marina.","robots":{"index":"index","follow":"follow","max-snippet":"max-snippet:-1","max-image-preview":"max-image-preview:large","max-video-preview":"max-video-preview:-1"},"canonical":"https:\/\/curacao-sea-aquarium.com\/es\/educacion\/","og_locale":"es_ES","og_type":"article","og_title":"Programas Educativos de la Vida Marina | Cura\u00e7ao Sea Aquarium","og_description":"\u00bfEst\u00e1s buscando un d\u00eda educativo y divertido? Nuestro departamento de educaci\u00f3n ofrece diferentes programas educativos sobre la vida marina.","og_url":"https:\/\/curacao-sea-aquarium.com\/es\/educacion\/","og_site_name":"Curacao Sea Aquarium","article_modified_time":"2020-09-23T22:11:50+00:00","twitter_card":"summary_large_image","twitter_misc":{"Tiempo de lectura":"2 minutos"},"schema":{"@context":"https:\/\/schema.org","@graph":[{"@type":"WebPage","@id":"https:\/\/curacao-sea-aquarium.com\/es\/educacion\/","url":"https:\/\/curacao-sea-aquarium.com\/es\/educacion\/","name":"Programas Educativos de la Vida Marina | Cura\u00e7ao Sea Aquarium","isPartOf":{"@id":"https:\/\/curacao-sea-aquarium.com\/es\/#website"},"datePublished":"2020-01-29T09:11:01+00:00","dateModified":"2020-09-23T22:11:50+00:00","description":"\u00bfEst\u00e1s buscando un d\u00eda educativo y divertido? Nuestro departamento de educaci\u00f3n ofrece diferentes programas educativos sobre la vida marina.","breadcrumb":{"@id":"https:\/\/curacao-sea-aquarium.com\/es\/educacion\/#breadcrumb"},"inLanguage":"es","potentialAction":[{"@type":"ReadAction","target":["https:\/\/curacao-sea-aquarium.com\/es\/educacion\/"]}]},{"@type":"BreadcrumbList","@id":"https:\/\/curacao-sea-aquarium.com\/es\/educacion\/#breadcrumb","itemListElement":[{"@type":"ListItem","position":1,"name":"Home","item":"https:\/\/curacao-sea-aquarium.com\/es\/"},{"@type":"ListItem","position":2,"name":"Educaci\u00f3n"}]},{"@type":"WebSite","@id":"https:\/\/curacao-sea-aquarium.com\/es\/#website","url":"https:\/\/curacao-sea-aquarium.com\/es\/","name":"Curacao Sea Aquarium","description":"Curacao Sea Aquarium","potentialAction":[{"@type":"SearchAction","target":{"@type":"EntryPoint","urlTemplate":"https:\/\/curacao-sea-aquarium.com\/es\/?s={search_term_string}"},"query-input":{"@type":"PropertyValueSpecification","valueRequired":true,"valueName":"search_term_string"}}],"inLanguage":"es"}]}},"jetpack_sharing_enabled":true,"_links":{"self":[{"href":"https:\/\/curacao-sea-aquarium.com\/es\/wp-json\/wp\/v2\/pages\/1569","targetHints":{"allow":["GET"]}}],"collection":[{"href":"https:\/\/curacao-sea-aquarium.com\/es\/wp-json\/wp\/v2\/pages"}],"about":[{"href":"https:\/\/curacao-sea-aquarium.com\/es\/wp-json\/wp\/v2\/types\/page"}],"author":[{"embeddable":true,"href":"https:\/\/curacao-sea-aquarium.com\/es\/wp-json\/wp\/v2\/users\/25"}],"replies":[{"embeddable":true,"href":"https:\/\/curacao-sea-aquarium.com\/es\/wp-json\/wp\/v2\/comments?post=1569"}],"version-history":[{"count":7,"href":"https:\/\/curacao-sea-aquarium.com\/es\/wp-json\/wp\/v2\/pages\/1569\/revisions"}],"predecessor-version":[{"id":2759,"href":"https:\/\/curacao-sea-aquarium.com\/es\/wp-json\/wp\/v2\/pages\/1569\/revisions\/2759"}],"wp:attachment":[{"href":"https:\/\/curacao-sea-aquarium.com\/es\/wp-json\/wp\/v2\/media?parent=1569"}],"curies":[{"name":"wp","href":"https:\/\/api.w.org\/{rel}","templated":true}]}}