{"id":1557,"date":"2019-12-05T11:05:05","date_gmt":"2019-12-05T11:05:05","guid":{"rendered":"https:\/\/curacao-sea-aquarium.com\/curacao-sea-aquarium\/"},"modified":"2025-10-08T11:53:21","modified_gmt":"2025-10-08T15:53:21","slug":"curacao-sea-aquarium","status":"publish","type":"page","link":"https:\/\/curacao-sea-aquarium.com\/es\/experiencias\/curacao-sea-aquarium\/","title":{"rendered":"Cura\u00e7ao Sea Aquarium"},"content":{"rendered":"<section class=\"wpb-content-wrapper\"><p>[vc_row el_class=\u00bbbook-btn-row\u00bb][vc_column][vc_btn title=\u00bbReservar Ahora\u00bb align=\u00bbcenter\u00bb link=\u00bburl:https%3A%2F%2Fbook.peek.com%2Fs%2F8c37114c-9c60-4163-9690-d637ba5bf3f8%2FrxPJy|||\u00bb el_class=\u00bbsubheader_book-btn\u00bb][\/vc_column][\/vc_row][vc_section el_class=\u00bbtop-experiences-section\u00bb][vc_row][vc_column width=\u00bb1\/2&#8243;][vc_custom_heading text=\u00bb\u00a1Experimenta las maravillas del mar!\u00bb font_container=\u00bbtag:h2|text_align:left|color:%23202020&#8243; use_theme_fonts=\u00bbyes\u00bb][vc_column_text]<\/p>\n<div class=\"text_content text_cnt_bold\">Cura\u00e7ao Sea Aquarium es el lugar principal de Curazao para la exploraci\u00f3n de la vida marina. Utilizamos un sistema de aguas abiertas en nuestras instalaciones, lo que significa que el agua de mar fresca se bombea continuamente al acuario y se devuelve al mar a trav\u00e9s de desbordamientos, creando entornos naturales para todas las criaturas marinas sin usar qu\u00edmicos o filtros. Esto hace que Cura\u00e7ao Sea Aquarium sea uno de los acuarios marinos m\u00e1s \u00fanicos del mundo.<br \/>\nEn Cura\u00e7ao Sea Aquarium puedes disfrutar de las maravillas del mar sin tener que mojarte. \u00a1Ven a experimentarlo por ti mismo y aseg\u00farate de traer tu c\u00e1mara!<\/div>\n<p>[\/vc_column_text][vc_empty_space height=\u00bb30px\u00bb el_class=\u00bbmobile_space\u00bb][\/vc_column][vc_column width=\u00bb1\/2&#8243; el_class=\u00bbno_shadow\u00bb][vc_single_image image=\u00bb3646&#8243; img_size=\u00bbfull\u00bb][\/vc_column][\/vc_row][\/vc_section][vc_section full_width=\u00bbstretch_row\u00bb css=\u00bb.vc_custom_1588941267845{background-image: url(https:\/\/curacao-sea-aquarium.com\/wp-content\/uploads\/2019\/12\/water-bg2.jpg?id=442) !important;background-position: center !important;background-repeat: no-repeat !important;background-size: cover !important;}\u00bb el_class=\u00bbblue_bg\u00bb][vc_row css=\u00bb.vc_custom_1576131799421{padding-top: 20px !important;}\u00bb][vc_column][vc_custom_heading text=\u00bbSobre tu experiencia\u00bb font_container=\u00bbtag:h2|text_align:center|color:%23ffffff\u00bb use_theme_fonts=\u00bbyes\u00bb][vc_empty_space][vc_row_inner el_class=\u00bbtab_sm_grid\u00bb][vc_column_inner width=\u00bb1\/3&#8243;]<div class=\"icon_box icon_position_top no_border\"><div class=\"image_wrapper\"><img loading=\"lazy\" decoding=\"async\" class=\"scale-with-grid\" src=\"https:\/\/curacao-sea-aquarium.com\/wp-content\/uploads\/2020\/01\/hourglass-2.png\" alt=\"hourglass\" width=\"54\" height=\"85\"\/><\/div><div class=\"desc_wrapper\"><h4 class=\"title\">Horario de apertura<\/h4><div class=\"desc\">8:00 am &#8211; 5:00 pm<\/div><\/div><\/div>\n[\/vc_column_inner][vc_column_inner width=\u00bb1\/3&#8243;]<div class=\"icon_box icon_position_top no_border\"><div class=\"image_wrapper\"><img loading=\"lazy\" decoding=\"async\" class=\"scale-with-grid\" src=\"https:\/\/curacao-sea-aquarium.com\/wp-content\/uploads\/2021\/02\/dias-abiertos-e1614094130427.png\" alt=\"dias abiertos\" width=\"85\" height=\"85\"\/><\/div><div class=\"desc_wrapper\"><h4 class=\"title\">TODO EL A\u00d1O<\/h4><div class=\"desc\">Abierto de Martes a S\u00e1bado<\/div><\/div><\/div>\n[\/vc_column_inner][vc_column_inner width=\u00bb1\/3&#8243;]<div class=\"icon_box icon_position_top no_border\"><div class=\"image_wrapper\"><img loading=\"lazy\" decoding=\"async\" class=\"scale-with-grid\" src=\"https:\/\/curacao-sea-aquarium.com\/wp-content\/uploads\/2020\/01\/business-and-finance-1.png\" alt=\"business-and-finance\" width=\"85\" height=\"85\"\/><\/div><div class=\"desc_wrapper\"><h4 class=\"title\">Servicios<\/h4><div class=\"desc\">Terraza de comidas y bebidas y tienda de regalos disponibles<\/div><\/div><\/div>\n[\/vc_column_inner][\/vc_row_inner][\/vc_column][\/vc_row][vc_row full_width=\u00bbstretch_row_content_no_spaces\u00bb css=\u00bb.vc_custom_1576223246331{margin-top: 0px !important;margin-bottom: -35px !important;}\u00bb el_class=\u00bbdesktop_wave\u00bb][vc_column][vc_single_image image=\u00bb1989&#8243; img_size=\u00bbfull\u00bb alignment=\u00bbcenter\u00bb css=\u00bb.vc_custom_1576135486252{margin-bottom: 0px !important;}\u00bb][\/vc_column][\/vc_row][vc_row full_width=\u00bbstretch_row_content_no_spaces\u00bb css=\u00bb.vc_custom_1576223257261{margin-top: 0px !important;margin-bottom: -35px !important;}\u00bb el_class=\u00bbmobile_wave\u00bb][vc_column][vc_single_image image=\u00bb492&#8243; img_size=\u00bbfull\u00bb alignment=\u00bbcenter\u00bb css=\u00bb.vc_custom_1576223230709{margin-bottom: 0px !important;}\u00bb][\/vc_column][\/vc_row][\/vc_section][vc_section el_class=\u00bbprice_section price-desk-view\u00bb][vc_row][vc_column width=\u00bb1\/2&#8243; el_class=\u00bblist_items\u00bb][vc_custom_heading text=\u00bbActividades\u00bb font_container=\u00bbtag:h2|text_align:left|color:%23202020&#8243; use_theme_fonts=\u00bbyes\u00bb][vc_empty_space height=\u00bb\u00bb][vc_column_text]<\/p>\n<ul>\n<li style=\"font-weight: 400;\"><span style=\"font-weight: 400;\">Esta experiencia incluye una variedad de acuarios con muchas especies de vida marina<\/span><\/li>\n<li style=\"font-weight: 400;\"><span style=\"font-weight: 400;\">Alimentar a las langostas<\/span><\/li>\n<li style=\"font-weight: 400;\"><span style=\"font-weight: 400;\">Alimentar a los tiburones<\/span><\/li>\n<li style=\"font-weight: 400;\"><span style=\"font-weight: 400;\">Alimentar a los flamencos<\/span><\/li>\n<li style=\"font-weight: 400;\"><span style=\"font-weight: 400;\">Ver la demostraci\u00f3n de entrenamiento con delfines (Dolphin Training Demonstration)<\/span><\/li>\n<\/ul>\n<p>[\/vc_column_text][vc_custom_heading text=\u00bbComparte tu experiencia en Facebook!\u00bb font_container=\u00bbtag:h2|font_size:25px|text_align:left|color:%23202020|line_height:30px\u00bb use_theme_fonts=\u00bbyes\u00bb][vc_column_text]<div class=\"addtoany_shortcode\"><div class=\"a2a_kit a2a_kit_size_40 addtoany_list\" data-a2a-url=\"https:\/\/curacao-sea-aquarium.com\/es\/experiencias\/curacao-sea-aquarium\/\" data-a2a-title=\"Cura\u00e7ao Sea Aquarium\"><a class=\"a2a_button_facebook\" href=\"https:\/\/www.addtoany.com\/add_to\/facebook?linkurl=https%3A%2F%2Fcuracao-sea-aquarium.com%2Fes%2Fexperiencias%2Fcuracao-sea-aquarium%2F&amp;linkname=Cura%C3%A7ao%20Sea%20Aquarium\" title=\"Facebook\" rel=\"nofollow noopener\" target=\"_blank\"><\/a><\/div><\/div>[\/vc_column_text][\/vc_column][vc_column width=\u00bb1\/2&#8243;][vc_row_inner css=\u00bb.vc_custom_1581396710208{margin-top: -50px !important;}\u00bb][vc_column_inner el_class=\u00bbcirc_1&#8243; width=\u00bb1\/2&#8243;][vc_column_text]<\/p>\n<div class=\"price_circle circle_1\">\n<div class=\"price_content\">\n<div class=\"top_heading\">A\u00f1os 12+<\/div>\n<div class=\"price\"><small class=\"c-sign\">$20<\/small><\/div>\n<p><a href=\"https:\/\/www.peek.com\/s\/8c37114c-9c60-4163-9690-d637ba5bf3f8\/VaDzo\">Reservar Ahora<\/a><\/p>\n<\/div>\n<\/div>\n<p>[\/vc_column_text][\/vc_column_inner][vc_column_inner el_class=\u00bbcirc_2&#8243; width=\u00bb1\/2&#8243;][vc_column_text]<\/p>\n<div class=\"price_circle circle_2\">\n<div class=\"price_content\">\n<div class=\"top_heading\">A\u00f1os 5-12<\/div>\n<div class=\"price\"><small class=\"c-sign\">$10<\/small><\/div>\n<p><a href=\"https:\/\/www.peek.com\/s\/8c37114c-9c60-4163-9690-d637ba5bf3f8\/VaDzo\">Reservar Ahora<\/a><\/p>\n<\/div>\n<\/div>\n<p>[\/vc_column_text][\/vc_column_inner][\/vc_row_inner][vc_row_inner][vc_column_inner el_class=\u00bbcirc_3&#8243;][vc_column_text]<\/p>\n<div class=\"price_circle circle_1 circle_3\">\n<div class=\"price_content resident_rate\">\n<div class=\"top_heading\">Tarifa para residentes<\/div>\n<p><a href=\"https:\/\/book.peek.com\/s\/8c37114c-9c60-4163-9690-d637ba5bf3f8\/NWpdW\">Reservar Ahora<\/a><\/p>\n<\/div>\n<\/div>\n<p>[\/vc_column_text][\/vc_column_inner][\/vc_row_inner][\/vc_column][\/vc_row][\/vc_section][vc_section el_class=\u00bbprice_section price-mob-view\u00bb][vc_row][vc_column width=\u00bb1\/2&#8243; el_class=\u00bblist_items\u00bb][vc_custom_heading text=\u00bbActividades\u00bb font_container=\u00bbtag:h2|text_align:left|color:%23202020&#8243; use_theme_fonts=\u00bbyes\u00bb][vc_empty_space height=\u00bb\u00bb][vc_column_text]<\/p>\n<ul>\n<li style=\"font-weight: 400;\"><span style=\"font-weight: 400;\">Esta experiencia incluye una variedad de acuarios con muchas especies de vida marina<\/span><\/li>\n<li style=\"font-weight: 400;\"><span style=\"font-weight: 400;\">Alimentar a las langostas<\/span><\/li>\n<li style=\"font-weight: 400;\"><span style=\"font-weight: 400;\">Alimentar a los tiburones<\/span><\/li>\n<li style=\"font-weight: 400;\"><span style=\"font-weight: 400;\">Alimentar a los flamencos<\/span><\/li>\n<li style=\"font-weight: 400;\"><span style=\"font-weight: 400;\">Ver la demostraci\u00f3n de entrenamiento con delfines (Dolphin Training Demonstration)<\/span><\/li>\n<\/ul>\n<p>[\/vc_column_text][vc_custom_heading text=\u00bbComparte tu experiencia en Facebook!\u00bb font_container=\u00bbtag:h2|font_size:25px|text_align:left|color:%23202020|line_height:30px\u00bb use_theme_fonts=\u00bbyes\u00bb][vc_column_text]<div class=\"addtoany_shortcode\"><div class=\"a2a_kit a2a_kit_size_40 addtoany_list\" data-a2a-url=\"https:\/\/curacao-sea-aquarium.com\/es\/experiencias\/curacao-sea-aquarium\/\" data-a2a-title=\"Cura\u00e7ao Sea Aquarium\"><a class=\"a2a_button_facebook\" href=\"https:\/\/www.addtoany.com\/add_to\/facebook?linkurl=https%3A%2F%2Fcuracao-sea-aquarium.com%2Fes%2Fexperiencias%2Fcuracao-sea-aquarium%2F&amp;linkname=Cura%C3%A7ao%20Sea%20Aquarium\" title=\"Facebook\" rel=\"nofollow noopener\" target=\"_blank\"><\/a><\/div><\/div>[\/vc_column_text][\/vc_column][vc_column width=\u00bb1\/2&#8243;][vc_row_inner][vc_column_inner width=\u00bb1\/2&#8243;][vc_column_text]<\/p>\n<div class=\"price_circle circle_1\">\n<div class=\"price_content\">\n<div class=\"top_heading\">A\u00f1os 12+<\/div>\n<div class=\"price\"><small class=\"c-sign\">$20<\/small><\/div>\n<p><a href=\"https:\/\/www.peek.com\/s\/8c37114c-9c60-4163-9690-d637ba5bf3f8\/VaDzo\">Reservar Ahora<\/a><\/p>\n<\/div>\n<\/div>\n<p>[\/vc_column_text][\/vc_column_inner][vc_column_inner width=\u00bb1\/2&#8243;][vc_column_text]<\/p>\n<div class=\"price_circle circle_2\">\n<div class=\"price_content\">\n<div class=\"top_heading\">A\u00f1os 5-12<\/div>\n<div class=\"price\"><small class=\"c-sign\">$10<\/small><\/div>\n<p><a href=\"https:\/\/www.peek.com\/s\/8c37114c-9c60-4163-9690-d637ba5bf3f8\/VaDzo\">Reservar Ahora<\/a><\/p>\n<\/div>\n<\/div>\n<p>[\/vc_column_text][\/vc_column_inner][\/vc_row_inner][vc_row_inner][vc_column_inner css=\u00bb.vc_custom_1581310081917{margin-top: -35px !important;}\u00bb][vc_column_text]<\/p>\n<div class=\"price_circle circle_1 circle_3\">\n<div class=\"price_content resident_rate\">\n<div class=\"top_heading\">Tarifa para residentes<\/div>\n<p><a href=\"https:\/\/book.peek.com\/s\/8c37114c-9c60-4163-9690-d637ba5bf3f8\/NWpdW\">Reservar Ahora<\/a><\/p>\n<\/div>\n<\/div>\n<p>[\/vc_column_text][\/vc_column_inner][\/vc_row_inner][\/vc_column][\/vc_row][\/vc_section][vc_section full_width=\u00bbstretch_row\u00bb el_class=\u00bbexperience_section\u00bb css=\u00bb.vc_custom_1575352906412{padding-top: 50px !important;background-color: #f4f3f3 !important;}\u00bb][vc_row][vc_column][youtube video=\u00bbhttps:\/\/youtu.be\/bI5jgZYXp7M\u00bb autoplay=\u00bbtrue\u00bb mute=\u00bbtrue\u00bb allowfullscreen=\u00bbtrue\u00bb loop=\u00bbtrue\u00bb iv_load_policy=\u00bbtrue\u00bb autohide=\u00bbDefault\u00bb controls=\u00bbAlways\u00bb modestbranding=\u00bbtrue\u00bb showinfo=\u00bbtrue\u00bb][vc_empty_space height=\u00bb50px\u00bb][\/vc_column][\/vc_row][vc_row el_class=\u00bbexperience_row\u00bb][vc_column][vc_custom_heading text=\u00bbM\u00e1s Experiencias\u00bb font_container=\u00bbtag:h2|text_align:left|color:%23202020&#8243; use_theme_fonts=\u00bbyes\u00bb][vc_row_inner css=\u00bb.vc_custom_1579668964251{margin-bottom: 0px !important;padding-top: 30px !important;}\u00bb el_class=\u00bbtab_sm_grid\u00bb][vc_column_inner width=\u00bb5\/6&#8243;][vc_column_text]<div class='white' style='background:rgba(0,0,0,0); border:solid 0px rgba(0,0,0,0); border-radius:5px; padding:0px 0px 0px 0px;'>\n<div id='sample_slider' class='owl-carousel sa_owl_theme autohide-arrows' data-slider-id='sample_slider' style='visibility:hidden;'>\n<div id='sample_slider_slide01' class='sa_hover_container' style='padding:15% 10%; margin:0px 3%; background-image:url(&quot;https:\/\/curacao-sea-aquarium.com\/wp-content\/uploads\/2022\/02\/ocean-lens2-1.png&quot;); background-position:left top; background-size:cover; background-repeat:no-repeat; '><div class=\"exp_box\">\r\n<div class=\"exp_content\">\r\n<h2><a href=\"https:\/\/curacao-sea-aquarium.com\/es\/experiencias\/ocean-lens\/\">Ocean Lens<\/a><\/h2>\r\n<p><a href=\"https:\/\/curacao-sea-aquarium.com\/es\/experiencias\/ocean-lens\/\">S\u00e9 testigo de todas las maravillas y colores de la vida marina de Curazao en nuestra experiencia Ocean Lens, sin tener que mojarte.<\/a><\/p>\r\n<a class=\"button\" href=\"https:\/\/www.peek.com\/s\/8c37114c-9c60-4163-9690-d637ba5bf3f8\/wXxZe\" data-button-text=\"Reservar Ahora\">Reservar Ahora <\/a><\/div>\r\n<\/div><\/div>\n<div id='sample_slider_slide02' class='sa_hover_container' style='padding:15% 10%; margin:0px 3%; background-image:url(&quot;https:\/\/curacao-sea-aquarium.com\/wp-content\/uploads\/2022\/02\/AnimalEncounters.jpg&quot;); background-position:left top; background-size:cover; background-repeat:no-repeat; '><div class=\"exp_box\">\r\n<div class=\"exp_content\">\r\n<h2><a href=\"https:\/\/curacao-sea-aquarium.com\/es\/experiencias\/animal-encounters\/\">Animal Encounters<\/a><\/h2>\r\n<p><a href=\"https:\/\/curacao-sea-aquarium.com\/es\/experiencias\/animal-encounters\/\">Experimenta la emoci\u00f3n de acercarte a una gran variedad de vida marina en nuestra experiencia Animal Encounters.<\/a><\/p>\r\n<a class=\"button\" href=\"https:\/\/www.peek.com\/s\/8c37114c-9c60-4163-9690-d637ba5bf3f8\/YwKoJ\" data-button-text=\"Reservar Ahora\">Reservar Ahora <\/a><\/div>\r\n<\/div><\/div>\n<\/div>\n<\/div>\n<script type='text\/javascript'>\n\tdocument.addEventListener('DOMContentLoaded', function() {\n\t\tjQuery('#sample_slider').owlCarousel({\n\t\t\tresponsive:{\n\t\t\t\t0:{ items:1 },\n\t\t\t\t480:{ items:2 },\n\t\t\t\t768:{ items:2 },\n\t\t\t\t980:{ items:2 },\n\t\t\t\t1200:{ items:2 },\n\t\t\t\t1500:{ items:2 }\n\t\t\t},\n\t\t\tautoplay : true,\n\t\t\tautoplayTimeout : 30000,\n\t\t\tautoplayHoverPause : false,\n\t\t\tsmartSpeed : 200,\n\t\t\tfluidSpeed : 200,\n\t\t\tautoplaySpeed : 200,\n\t\t\tnavSpeed : 200,\n\t\t\tdotsSpeed : 200,\n\t\t\tloop : false,\n\t\t\tnav : true,\n\t\t\tnavText : ['Previous','Next'],\n\t\t\tdots : false,\n\t\t\tresponsiveRefreshRate : 200,\n\t\t\tslideBy : 1,\n\t\t\tmergeFit : true,\n\t\t\tautoHeight : false,\n\t\t\tmouseDrag : true,\n\t\t\ttouchDrag : true\n\t\t});\n\t\tjQuery('#sample_slider').css('visibility', 'visible');\n\t\tsa_resize_sample_slider();\n\t\twindow.addEventListener('resize', sa_resize_sample_slider);\n\t\tfunction sa_resize_sample_slider() {\n\t\t\tvar min_height = '50';\n\t\t\tvar win_width = jQuery(window).width();\n\t\t\tvar slider_width = jQuery('#sample_slider').width();\n\t\t\tif (win_width < 480) {\n\t\t\t\tvar slide_width = slider_width \/ 1;\n\t\t\t} else if (win_width < 768) {\n\t\t\t\tvar slide_width = slider_width \/ 2;\n\t\t\t} else if (win_width < 980) {\n\t\t\t\tvar slide_width = slider_width \/ 2;\n\t\t\t} else if (win_width < 1200) {\n\t\t\t\tvar slide_width = slider_width \/ 2;\n\t\t\t} else if (win_width < 1500) {\n\t\t\t\tvar slide_width = slider_width \/ 2;\n\t\t\t} else {\n\t\t\t\tvar slide_width = slider_width \/ 2;\n\t\t\t}\n\t\t\tslide_width = Math.round(slide_width);\n\t\t\tvar slide_height = '0';\n\t\t\tif (min_height == 'aspect43') {\n\t\t\t\tslide_height = (slide_width \/ 4) * 3;\t\t\t\tslide_height = Math.round(slide_height);\n\t\t\t} else if (min_height == 'aspect169') {\n\t\t\t\tslide_height = (slide_width \/ 16) * 9;\t\t\t\tslide_height = Math.round(slide_height);\n\t\t\t} else {\n\t\t\t\tslide_height = (slide_width \/ 100) * min_height;\t\t\t\tslide_height = Math.round(slide_height);\n\t\t\t}\n\t\t\tjQuery('#sample_slider .owl-item .sa_hover_container').css('min-height', slide_height+'px');\n\t\t}\n\t\tvar owl_goto = jQuery('#sample_slider');\n\t\tjQuery('.sample_slider_goto1').click(function(event){\n\t\t\towl_goto.trigger('to.owl.carousel', 0);\n\t\t});\n\t\tjQuery('.sample_slider_goto2').click(function(event){\n\t\t\towl_goto.trigger('to.owl.carousel', 1);\n\t\t});\n\t\tvar resize_2201 = jQuery('.owl-carousel');\n\t\tresize_2201.on('initialized.owl.carousel', function(e) {\n\t\t\tif (typeof(Event) === 'function') {\n\t\t\t\twindow.dispatchEvent(new Event('resize'));\n\t\t\t} else {\n\t\t\t\tvar evt = window.document.createEvent('UIEvents');\n\t\t\t\tevt.initUIEvent('resize', true, false, window, 0);\n\t\t\t\twindow.dispatchEvent(evt);\n\t\t\t}\n\t\t});\n\t});\n<\/script>\n[\/vc_column_text][\/vc_column_inner][vc_column_inner width=\u00bb1\/6&#8243;][\/vc_column_inner][\/vc_row_inner][\/vc_column][\/vc_row][\/vc_section][vc_row full_width=\u00bbstretch_row_content_no_spaces\u00bb el_class=\u00bbmobile_wave\u00bb][vc_column][vc_single_image image=\u00bb501&#8243; img_size=\u00bbfull\u00bb css=\u00bb.vc_custom_1576223582568{margin-bottom: -35px !important;}\u00bb][\/vc_column][\/vc_row]<\/p>\n<\/section>","protected":false},"excerpt":{"rendered":"<p>[vc_row el_class=\u00bbbook-btn-row\u00bb][vc_column][vc_btn title=\u00bbReservar Ahora\u00bb align=\u00bbcenter\u00bb link=\u00bburl:https%3A%2F%2Fbook.peek.com%2Fs%2F8c37114c-9c60-4163-9690-d637ba5bf3f8%2FrxPJy|||\u00bb el_class=\u00bbsubheader_book-btn\u00bb][\/vc_column][\/vc_row][vc_section el_class=\u00bbtop-experiences-section\u00bb][vc_row][vc_column width=\u00bb1\/2&#8243;][vc_custom_heading text=\u00bb\u00a1Experimenta las maravillas del mar!\u00bb font_container=\u00bbtag:h2|text_align:left|color:%23202020&#8243; use_theme_fonts=\u00bbyes\u00bb][vc_column_text] Cura\u00e7ao Sea Aquarium es el lugar principal de Curazao para<span class=\"excerpt-hellip\"> [\u2026]<\/span><\/p>\n","protected":false},"author":25,"featured_media":0,"parent":1578,"menu_order":0,"comment_status":"closed","ping_status":"closed","template":"","meta":{"footnotes":"","_wp_rev_ctl_limit":""},"class_list":["post-1557","page","type-page","status-publish","hentry"],"yoast_head":"<!-- This site is optimized with the Yoast SEO plugin v27.5 - https:\/\/yoast.com\/product\/yoast-seo-wordpress\/ -->\n<title>El Mejor Lugar para Explorar la Vida Marina | Cura\u00e7ao Sea Aquarium<\/title>\n<meta name=\"description\" content=\"Somos uno de los acuarios marinos m\u00e1s \u00fanicos del mundo y un lugar principal para la exploraci\u00f3n de la vida marina en Curazao.\" \/>\n<meta name=\"robots\" content=\"index, follow, max-snippet:-1, max-image-preview:large, max-video-preview:-1\" \/>\n<link rel=\"canonical\" href=\"https:\/\/curacao-sea-aquarium.com\/es\/experiencias\/curacao-sea-aquarium\/\" \/>\n<meta property=\"og:locale\" content=\"es_ES\" \/>\n<meta property=\"og:type\" content=\"article\" \/>\n<meta property=\"og:title\" content=\"El Mejor Lugar para Explorar la Vida Marina | Cura\u00e7ao Sea Aquarium\" \/>\n<meta property=\"og:description\" content=\"Somos uno de los acuarios marinos m\u00e1s \u00fanicos del mundo y un lugar principal para la exploraci\u00f3n de la vida marina en Curazao.\" \/>\n<meta property=\"og:url\" content=\"https:\/\/curacao-sea-aquarium.com\/es\/experiencias\/curacao-sea-aquarium\/\" \/>\n<meta property=\"og:site_name\" content=\"Curacao Sea Aquarium\" \/>\n<meta property=\"article:modified_time\" content=\"2025-10-08T15:53:21+00:00\" \/>\n<meta name=\"twitter:card\" content=\"summary_large_image\" \/>\n<meta name=\"twitter:label1\" content=\"Tiempo de lectura\" \/>\n\t<meta name=\"twitter:data1\" content=\"4 minutos\" \/>\n<script type=\"application\/ld+json\" class=\"yoast-schema-graph\">{\"@context\":\"https:\\\/\\\/schema.org\",\"@graph\":[{\"@type\":\"WebPage\",\"@id\":\"https:\\\/\\\/curacao-sea-aquarium.com\\\/es\\\/experiencias\\\/curacao-sea-aquarium\\\/\",\"url\":\"https:\\\/\\\/curacao-sea-aquarium.com\\\/es\\\/experiencias\\\/curacao-sea-aquarium\\\/\",\"name\":\"El Mejor Lugar para Explorar la Vida Marina | Cura\u00e7ao Sea Aquarium\",\"isPartOf\":{\"@id\":\"https:\\\/\\\/curacao-sea-aquarium.com\\\/es\\\/#website\"},\"datePublished\":\"2019-12-05T11:05:05+00:00\",\"dateModified\":\"2025-10-08T15:53:21+00:00\",\"description\":\"Somos uno de los acuarios marinos m\u00e1s \u00fanicos del mundo y un lugar principal para la exploraci\u00f3n de la vida marina en Curazao.\",\"breadcrumb\":{\"@id\":\"https:\\\/\\\/curacao-sea-aquarium.com\\\/es\\\/experiencias\\\/curacao-sea-aquarium\\\/#breadcrumb\"},\"inLanguage\":\"es\",\"potentialAction\":[{\"@type\":\"ReadAction\",\"target\":[\"https:\\\/\\\/curacao-sea-aquarium.com\\\/es\\\/experiencias\\\/curacao-sea-aquarium\\\/\"]}]},{\"@type\":\"BreadcrumbList\",\"@id\":\"https:\\\/\\\/curacao-sea-aquarium.com\\\/es\\\/experiencias\\\/curacao-sea-aquarium\\\/#breadcrumb\",\"itemListElement\":[{\"@type\":\"ListItem\",\"position\":1,\"name\":\"Home\",\"item\":\"https:\\\/\\\/curacao-sea-aquarium.com\\\/es\\\/\"},{\"@type\":\"ListItem\",\"position\":2,\"name\":\"Experiencias\",\"item\":\"https:\\\/\\\/curacao-sea-aquarium.com\\\/es\\\/experiencias\\\/\"},{\"@type\":\"ListItem\",\"position\":3,\"name\":\"Cura\u00e7ao Sea Aquarium\"}]},{\"@type\":\"WebSite\",\"@id\":\"https:\\\/\\\/curacao-sea-aquarium.com\\\/es\\\/#website\",\"url\":\"https:\\\/\\\/curacao-sea-aquarium.com\\\/es\\\/\",\"name\":\"Curacao Sea Aquarium\",\"description\":\"Curacao Sea Aquarium\",\"potentialAction\":[{\"@type\":\"SearchAction\",\"target\":{\"@type\":\"EntryPoint\",\"urlTemplate\":\"https:\\\/\\\/curacao-sea-aquarium.com\\\/es\\\/?s={search_term_string}\"},\"query-input\":{\"@type\":\"PropertyValueSpecification\",\"valueRequired\":true,\"valueName\":\"search_term_string\"}}],\"inLanguage\":\"es\"}]}<\/script>\n<!-- \/ Yoast SEO plugin. -->","yoast_head_json":{"title":"El Mejor Lugar para Explorar la Vida Marina | Cura\u00e7ao Sea Aquarium","description":"Somos uno de los acuarios marinos m\u00e1s \u00fanicos del mundo y un lugar principal para la exploraci\u00f3n de la vida marina en Curazao.","robots":{"index":"index","follow":"follow","max-snippet":"max-snippet:-1","max-image-preview":"max-image-preview:large","max-video-preview":"max-video-preview:-1"},"canonical":"https:\/\/curacao-sea-aquarium.com\/es\/experiencias\/curacao-sea-aquarium\/","og_locale":"es_ES","og_type":"article","og_title":"El Mejor Lugar para Explorar la Vida Marina | Cura\u00e7ao Sea Aquarium","og_description":"Somos uno de los acuarios marinos m\u00e1s \u00fanicos del mundo y un lugar principal para la exploraci\u00f3n de la vida marina en Curazao.","og_url":"https:\/\/curacao-sea-aquarium.com\/es\/experiencias\/curacao-sea-aquarium\/","og_site_name":"Curacao Sea Aquarium","article_modified_time":"2025-10-08T15:53:21+00:00","twitter_card":"summary_large_image","twitter_misc":{"Tiempo de lectura":"4 minutos"},"schema":{"@context":"https:\/\/schema.org","@graph":[{"@type":"WebPage","@id":"https:\/\/curacao-sea-aquarium.com\/es\/experiencias\/curacao-sea-aquarium\/","url":"https:\/\/curacao-sea-aquarium.com\/es\/experiencias\/curacao-sea-aquarium\/","name":"El Mejor Lugar para Explorar la Vida Marina | Cura\u00e7ao Sea Aquarium","isPartOf":{"@id":"https:\/\/curacao-sea-aquarium.com\/es\/#website"},"datePublished":"2019-12-05T11:05:05+00:00","dateModified":"2025-10-08T15:53:21+00:00","description":"Somos uno de los acuarios marinos m\u00e1s \u00fanicos del mundo y un lugar principal para la exploraci\u00f3n de la vida marina en Curazao.","breadcrumb":{"@id":"https:\/\/curacao-sea-aquarium.com\/es\/experiencias\/curacao-sea-aquarium\/#breadcrumb"},"inLanguage":"es","potentialAction":[{"@type":"ReadAction","target":["https:\/\/curacao-sea-aquarium.com\/es\/experiencias\/curacao-sea-aquarium\/"]}]},{"@type":"BreadcrumbList","@id":"https:\/\/curacao-sea-aquarium.com\/es\/experiencias\/curacao-sea-aquarium\/#breadcrumb","itemListElement":[{"@type":"ListItem","position":1,"name":"Home","item":"https:\/\/curacao-sea-aquarium.com\/es\/"},{"@type":"ListItem","position":2,"name":"Experiencias","item":"https:\/\/curacao-sea-aquarium.com\/es\/experiencias\/"},{"@type":"ListItem","position":3,"name":"Cura\u00e7ao Sea Aquarium"}]},{"@type":"WebSite","@id":"https:\/\/curacao-sea-aquarium.com\/es\/#website","url":"https:\/\/curacao-sea-aquarium.com\/es\/","name":"Curacao Sea Aquarium","description":"Curacao Sea Aquarium","potentialAction":[{"@type":"SearchAction","target":{"@type":"EntryPoint","urlTemplate":"https:\/\/curacao-sea-aquarium.com\/es\/?s={search_term_string}"},"query-input":{"@type":"PropertyValueSpecification","valueRequired":true,"valueName":"search_term_string"}}],"inLanguage":"es"}]}},"jetpack_sharing_enabled":true,"_links":{"self":[{"href":"https:\/\/curacao-sea-aquarium.com\/es\/wp-json\/wp\/v2\/pages\/1557","targetHints":{"allow":["GET"]}}],"collection":[{"href":"https:\/\/curacao-sea-aquarium.com\/es\/wp-json\/wp\/v2\/pages"}],"about":[{"href":"https:\/\/curacao-sea-aquarium.com\/es\/wp-json\/wp\/v2\/types\/page"}],"author":[{"embeddable":true,"href":"https:\/\/curacao-sea-aquarium.com\/es\/wp-json\/wp\/v2\/users\/25"}],"replies":[{"embeddable":true,"href":"https:\/\/curacao-sea-aquarium.com\/es\/wp-json\/wp\/v2\/comments?post=1557"}],"version-history":[{"count":37,"href":"https:\/\/curacao-sea-aquarium.com\/es\/wp-json\/wp\/v2\/pages\/1557\/revisions"}],"predecessor-version":[{"id":5081,"href":"https:\/\/curacao-sea-aquarium.com\/es\/wp-json\/wp\/v2\/pages\/1557\/revisions\/5081"}],"up":[{"embeddable":true,"href":"https:\/\/curacao-sea-aquarium.com\/es\/wp-json\/wp\/v2\/pages\/1578"}],"wp:attachment":[{"href":"https:\/\/curacao-sea-aquarium.com\/es\/wp-json\/wp\/v2\/media?parent=1557"}],"curies":[{"name":"wp","href":"https:\/\/api.w.org\/{rel}","templated":true}]}}