{"id":1523,"date":"2019-12-19T04:17:03","date_gmt":"2019-12-19T04:17:03","guid":{"rendered":"https:\/\/curacao-sea-aquarium.com\/contact\/"},"modified":"2022-10-04T12:26:08","modified_gmt":"2022-10-04T16:26:08","slug":"contacto","status":"publish","type":"page","link":"https:\/\/curacao-sea-aquarium.com\/es\/contacto\/","title":{"rendered":"Contacto"},"content":{"rendered":"<section class=\"wpb-content-wrapper\"><p>[vc_section full_width=\u00bbstretch_row\u00bb el_class=\u00bbpatter_footer\u00bb][vc_row][vc_column width=\u00bb1\/2&#8243; css=\u00bb.vc_custom_1577678397951{padding-right: 10% !important;}\u00bb][vc_empty_space height=\u00bb5px\u00bb][vc_custom_heading text=\u00bbCura\u00e7ao Sea Aquarium\u00bb font_container=\u00bbtag:h2|text_align:left|color:%23202020&#8243; use_theme_fonts=\u00bbyes\u00bb][vc_empty_space height=\u00bb\u00bb][vc_custom_heading text=\u00bbHorario de apertura\u00bb font_container=\u00bbtag:h4|text_align:left|color:%23202020&#8243; use_theme_fonts=\u00bbyes\u00bb][vc_column_text]<\/p>\n<div class=\"page_content\">Martes a S\u00e1bado<br \/>\n8:00 am \u2013 5:00 pm<br \/>\n<i>Boletos de entrada a la venta hasta las 4:00 pm<\/i><\/div>\n<p>[\/vc_column_text][vc_custom_heading text=\u00bbDatos de contacto\u00bb font_container=\u00bbtag:h4|text_align:left|color:%23202020&#8243; use_theme_fonts=\u00bbyes\u00bb][vc_column_text]<\/p>\n<div class=\"page_content\">Bapor Kibra z\/n Willemstad<br \/>\nCura\u00e7ao<br \/>\n<a href=\"tel:+59994616666\">(+5999) 461 6666<\/a><br \/>\n<a href=\"mailto:info@csapark.com\">info@csapark.com<\/a><\/div>\n<p>[\/vc_column_text][vc_empty_space height=\u00bb5px\u00bb][\/vc_column][vc_column width=\u00bb1\/2&#8243;][vc_empty_space height=\u00bb5px\u00bb][vc_custom_heading text=\u00bbCont\u00e1ctenos\u00bb font_container=\u00bbtag:h2|text_align:left|color:%23202020&#8243; use_theme_fonts=\u00bbyes\u00bb css=\u00bb.vc_custom_1588689476924{padding-left: 10px !important;}\u00bb][vc_empty_space height=\u00bb\u00bb]\n<div class=\"wpcf7 no-js\" id=\"wpcf7-f2644-o1\" lang=\"es-ES\" dir=\"ltr\" data-wpcf7-id=\"2644\">\n<div class=\"screen-reader-response\"><p role=\"status\" aria-live=\"polite\" aria-atomic=\"true\"><\/p> <ul><\/ul><\/div>\n<form action=\"\/es\/wp-json\/wp\/v2\/pages\/1523#wpcf7-f2644-o1\" method=\"post\" class=\"wpcf7-form init\" aria-label=\"Formulario de contacto\" novalidate=\"novalidate\" data-status=\"init\">\n<fieldset class=\"hidden-fields-container\"><input type=\"hidden\" name=\"_wpcf7\" value=\"2644\" \/><input type=\"hidden\" name=\"_wpcf7_version\" value=\"6.1.5\" \/><input type=\"hidden\" name=\"_wpcf7_locale\" value=\"es_ES\" \/><input type=\"hidden\" name=\"_wpcf7_unit_tag\" value=\"wpcf7-f2644-o1\" \/><input type=\"hidden\" name=\"_wpcf7_container_post\" value=\"0\" \/><input type=\"hidden\" name=\"_wpcf7_posted_data_hash\" value=\"\" \/><input type=\"hidden\" name=\"_wpcf7_recaptcha_response\" value=\"\" \/>\n<\/fieldset>\n<div class=\"contact-form\">\n\t<div class=\"vc_col-sm-6 input_field\">\n\t\t<p><span class=\"wpcf7-form-control-wrap\" data-name=\"fname\"><input size=\"40\" maxlength=\"400\" class=\"wpcf7-form-control wpcf7-text wpcf7-validates-as-required\" aria-required=\"true\" aria-invalid=\"false\" placeholder=\"Name\" value=\"\" type=\"text\" name=\"fname\" \/><\/span>\n\t\t<\/p>\n\t<\/div>\n\t<div class=\"vc_col-sm-6 input_field\">\n\t\t<p><span class=\"wpcf7-form-control-wrap\" data-name=\"email\"><input size=\"40\" maxlength=\"400\" class=\"wpcf7-form-control wpcf7-email wpcf7-validates-as-required wpcf7-text wpcf7-validates-as-email\" aria-required=\"true\" aria-invalid=\"false\" placeholder=\"Email address\" value=\"\" type=\"email\" name=\"email\" \/><\/span>\n\t\t<\/p>\n\t<\/div>\n\t<div class=\"vc_col-sm-12 input_field\">\n\t\t<p><span class=\"wpcf7-form-control-wrap\" data-name=\"message\"><textarea cols=\"40\" rows=\"10\" maxlength=\"2000\" class=\"wpcf7-form-control wpcf7-textarea\" aria-invalid=\"false\" placeholder=\"Your message\" name=\"message\"><\/textarea><\/span>\n\t\t<\/p>\n\t<\/div>\n<\/div>\n<p><input class=\"wpcf7-form-control wpcf7-submit has-spinner\" type=\"submit\" value=\"Send Now\" \/>\n<\/p><p style=\"display: none !important;\" class=\"akismet-fields-container\" data-prefix=\"_wpcf7_ak_\"><label>&#916;<textarea name=\"_wpcf7_ak_hp_textarea\" cols=\"45\" rows=\"8\" maxlength=\"100\"><\/textarea><\/label><input type=\"hidden\" id=\"ak_js_1\" name=\"_wpcf7_ak_js\" value=\"69\"\/><script type=\"text\/javascript\">\n\/* <![CDATA[ *\/\ndocument.getElementById( \"ak_js_1\" ).setAttribute( \"value\", ( new Date() ).getTime() );\n\/* ]]> *\/\n<\/script>\n<\/p><div class=\"wpcf7-response-output\" aria-hidden=\"true\"><\/div>\n<\/form>\n<\/div>\n[vc_empty_space height=\u00bb5px\u00bb][\/vc_column][\/vc_row][\/vc_section][vc_section css=\u00bb.vc_custom_1583991604325{padding-top: 0px !important;}\u00bb el_class=\u00bbcont_map\u00bb][vc_row full_width=\u00bbstretch_row_content_no_spaces\u00bb][vc_column][vc_column_text css=\u00bb.vc_custom_1584331925833{margin-bottom: 0px !important;padding-bottom: 0px !important;}\u00bb]<iframe loading=\"lazy\" style=\"border: 0;\" src=\"https:\/\/www.google.com\/maps\/embed?pb=!1m14!1m8!1m3!1d124762.43021539759!2d-69.07577875897066!3d12.260055267970868!3m2!1i1024!2i768!4f13.1!3m3!1m2!1s0x0%3A0xc7c1092eb2362580!2sCura%C3%A7ao%20Sea%20Aquarium!5e0!3m2!1sen!2sin!4v1580444929006!5m2!1sen!2sin\" width=\"100%\" height=\"550\" frameborder=\"0\" allowfullscreen=\"allowfullscreen\"><\/iframe>[\/vc_column_text][\/vc_column][\/vc_row][\/vc_section][vc_row full_width=\u00bbstretch_row_content_no_spaces\u00bb css=\u00bb.vc_custom_1583991355162{margin-bottom: 0px !important;padding-bottom: 0px !important;}\u00bb el_class=\u00bbmobile_wave\u00bb][vc_column css=\u00bb.vc_custom_1576222743790{margin-bottom: 0px !important;padding-bottom: 0px !important;}\u00bb][vc_single_image image=\u00bb501&#8243; img_size=\u00bbfull\u00bb css=\u00bb.vc_custom_1576222829494{margin-bottom: -35px !important;padding-bottom: 0px !important;}\u00bb][\/vc_column][\/vc_row][vc_row][vc_column][vc_column_text]<\/p>\n<p>[\/vc_column_text][\/vc_column][\/vc_row]<\/p>\n<\/section>","protected":false},"excerpt":{"rendered":"<p>[vc_section full_width=\u00bbstretch_row\u00bb el_class=\u00bbpatter_footer\u00bb][vc_row][vc_column width=\u00bb1\/2&#8243; css=\u00bb.vc_custom_1577678397951{padding-right: 10% !important;}\u00bb][vc_empty_space height=\u00bb5px\u00bb][vc_custom_heading text=\u00bbCura\u00e7ao Sea Aquarium\u00bb font_container=\u00bbtag:h2|text_align:left|color:%23202020&#8243; use_theme_fonts=\u00bbyes\u00bb][vc_empty_space height=\u00bb\u00bb][vc_custom_heading text=\u00bbHorario de apertura\u00bb font_container=\u00bbtag:h4|text_align:left|color:%23202020&#8243; use_theme_fonts=\u00bbyes\u00bb][vc_column_text] Martes a S\u00e1bado 8:00 am \u2013 5:00<span class=\"excerpt-hellip\"> [\u2026]<\/span><\/p>\n","protected":false},"author":25,"featured_media":0,"parent":0,"menu_order":0,"comment_status":"closed","ping_status":"open","template":"","meta":{"footnotes":"","_wp_rev_ctl_limit":""},"class_list":["post-1523","page","type-page","status-publish","hentry"],"yoast_head":"<!-- This site is optimized with the Yoast SEO plugin v27.4 - https:\/\/yoast.com\/product\/yoast-seo-wordpress\/ -->\n<title>Datos de Contacto | Horario de Apertura | Cura\u00e7ao Sea Aquarium<\/title>\n<meta name=\"description\" content=\"\u00bfQuieres m\u00e1s informaci\u00f3n sobre Cura\u00e7ao Sea Aquarium? \u00a1P\u00f3ngase en contacto con nosotros hoy! Vea nuestro horario de apertura y datos de contacto aqu\u00ed.\" \/>\n<meta name=\"robots\" content=\"index, follow, max-snippet:-1, max-image-preview:large, max-video-preview:-1\" \/>\n<link rel=\"canonical\" href=\"https:\/\/curacao-sea-aquarium.com\/es\/contacto\/\" \/>\n<meta property=\"og:locale\" content=\"es_ES\" \/>\n<meta property=\"og:type\" content=\"article\" \/>\n<meta property=\"og:title\" content=\"Datos de Contacto | Horario de Apertura | Cura\u00e7ao Sea Aquarium\" \/>\n<meta property=\"og:description\" content=\"\u00bfQuieres m\u00e1s informaci\u00f3n sobre Cura\u00e7ao Sea Aquarium? \u00a1P\u00f3ngase en contacto con nosotros hoy! Vea nuestro horario de apertura y datos de contacto aqu\u00ed.\" \/>\n<meta property=\"og:url\" content=\"https:\/\/curacao-sea-aquarium.com\/es\/contacto\/\" \/>\n<meta property=\"og:site_name\" content=\"Curacao Sea Aquarium\" \/>\n<meta property=\"article:modified_time\" content=\"2022-10-04T16:26:08+00:00\" \/>\n<meta name=\"twitter:card\" content=\"summary_large_image\" \/>\n<meta name=\"twitter:label1\" content=\"Tiempo de lectura\" \/>\n\t<meta name=\"twitter:data1\" content=\"1 minuto\" \/>\n<script type=\"application\/ld+json\" class=\"yoast-schema-graph\">{\"@context\":\"https:\\\/\\\/schema.org\",\"@graph\":[{\"@type\":\"WebPage\",\"@id\":\"https:\\\/\\\/curacao-sea-aquarium.com\\\/es\\\/contacto\\\/\",\"url\":\"https:\\\/\\\/curacao-sea-aquarium.com\\\/es\\\/contacto\\\/\",\"name\":\"Datos de Contacto | Horario de Apertura | Cura\u00e7ao Sea Aquarium\",\"isPartOf\":{\"@id\":\"https:\\\/\\\/curacao-sea-aquarium.com\\\/es\\\/#website\"},\"datePublished\":\"2019-12-19T04:17:03+00:00\",\"dateModified\":\"2022-10-04T16:26:08+00:00\",\"description\":\"\u00bfQuieres m\u00e1s informaci\u00f3n sobre Cura\u00e7ao Sea Aquarium? \u00a1P\u00f3ngase en contacto con nosotros hoy! Vea nuestro horario de apertura y datos de contacto aqu\u00ed.\",\"breadcrumb\":{\"@id\":\"https:\\\/\\\/curacao-sea-aquarium.com\\\/es\\\/contacto\\\/#breadcrumb\"},\"inLanguage\":\"es\",\"potentialAction\":[{\"@type\":\"ReadAction\",\"target\":[\"https:\\\/\\\/curacao-sea-aquarium.com\\\/es\\\/contacto\\\/\"]}]},{\"@type\":\"BreadcrumbList\",\"@id\":\"https:\\\/\\\/curacao-sea-aquarium.com\\\/es\\\/contacto\\\/#breadcrumb\",\"itemListElement\":[{\"@type\":\"ListItem\",\"position\":1,\"name\":\"Home\",\"item\":\"https:\\\/\\\/curacao-sea-aquarium.com\\\/es\\\/\"},{\"@type\":\"ListItem\",\"position\":2,\"name\":\"Contacto\"}]},{\"@type\":\"WebSite\",\"@id\":\"https:\\\/\\\/curacao-sea-aquarium.com\\\/es\\\/#website\",\"url\":\"https:\\\/\\\/curacao-sea-aquarium.com\\\/es\\\/\",\"name\":\"Curacao Sea Aquarium\",\"description\":\"Curacao Sea Aquarium\",\"potentialAction\":[{\"@type\":\"SearchAction\",\"target\":{\"@type\":\"EntryPoint\",\"urlTemplate\":\"https:\\\/\\\/curacao-sea-aquarium.com\\\/es\\\/?s={search_term_string}\"},\"query-input\":{\"@type\":\"PropertyValueSpecification\",\"valueRequired\":true,\"valueName\":\"search_term_string\"}}],\"inLanguage\":\"es\"}]}<\/script>\n<!-- \/ Yoast SEO plugin. -->","yoast_head_json":{"title":"Datos de Contacto | Horario de Apertura | Cura\u00e7ao Sea Aquarium","description":"\u00bfQuieres m\u00e1s informaci\u00f3n sobre Cura\u00e7ao Sea Aquarium? \u00a1P\u00f3ngase en contacto con nosotros hoy! Vea nuestro horario de apertura y datos de contacto aqu\u00ed.","robots":{"index":"index","follow":"follow","max-snippet":"max-snippet:-1","max-image-preview":"max-image-preview:large","max-video-preview":"max-video-preview:-1"},"canonical":"https:\/\/curacao-sea-aquarium.com\/es\/contacto\/","og_locale":"es_ES","og_type":"article","og_title":"Datos de Contacto | Horario de Apertura | Cura\u00e7ao Sea Aquarium","og_description":"\u00bfQuieres m\u00e1s informaci\u00f3n sobre Cura\u00e7ao Sea Aquarium? \u00a1P\u00f3ngase en contacto con nosotros hoy! Vea nuestro horario de apertura y datos de contacto aqu\u00ed.","og_url":"https:\/\/curacao-sea-aquarium.com\/es\/contacto\/","og_site_name":"Curacao Sea Aquarium","article_modified_time":"2022-10-04T16:26:08+00:00","twitter_card":"summary_large_image","twitter_misc":{"Tiempo de lectura":"1 minuto"},"schema":{"@context":"https:\/\/schema.org","@graph":[{"@type":"WebPage","@id":"https:\/\/curacao-sea-aquarium.com\/es\/contacto\/","url":"https:\/\/curacao-sea-aquarium.com\/es\/contacto\/","name":"Datos de Contacto | Horario de Apertura | Cura\u00e7ao Sea Aquarium","isPartOf":{"@id":"https:\/\/curacao-sea-aquarium.com\/es\/#website"},"datePublished":"2019-12-19T04:17:03+00:00","dateModified":"2022-10-04T16:26:08+00:00","description":"\u00bfQuieres m\u00e1s informaci\u00f3n sobre Cura\u00e7ao Sea Aquarium? \u00a1P\u00f3ngase en contacto con nosotros hoy! Vea nuestro horario de apertura y datos de contacto aqu\u00ed.","breadcrumb":{"@id":"https:\/\/curacao-sea-aquarium.com\/es\/contacto\/#breadcrumb"},"inLanguage":"es","potentialAction":[{"@type":"ReadAction","target":["https:\/\/curacao-sea-aquarium.com\/es\/contacto\/"]}]},{"@type":"BreadcrumbList","@id":"https:\/\/curacao-sea-aquarium.com\/es\/contacto\/#breadcrumb","itemListElement":[{"@type":"ListItem","position":1,"name":"Home","item":"https:\/\/curacao-sea-aquarium.com\/es\/"},{"@type":"ListItem","position":2,"name":"Contacto"}]},{"@type":"WebSite","@id":"https:\/\/curacao-sea-aquarium.com\/es\/#website","url":"https:\/\/curacao-sea-aquarium.com\/es\/","name":"Curacao Sea Aquarium","description":"Curacao Sea Aquarium","potentialAction":[{"@type":"SearchAction","target":{"@type":"EntryPoint","urlTemplate":"https:\/\/curacao-sea-aquarium.com\/es\/?s={search_term_string}"},"query-input":{"@type":"PropertyValueSpecification","valueRequired":true,"valueName":"search_term_string"}}],"inLanguage":"es"}]}},"jetpack_sharing_enabled":true,"_links":{"self":[{"href":"https:\/\/curacao-sea-aquarium.com\/es\/wp-json\/wp\/v2\/pages\/1523","targetHints":{"allow":["GET"]}}],"collection":[{"href":"https:\/\/curacao-sea-aquarium.com\/es\/wp-json\/wp\/v2\/pages"}],"about":[{"href":"https:\/\/curacao-sea-aquarium.com\/es\/wp-json\/wp\/v2\/types\/page"}],"author":[{"embeddable":true,"href":"https:\/\/curacao-sea-aquarium.com\/es\/wp-json\/wp\/v2\/users\/25"}],"replies":[{"embeddable":true,"href":"https:\/\/curacao-sea-aquarium.com\/es\/wp-json\/wp\/v2\/comments?post=1523"}],"version-history":[{"count":14,"href":"https:\/\/curacao-sea-aquarium.com\/es\/wp-json\/wp\/v2\/pages\/1523\/revisions"}],"predecessor-version":[{"id":4017,"href":"https:\/\/curacao-sea-aquarium.com\/es\/wp-json\/wp\/v2\/pages\/1523\/revisions\/4017"}],"wp:attachment":[{"href":"https:\/\/curacao-sea-aquarium.com\/es\/wp-json\/wp\/v2\/media?parent=1523"}],"curies":[{"name":"wp","href":"https:\/\/api.w.org\/{rel}","templated":true}]}}